{"id":823,"date":"2024-02-21T20:39:22","date_gmt":"2024-02-21T20:39:22","guid":{"rendered":"https:\/\/lynkcm.com\/?page_id=823"},"modified":"2025-10-09T11:33:19","modified_gmt":"2025-10-09T11:33:19","slug":"privacy","status":"publish","type":"page","link":"https:\/\/lynkcm.com\/pt\/privacy","title":{"rendered":"Privacidade"},"content":{"rendered":"<div data-elementor-type=\"wp-page\" data-elementor-id=\"823\" class=\"elementor elementor-823\" data-elementor-post-type=\"page\">\n\t\t\t\t<div class=\"elementor-element elementor-element-1002fb62 e-flex e-con-boxed e-con e-parent\" data-id=\"1002fb62\" data-element_type=\"container\">\n\t\t\t\t\t<div class=\"e-con-inner\">\n\t\t\t\t<div class=\"elementor-element elementor-element-d3071f5 elementor-widget elementor-widget-heading\" data-id=\"d3071f5\" data-element_type=\"widget\" data-widget_type=\"heading.default\">\n\t\t\t\t<div class=\"elementor-widget-container\">\n\t\t\t\t\t<h2 class=\"elementor-heading-title elementor-size-default\">Nota sobre privacidade de dados<\/h2>\t\t\t\t<\/div>\n\t\t\t\t<\/div>\n\t\t\t\t<div class=\"elementor-element elementor-element-96e7bd4 elementor-widget-divider--view-line elementor-widget elementor-widget-divider\" data-id=\"96e7bd4\" data-element_type=\"widget\" data-widget_type=\"divider.default\">\n\t\t\t\t<div class=\"elementor-widget-container\">\n\t\t\t\t\t\t\t<div class=\"elementor-divider\">\n\t\t\t<span class=\"elementor-divider-separator\">\n\t\t\t\t\t\t<\/span>\n\t\t<\/div>\n\t\t\t\t\t\t<\/div>\n\t\t\t\t<\/div>\n\t\t\t\t<div class=\"elementor-element elementor-element-2f920200 elementor-widget elementor-widget-text-editor\" data-id=\"2f920200\" data-element_type=\"widget\" data-widget_type=\"text-editor.default\">\n\t\t\t\t<div class=\"elementor-widget-container\">\n\t\t\t\t\t\t\t\t\t<h3><strong>Introdu\u00e7\u00e3o\u00a0<\/strong><\/h3>\n<p style=\"font-weight: 400;\">O objetivo deste aviso \u00e9 inform\u00e1-lo sobre como coletamos, usamos e protegemos seus dados pessoais de acordo com a Lei de Prote\u00e7\u00e3o de Dados das Ilhas Cayman (Revis\u00e3o de 2021) (a \u201c<strong>DPL<\/strong>\u201d). A DPL baseia-se em princ\u00edpios de prote\u00e7\u00e3o de dados reconhecidos internacionalmente e estabelece uma estrutura de direitos e obriga\u00e7\u00f5es projetada para fornecer aos indiv\u00edduos maior controle sobre seus dados pessoais. A Lynk Capital Markets Ltd. (\u201c<strong>Lynk<\/strong>\u201d) atua como controlador de dados em rela\u00e7\u00e3o aos dados pessoais que processa e tem o compromisso de lidar com esses dados de forma legal, justa e segura. Este aviso resume como e por que processamos dados pessoais e os direitos dispon\u00edveis para os indiv\u00edduos de acordo com a DPL.<\/p>\n<p style=\"font-weight: 400;\">Neste aviso, as refer\u00eancias a \u201c<strong>n\u00f3s<\/strong>,\u201d \u201c<strong>n\u00f3s<\/strong>,\u201d e \u201c<strong>nosso<\/strong>\u201d significa a Lynk e, quando aplic\u00e1vel, suas afiliadas, subsidi\u00e1rias e quaisquer delegados, prestadores de servi\u00e7os ou agentes agindo em seu nome.<\/p>\n<h3><strong>Dados pessoais\u00a0<\/strong><\/h3>\n<p>Em virtude de suas intera\u00e7\u00f5es conosco e de voc\u00ea nos fornecer informa\u00e7\u00f5es pessoais de indiv\u00edduos ligados a voc\u00ea (incluindo, por exemplo, diretores, administradores, funcion\u00e1rios, representantes, acionistas, investidores, clientes, benefici\u00e1rios efetivos ou agentes), determinadas informa\u00e7\u00f5es pessoais fornecidas por voc\u00ea podem constituir dados pessoais de acordo com o significado da DPL (\u201c<strong>Dados pessoais<\/strong>\u201d). Tamb\u00e9m podemos obter Dados Pessoais de outras fontes p\u00fablicas. Os Dados Pessoais incluem, sem limita\u00e7\u00e3o, as seguintes informa\u00e7\u00f5es relacionadas a voc\u00ea e\/ou a quaisquer indiv\u00edduos ligados a voc\u00ea como investidor: nome, endere\u00e7o residencial, endere\u00e7o de e-mail, detalhes de contato, informa\u00e7\u00f5es de contato corporativo, assinatura, nacionalidade, local de nascimento, data de nascimento, identifica\u00e7\u00e3o fiscal, hist\u00f3rico de cr\u00e9dito, registros de correspond\u00eancia, n\u00famero do passaporte, detalhes da conta banc\u00e1ria, detalhes da fonte de recursos e detalhes relacionados \u00e0 sua atividade de investimento.\u00a0<\/p>\n<p>Em nosso uso de Dados Pessoais, a Lynk pode ser caracterizada como \u201ccontroladora de dados\u201d para os fins da LPD. Al\u00e9m disso, n\u00f3s ou nossos fundos, seus afiliados e delegados poder\u00e3o atuar como \u2019processadores de dados\u201c para os fins da LPD.\u00a0<\/p>\n<p><strong>Quem isso afeta\u00a0<\/strong><br \/>Se voc\u00ea for uma pessoa f\u00edsica, isso o afetar\u00e1 diretamente. Se voc\u00ea for um investidor corporativo que nos fornece Dados Pessoais sobre indiv\u00edduos conectados a voc\u00ea por qualquer motivo em rela\u00e7\u00e3o \u00e0s suas negocia\u00e7\u00f5es conosco, isso ser\u00e1 relevante para esses indiv\u00edduos e voc\u00ea dever\u00e1 transmitir este documento a esses indiv\u00edduos ou de outra forma inform\u00e1-los sobre seu conte\u00fado.\u00a0<\/p>\n<p><strong>Como podemos usar seus dados pessoais\u00a0<\/strong><br \/>A Lynk, como controladora de dados, pode coletar, armazenar e usar os Dados Pessoais para fins legais, incluindo, em particular:\u00a0<\/p>\n<div class=\"is-layout-constrained wp-block-group inside-margin\">\n<div class=\"wp-block-group__inner-container\">\n<p><strong>(i)<\/strong>\u00a0Quando isso for necess\u00e1rio para o desempenho de nossos direitos e obriga\u00e7\u00f5es nos termos de nossos acordos com voc\u00ea, incluindo, entre outros, aqueles descritos nos Documentos do Programa relevantes, incluindo, entre outros, os Contratos de Assinatura, Termos e\/ou outros documentos constitucionais e operacionais.\u00a0<\/p>\n<p><strong>(ii)<\/strong>\u00a0\u00a0Quando isso for necess\u00e1rio para o cumprimento de uma obriga\u00e7\u00e3o legal e regulamentar \u00e0 qual estamos sujeitos (como o cumprimento de requisitos de combate \u00e0 lavagem de dinheiro); e\/ou\u00a0<\/p>\n<p><strong>(iii)\u00a0<\/strong>\u00a0Quando isso for necess\u00e1rio para os fins de nossos interesses leg\u00edtimos e esses interesses n\u00e3o forem sobrepostos por seus interesses, direitos ou liberdades fundamentais.\u00a0<\/p>\n<\/div>\n<\/div>\n<p>Nossos prestadores de servi\u00e7os podem usar os Dados Pessoais, por exemplo, para fornecer seus servi\u00e7os ou para cumprir os requisitos legais ou regulamentares que se aplicam diretamente a eles, mas esse uso dos Dados Pessoais pelo Administrador ser\u00e1 compat\u00edvel com pelo menos uma das finalidades acima mencionadas para as quais processamos os Dados Pessoais.\u00a0<\/p>\n<p>Se desejarmos usar os Dados do Investidor para outras finalidades espec\u00edficas (incluindo, se aplic\u00e1vel, qualquer finalidade que exija seu consentimento), entraremos em contato com voc\u00ea.\u00a0<\/p>\n<p><strong>Por que podemos transferir seus dados pessoais\u00a0<\/strong><br \/>Em determinadas circunst\u00e2ncias, n\u00f3s e\/ou nossas afiliadas ou delegados autorizados podemos ser legalmente obrigados a compartilhar Dados Pessoais e outras informa\u00e7\u00f5es com as autoridades regulat\u00f3rias relevantes, como a Autoridade Monet\u00e1ria das Ilhas Cayman ou a Autoridade de Informa\u00e7\u00f5es Fiscais. Essas autoridades, por sua vez, podem trocar essas informa\u00e7\u00f5es com autoridades estrangeiras, inclusive autoridades fiscais.\u00a0<\/p>\n<p>Prevemos a divulga\u00e7\u00e3o de Dados Pessoais a partes que prestam servi\u00e7os e suas respectivas afiliadas (que podem incluir determinadas entidades localizadas fora das Ilhas Cayman ou do Espa\u00e7o Econ\u00f4mico Europeu), que processar\u00e3o seus dados pessoais em nosso nome. Essas partes podem incluir, na medida do aplic\u00e1vel:\u00a0<\/p>\n<div class=\"is-layout-constrained wp-block-group inside-margin\">\n<div class=\"wp-block-group__inner-container\">\n<p><strong>(i)\u00a0<\/strong>\u00a0Custodiantes, administradores e\/ou subadministradores, conforme estabelecido nos documentos do programa; e\u00a0<\/p>\n<p><strong>(ii)<\/strong>\u00a0\u00a0Consultores de investimento, contadores, auditores, custodiantes, deposit\u00e1rios, consultores financeiros, advogados e outros consultores profissionais externos do Fundo.<\/p>\n<\/div>\n<\/div>\n<h3><strong>As medidas de prote\u00e7\u00e3o de dados que tomamos\u00a0<\/strong><\/h3>\n<p>Qualquer transfer\u00eancia de Dados Pessoais feita por n\u00f3s ou por nossas afiliadas e\/ou delegados devidamente autorizados fora das Ilhas Cayman dever\u00e1 estar de acordo com as exig\u00eancias da DPL.\u00a0<\/p>\n<p>N\u00f3s e nossas afiliadas e\/ou delegados devidamente autorizados aplicaremos medidas de seguran\u00e7a de informa\u00e7\u00f5es t\u00e9cnicas e organizacionais apropriadas, projetadas para proteger contra o processamento n\u00e3o autorizado ou ilegal dos Dados do Investidor e contra perda ou destrui\u00e7\u00e3o acidental ou danos aos Dados do Investidor.\u00a0<\/p>\n<p>N\u00f3s o notificaremos sobre qualquer viola\u00e7\u00e3o dos Dados do Investidor que tenha probabilidade razo\u00e1vel de resultar em um risco aos interesses, direitos fundamentais ou liberdades do usu\u00e1rio ou dos titulares dos dados aos quais os Dados do Investidor relevantes se referem.<\/p>\n<div class=\"wp-block-spacer\" aria-hidden=\"true\">\u00a0<\/div>\n<hr class=\"wp-block-separator has-alpha-channel-opacity is-style-wide\" \/>\n<div class=\"is-layout-flex wp-container-5 wp-block-columns\">\n<div class=\"is-layout-flow wp-block-column\">\n<p><b><br \/>Como entrar em contato\u00a0<br \/><\/b><span style=\"font-size: inherit; text-align: var(--text-align); color: var(--uicore-typography--p-c,'#070707'); font-family: var(--uicore-typography--p-f,'Inter'); font-style: var(--uicore-typography--p-st,'normal'); letter-spacing: var(--uicore-typography--p-ls,'-0.027em'); text-transform: var(--uicore-typography--p-t,'none');\"><span style=\"font-weight: var(--uicore-typography--p-w,'600');\">Caso tenha alguma d\u00favida ou queira discutir seus direitos de prote\u00e7\u00e3o de dados conosco, envie um e-mail para\u00a0<\/span><\/span><a style=\"font-size: inherit; text-align: var(--text-align); font-family: var(--uicore-typography--p-f,'Inter'); font-style: var(--uicore-typography--p-st,'normal'); font-weight: var(--uicore-typography--p-w,'600'); letter-spacing: var(--uicore-typography--p-ls,'-0.027em'); text-transform: var(--uicore-typography--p-t,'none');\" href=\"mailto:Lynk.data@lynkcm.com\">Lynk.data@Lynkcm.com<\/a><\/p>\n<\/div>\n<\/div>\n<p><!-- \/wp:paragraph --><\/p>\t\t\t\t\t\t\t\t<\/div>\n\t\t\t\t<\/div>\n\t\t\t\t\t<\/div>\n\t\t\t\t<\/div>\n\t\t\t\t<\/div>","protected":false},"excerpt":{"rendered":"<p>Nota sobre privacidade de dados Introdu\u00e7\u00e3o O objetivo deste aviso \u00e9 [...]<\/p>","protected":false},"author":1,"featured_media":0,"parent":0,"menu_order":4,"comment_status":"closed","ping_status":"closed","template":"","meta":{"footnotes":""},"class_list":["post-823","page","type-page","status-publish","hentry"],"yoast_head":"<!-- This site is optimized with the Yoast SEO plugin v26.5 - https:\/\/yoast.com\/wordpress\/plugins\/seo\/ -->\n<title>Privacy - Lynk Markets<\/title>\n<meta name=\"robots\" content=\"index, follow, max-snippet:-1, max-image-preview:large, max-video-preview:-1\" \/>\n<link rel=\"canonical\" href=\"https:\/\/lynkcm.com\/pt\/privacy\/\" \/>\n<meta property=\"og:locale\" content=\"pt_BR\" \/>\n<meta property=\"og:type\" content=\"article\" \/>\n<meta property=\"og:title\" content=\"Privacy - Lynk Markets\" \/>\n<meta property=\"og:description\" content=\"Data privacy note Introduction\u00a0 The purpose of this notice is [&hellip;]\" \/>\n<meta property=\"og:url\" content=\"https:\/\/lynkcm.com\/pt\/privacy\/\" \/>\n<meta property=\"og:site_name\" content=\"Lynk Markets\" \/>\n<meta property=\"article:publisher\" content=\"https:\/\/www.facebook.com\/profile.php?id=100089224225885\" \/>\n<meta property=\"article:modified_time\" content=\"2025-10-09T11:33:19+00:00\" \/>\n<meta name=\"twitter:card\" content=\"summary_large_image\" \/>\n<meta name=\"twitter:site\" content=\"@CapitalLynk\" \/>\n<meta name=\"twitter:label1\" content=\"Est. tempo de leitura\" \/>\n\t<meta name=\"twitter:data1\" content=\"4 minutos\" \/>\n<script type=\"application\/ld+json\" class=\"yoast-schema-graph\">{\"@context\":\"https:\/\/schema.org\",\"@graph\":[{\"@type\":\"WebPage\",\"@id\":\"https:\/\/lynkcm.com\/privacy\",\"url\":\"https:\/\/lynkcm.com\/privacy\",\"name\":\"Privacy - Lynk Markets\",\"isPartOf\":{\"@id\":\"https:\/\/lynkcm.com\/#website\"},\"datePublished\":\"2024-02-21T20:39:22+00:00\",\"dateModified\":\"2025-10-09T11:33:19+00:00\",\"breadcrumb\":{\"@id\":\"https:\/\/lynkcm.com\/privacy#breadcrumb\"},\"inLanguage\":\"pt-BR\",\"potentialAction\":[{\"@type\":\"ReadAction\",\"target\":[\"https:\/\/lynkcm.com\/privacy\"]}]},{\"@type\":\"BreadcrumbList\",\"@id\":\"https:\/\/lynkcm.com\/privacy#breadcrumb\",\"itemListElement\":[{\"@type\":\"ListItem\",\"position\":1,\"name\":\"Home\",\"item\":\"https:\/\/lynkcm.com\/\"},{\"@type\":\"ListItem\",\"position\":2,\"name\":\"Privacy\"}]},{\"@type\":\"WebSite\",\"@id\":\"https:\/\/lynkcm.com\/#website\",\"url\":\"https:\/\/lynkcm.com\/\",\"name\":\"Lynk Capital Markets\",\"description\":\"One stop solution for portfolio strategies and alternative investments\",\"publisher\":{\"@id\":\"https:\/\/lynkcm.com\/#organization\"},\"potentialAction\":[{\"@type\":\"SearchAction\",\"target\":{\"@type\":\"EntryPoint\",\"urlTemplate\":\"https:\/\/lynkcm.com\/?s={search_term_string}\"},\"query-input\":{\"@type\":\"PropertyValueSpecification\",\"valueRequired\":true,\"valueName\":\"search_term_string\"}}],\"inLanguage\":\"pt-BR\"},{\"@type\":\"Organization\",\"@id\":\"https:\/\/lynkcm.com\/#organization\",\"name\":\"Lynk Capital Markets\",\"url\":\"https:\/\/lynkcm.com\/\",\"logo\":{\"@type\":\"ImageObject\",\"inLanguage\":\"pt-BR\",\"@id\":\"https:\/\/lynkcm.com\/#\/schema\/logo\/image\/\",\"url\":\"https:\/\/lynkcm.com\/wp-content\/uploads\/2024\/02\/lynk-logo.svg\",\"contentUrl\":\"https:\/\/lynkcm.com\/wp-content\/uploads\/2024\/02\/lynk-logo.svg\",\"width\":1907,\"height\":1010,\"caption\":\"Lynk Capital Markets\"},\"image\":{\"@id\":\"https:\/\/lynkcm.com\/#\/schema\/logo\/image\/\"},\"sameAs\":[\"https:\/\/www.facebook.com\/profile.php?id=100089224225885\",\"https:\/\/x.com\/CapitalLynk\",\"https:\/\/www.linkedin.com\/company\/lynk-capital-markets\/\"]}]}<\/script>\n<!-- \/ Yoast SEO plugin. -->","yoast_head_json":{"title":"Privacidade - Lynk Markets","robots":{"index":"index","follow":"follow","max-snippet":"max-snippet:-1","max-image-preview":"max-image-preview:large","max-video-preview":"max-video-preview:-1"},"canonical":"https:\/\/lynkcm.com\/pt\/privacy\/","og_locale":"pt_BR","og_type":"article","og_title":"Privacy - Lynk Markets","og_description":"Data privacy note Introduction\u00a0 The purpose of this notice is [&hellip;]","og_url":"https:\/\/lynkcm.com\/pt\/privacy\/","og_site_name":"Lynk Markets","article_publisher":"https:\/\/www.facebook.com\/profile.php?id=100089224225885","article_modified_time":"2025-10-09T11:33:19+00:00","twitter_card":"summary_large_image","twitter_site":"@CapitalLynk","twitter_misc":{"Est. tempo de leitura":"4 minutos"},"schema":{"@context":"https:\/\/schema.org","@graph":[{"@type":"WebPage","@id":"https:\/\/lynkcm.com\/privacy","url":"https:\/\/lynkcm.com\/privacy","name":"Privacidade - Lynk Markets","isPartOf":{"@id":"https:\/\/lynkcm.com\/#website"},"datePublished":"2024-02-21T20:39:22+00:00","dateModified":"2025-10-09T11:33:19+00:00","breadcrumb":{"@id":"https:\/\/lynkcm.com\/privacy#breadcrumb"},"inLanguage":"pt-BR","potentialAction":[{"@type":"ReadAction","target":["https:\/\/lynkcm.com\/privacy"]}]},{"@type":"BreadcrumbList","@id":"https:\/\/lynkcm.com\/privacy#breadcrumb","itemListElement":[{"@type":"ListItem","position":1,"name":"Home","item":"https:\/\/lynkcm.com\/"},{"@type":"ListItem","position":2,"name":"Privacy"}]},{"@type":"WebSite","@id":"https:\/\/lynkcm.com\/#website","url":"https:\/\/lynkcm.com\/","name":"Lynk Capital Markets","description":"Solu\u00e7\u00e3o completa para estrat\u00e9gias de portf\u00f3lio e investimentos alternativos","publisher":{"@id":"https:\/\/lynkcm.com\/#organization"},"potentialAction":[{"@type":"SearchAction","target":{"@type":"EntryPoint","urlTemplate":"https:\/\/lynkcm.com\/?s={search_term_string}"},"query-input":{"@type":"PropertyValueSpecification","valueRequired":true,"valueName":"search_term_string"}}],"inLanguage":"pt-BR"},{"@type":"Organization","@id":"https:\/\/lynkcm.com\/#organization","name":"Lynk Capital Markets","url":"https:\/\/lynkcm.com\/","logo":{"@type":"ImageObject","inLanguage":"pt-BR","@id":"https:\/\/lynkcm.com\/#\/schema\/logo\/image\/","url":"https:\/\/lynkcm.com\/wp-content\/uploads\/2024\/02\/lynk-logo.svg","contentUrl":"https:\/\/lynkcm.com\/wp-content\/uploads\/2024\/02\/lynk-logo.svg","width":1907,"height":1010,"caption":"Lynk Capital Markets"},"image":{"@id":"https:\/\/lynkcm.com\/#\/schema\/logo\/image\/"},"sameAs":["https:\/\/www.facebook.com\/profile.php?id=100089224225885","https:\/\/x.com\/CapitalLynk","https:\/\/www.linkedin.com\/company\/lynk-capital-markets\/"]}]}},"_links":{"self":[{"href":"https:\/\/lynkcm.com\/pt\/wp-json\/wp\/v2\/pages\/823","targetHints":{"allow":["GET"]}}],"collection":[{"href":"https:\/\/lynkcm.com\/pt\/wp-json\/wp\/v2\/pages"}],"about":[{"href":"https:\/\/lynkcm.com\/pt\/wp-json\/wp\/v2\/types\/page"}],"author":[{"embeddable":true,"href":"https:\/\/lynkcm.com\/pt\/wp-json\/wp\/v2\/users\/1"}],"replies":[{"embeddable":true,"href":"https:\/\/lynkcm.com\/pt\/wp-json\/wp\/v2\/comments?post=823"}],"version-history":[{"count":13,"href":"https:\/\/lynkcm.com\/pt\/wp-json\/wp\/v2\/pages\/823\/revisions"}],"predecessor-version":[{"id":52287,"href":"https:\/\/lynkcm.com\/pt\/wp-json\/wp\/v2\/pages\/823\/revisions\/52287"}],"wp:attachment":[{"href":"https:\/\/lynkcm.com\/pt\/wp-json\/wp\/v2\/media?parent=823"}],"curies":[{"name":"wp","href":"https:\/\/api.w.org\/{rel}","templated":true}]}}