{"id":786,"date":"2024-02-21T19:51:49","date_gmt":"2024-02-21T19:51:49","guid":{"rendered":"https:\/\/lynkcm.com\/?page_id=786"},"modified":"2025-07-11T20:18:41","modified_gmt":"2025-07-11T20:18:41","slug":"corporate-governance","status":"publish","type":"page","link":"https:\/\/lynkcm.com\/pt\/corporate-governance","title":{"rendered":"Governan\u00e7a corporativa"},"content":{"rendered":"<div data-elementor-type=\"wp-page\" data-elementor-id=\"786\" class=\"elementor elementor-786\" data-elementor-post-type=\"page\">\n\t\t\t\t<div class=\"elementor-element elementor-element-1002fb62 e-flex e-con-boxed e-con e-parent\" data-id=\"1002fb62\" data-element_type=\"container\">\n\t\t\t\t\t<div class=\"e-con-inner\">\n\t\t\t\t<div class=\"elementor-element elementor-element-d3071f5 elementor-widget elementor-widget-heading\" data-id=\"d3071f5\" data-element_type=\"widget\" data-widget_type=\"heading.default\">\n\t\t\t\t<div class=\"elementor-widget-container\">\n\t\t\t\t\t<h2 class=\"elementor-heading-title elementor-size-default\">Governan\u00e7a corporativa<\/h2>\t\t\t\t<\/div>\n\t\t\t\t<\/div>\n\t\t\t\t<div class=\"elementor-element elementor-element-96e7bd4 elementor-widget-divider--view-line elementor-widget elementor-widget-divider\" data-id=\"96e7bd4\" data-element_type=\"widget\" data-widget_type=\"divider.default\">\n\t\t\t\t<div class=\"elementor-widget-container\">\n\t\t\t\t\t\t\t<div class=\"elementor-divider\">\n\t\t\t<span class=\"elementor-divider-separator\">\n\t\t\t\t\t\t<\/span>\n\t\t<\/div>\n\t\t\t\t\t\t<\/div>\n\t\t\t\t<\/div>\n\t\t\t\t<div class=\"elementor-element elementor-element-2f920200 elementor-widget elementor-widget-text-editor\" data-id=\"2f920200\" data-element_type=\"widget\" data-widget_type=\"text-editor.default\">\n\t\t\t\t<div class=\"elementor-widget-container\">\n\t\t\t\t\t\t\t\t\t\n<p><strong>Lynk Capital Markets Ltd's<\/strong>\u00a0A estrutura de governan\u00e7a corporativa da Cayman Islands foi projetada com o objetivo de conduzir seus neg\u00f3cios de maneira \u00e9tica e transparente e procurar seguir os princ\u00edpios aceitos de boa governan\u00e7a, inclusive os estabelecidos pelo \u00f3rg\u00e3o regulador local, a Cayman Islands Monetary Authority (CIMA), em sua Declara\u00e7\u00e3o de Orienta\u00e7\u00e3o sobre Governan\u00e7a Corporativa.\u00a0\u00a0<\/p>\n\n\n\n<p>A Lynk continua a revisar sua governan\u00e7a corporativa para garantir que ela permane\u00e7a proporcional ao tamanho, \u00e0 complexidade, \u00e0 natureza e \u00e0 escala do perfil e das opera\u00e7\u00f5es de nossos neg\u00f3cios, levando em conta as caracter\u00edsticas espec\u00edficas t\u00edpicas do setor de fintech. O principal \u00f3rg\u00e3o de governan\u00e7a da\u00a0<strong>Lynk Capital Markets Ltd<\/strong>\u00a0O Conselho de Administra\u00e7\u00e3o (\u201cConselho\u201d) \u00e9 assistido por comit\u00eas operacionais e de gest\u00e3o.  O Conselho supervisiona e procura garantir que a estrutura de governan\u00e7a corporativa seja eficaz e procura garantir uma governan\u00e7a eficaz dentro da organiza\u00e7\u00e3o para apoiar a sustentabilidade, os bons resultados e o crescimento dos neg\u00f3cios da Empresa e beneficiar os funcion\u00e1rios, acionistas e partes interessadas em geral.\u00a0<\/p>\n\n\n\n<h3 class=\"wp-block-heading\">Controles internos, conformidade e gerenciamento de riscos&nbsp;<\/h3>\n\n\n\n<p><strong>Lynk Capital Markets Ltd<\/strong>\u00a0acredita que o gerenciamento adequado dos riscos contribui para a cria\u00e7\u00e3o de valor e o desenvolvimento dos neg\u00f3cios, al\u00e9m de proporcionar um equil\u00edbrio adequado entre crescimento, desempenho e risco.\u00a0<strong>Lynk Capital Markets Ltd<\/strong>\u00a0identificaram diferentes categorias de riscos (inclusive legais\/regulat\u00f3rios, financeiros e de reputa\u00e7\u00e3o), a Lynk revisa continuamente o ambiente de riscos e controles e toma determinadas medidas para detectar, mitigar, monitorar e gerenciar\u00a0<strong>Lynk Capital Markets Ltd's<\/strong>\u00a0exposi\u00e7\u00e3o a esses riscos. Essas atividades incluem, entre outras, identifica\u00e7\u00e3o e avalia\u00e7\u00e3o de riscos, segrega\u00e7\u00e3o de fun\u00e7\u00f5es, informa\u00e7\u00f5es e comunica\u00e7\u00e3o eficazes e avalia\u00e7\u00e3o cont\u00ednua de seu ambiente de controle.<\/p>\n\n\n\n<p>Os deveres de conformidade e avalia\u00e7\u00e3o de risco dentro de\u00a0<strong>Lynk Capital Markets Ltd<\/strong> s\u00e3o alocados da seguinte forma:<\/p>\n\n\n\n<ul class=\"wp-block-list\">\n<li>O Conselho analisa e orienta a estrat\u00e9gia corporativa, sendo respons\u00e1vel pelo monitoramento do desempenho gerencial e pela obten\u00e7\u00e3o de um retorno adequado para os acionistas. Ele evita conflitos de interesse e atua de forma informada e independente, al\u00e9m de supervisionar as pol\u00edticas de gerenciamento de risco para garantir que a Empresa esteja em conformidade com todas as leis e regulamentos aplic\u00e1veis.<\/li>\n\n\n\n<li>O Conselho, no cumprimento de sua responsabilidade pela supervis\u00e3o geral da estrutura regulat\u00f3ria e de conformidade da Empresa, recebe relat\u00f3rios sobre a an\u00e1lise e o monitoramento da equipe de conformidade dos requisitos de conformidade dos clientes.  Al\u00e9m disso, o Conselho analisa e monitora a conduta da estrutura de gerenciamento de conformidade e sua implementa\u00e7\u00e3o.<\/li>\n\n\n\n<li>O CEO, a Equipe Jur\u00eddica e a Equipe de Conformidade se re\u00fanem regularmente para considerar a an\u00e1lise dos principais riscos legais\/regulat\u00f3rios, financeiros e de reputa\u00e7\u00e3o relacionados \u00e0s principais oportunidades de neg\u00f3cios com clientes ou parceiros antes de aprov\u00e1-las formalmente, de acordo com as pol\u00edticas e pr\u00e1ticas de gerenciamento de riscos da empresa.  Essas pol\u00edticas estabelecem os princ\u00edpios para identificar, avaliar, gerenciar e relatar os riscos que podem afetar o sucesso de\u00a0<strong>Lynk Capital Markets Ltd<\/strong>.<\/li>\n\n\n\n<li>De uma perspectiva puramente de combate \u00e0 lavagem de dinheiro (AML),\u00a0<strong>Lynk Capital Markets Ltd<\/strong>\u00a0nomearam um Diretor de Conformidade contra a Lavagem de Dinheiro, um Diretor de Relat\u00f3rios de Lavagem de Dinheiro e um Diretor Adjunto de Relat\u00f3rios de Lavagem de Dinheiro, de acordo com as leis e regulamentos aplic\u00e1veis.<\/li>\n<\/ul>\n\n\n\n<p class=\"has-small-font-size\">Governan\u00e7a Corporativa para Entidades Regulamentadas (outubro de 2023), Orienta\u00e7\u00e3o relativa \u00e0 Governan\u00e7a Corporativa (abril de 2023)<\/p>\n\t\t\t\t\t\t\t\t<\/div>\n\t\t\t\t<\/div>\n\t\t\t\t\t<\/div>\n\t\t\t\t<\/div>\n\t\t\t\t<\/div>","protected":false},"excerpt":{"rendered":"<p>Governan\u00e7a corporativa A estrutura de governan\u00e7a da Lynk Capital Markets Ltd foi projetada com [...]<\/p>","protected":false},"author":1,"featured_media":0,"parent":0,"menu_order":3,"comment_status":"closed","ping_status":"closed","template":"","meta":{"footnotes":""},"class_list":["post-786","page","type-page","status-publish","hentry"],"yoast_head":"<!-- This site is optimized with the Yoast SEO plugin v26.5 - https:\/\/yoast.com\/wordpress\/plugins\/seo\/ -->\n<title>Corporate Governance - Lynk Markets<\/title>\n<meta name=\"robots\" content=\"index, follow, max-snippet:-1, max-image-preview:large, max-video-preview:-1\" \/>\n<link rel=\"canonical\" href=\"https:\/\/lynkcm.com\/pt\/corporate-governance\/\" \/>\n<meta property=\"og:locale\" content=\"pt_BR\" \/>\n<meta property=\"og:type\" content=\"article\" \/>\n<meta property=\"og:title\" content=\"Corporate Governance - Lynk Markets\" \/>\n<meta property=\"og:description\" content=\"Corporate Governance Lynk Capital Markets Ltd\u2019s\u00a0governance structure is designed with [&hellip;]\" \/>\n<meta property=\"og:url\" content=\"https:\/\/lynkcm.com\/pt\/corporate-governance\/\" \/>\n<meta property=\"og:site_name\" content=\"Lynk Markets\" \/>\n<meta property=\"article:publisher\" content=\"https:\/\/www.facebook.com\/profile.php?id=100089224225885\" \/>\n<meta property=\"article:modified_time\" content=\"2025-07-11T20:18:41+00:00\" \/>\n<meta name=\"twitter:card\" content=\"summary_large_image\" \/>\n<meta name=\"twitter:site\" content=\"@CapitalLynk\" \/>\n<meta name=\"twitter:label1\" content=\"Est. tempo de leitura\" \/>\n\t<meta name=\"twitter:data1\" content=\"3 minutos\" \/>\n<script type=\"application\/ld+json\" class=\"yoast-schema-graph\">{\"@context\":\"https:\/\/schema.org\",\"@graph\":[{\"@type\":\"WebPage\",\"@id\":\"https:\/\/lynkcm.com\/corporate-governance\",\"url\":\"https:\/\/lynkcm.com\/corporate-governance\",\"name\":\"Corporate Governance - Lynk Markets\",\"isPartOf\":{\"@id\":\"https:\/\/lynkcm.com\/#website\"},\"datePublished\":\"2024-02-21T19:51:49+00:00\",\"dateModified\":\"2025-07-11T20:18:41+00:00\",\"breadcrumb\":{\"@id\":\"https:\/\/lynkcm.com\/corporate-governance#breadcrumb\"},\"inLanguage\":\"pt-BR\",\"potentialAction\":[{\"@type\":\"ReadAction\",\"target\":[\"https:\/\/lynkcm.com\/corporate-governance\"]}]},{\"@type\":\"BreadcrumbList\",\"@id\":\"https:\/\/lynkcm.com\/corporate-governance#breadcrumb\",\"itemListElement\":[{\"@type\":\"ListItem\",\"position\":1,\"name\":\"Home\",\"item\":\"https:\/\/lynkcm.com\/\"},{\"@type\":\"ListItem\",\"position\":2,\"name\":\"Corporate Governance\"}]},{\"@type\":\"WebSite\",\"@id\":\"https:\/\/lynkcm.com\/#website\",\"url\":\"https:\/\/lynkcm.com\/\",\"name\":\"Lynk Capital Markets\",\"description\":\"One stop solution for portfolio strategies and alternative investments\",\"publisher\":{\"@id\":\"https:\/\/lynkcm.com\/#organization\"},\"potentialAction\":[{\"@type\":\"SearchAction\",\"target\":{\"@type\":\"EntryPoint\",\"urlTemplate\":\"https:\/\/lynkcm.com\/?s={search_term_string}\"},\"query-input\":{\"@type\":\"PropertyValueSpecification\",\"valueRequired\":true,\"valueName\":\"search_term_string\"}}],\"inLanguage\":\"pt-BR\"},{\"@type\":\"Organization\",\"@id\":\"https:\/\/lynkcm.com\/#organization\",\"name\":\"Lynk Capital Markets\",\"url\":\"https:\/\/lynkcm.com\/\",\"logo\":{\"@type\":\"ImageObject\",\"inLanguage\":\"pt-BR\",\"@id\":\"https:\/\/lynkcm.com\/#\/schema\/logo\/image\/\",\"url\":\"https:\/\/lynkcm.com\/wp-content\/uploads\/2024\/02\/lynk-logo.svg\",\"contentUrl\":\"https:\/\/lynkcm.com\/wp-content\/uploads\/2024\/02\/lynk-logo.svg\",\"width\":1907,\"height\":1010,\"caption\":\"Lynk Capital Markets\"},\"image\":{\"@id\":\"https:\/\/lynkcm.com\/#\/schema\/logo\/image\/\"},\"sameAs\":[\"https:\/\/www.facebook.com\/profile.php?id=100089224225885\",\"https:\/\/x.com\/CapitalLynk\",\"https:\/\/www.linkedin.com\/company\/lynk-capital-markets\/\"]}]}<\/script>\n<!-- \/ Yoast SEO plugin. -->","yoast_head_json":{"title":"Governan\u00e7a corporativa - Lynk Markets","robots":{"index":"index","follow":"follow","max-snippet":"max-snippet:-1","max-image-preview":"max-image-preview:large","max-video-preview":"max-video-preview:-1"},"canonical":"https:\/\/lynkcm.com\/pt\/corporate-governance\/","og_locale":"pt_BR","og_type":"article","og_title":"Corporate Governance - Lynk Markets","og_description":"Corporate Governance Lynk Capital Markets Ltd\u2019s\u00a0governance structure is designed with [&hellip;]","og_url":"https:\/\/lynkcm.com\/pt\/corporate-governance\/","og_site_name":"Lynk Markets","article_publisher":"https:\/\/www.facebook.com\/profile.php?id=100089224225885","article_modified_time":"2025-07-11T20:18:41+00:00","twitter_card":"summary_large_image","twitter_site":"@CapitalLynk","twitter_misc":{"Est. tempo de leitura":"3 minutos"},"schema":{"@context":"https:\/\/schema.org","@graph":[{"@type":"WebPage","@id":"https:\/\/lynkcm.com\/corporate-governance","url":"https:\/\/lynkcm.com\/corporate-governance","name":"Governan\u00e7a corporativa - Lynk Markets","isPartOf":{"@id":"https:\/\/lynkcm.com\/#website"},"datePublished":"2024-02-21T19:51:49+00:00","dateModified":"2025-07-11T20:18:41+00:00","breadcrumb":{"@id":"https:\/\/lynkcm.com\/corporate-governance#breadcrumb"},"inLanguage":"pt-BR","potentialAction":[{"@type":"ReadAction","target":["https:\/\/lynkcm.com\/corporate-governance"]}]},{"@type":"BreadcrumbList","@id":"https:\/\/lynkcm.com\/corporate-governance#breadcrumb","itemListElement":[{"@type":"ListItem","position":1,"name":"Home","item":"https:\/\/lynkcm.com\/"},{"@type":"ListItem","position":2,"name":"Corporate Governance"}]},{"@type":"WebSite","@id":"https:\/\/lynkcm.com\/#website","url":"https:\/\/lynkcm.com\/","name":"Lynk Capital Markets","description":"Solu\u00e7\u00e3o completa para estrat\u00e9gias de portf\u00f3lio e investimentos alternativos","publisher":{"@id":"https:\/\/lynkcm.com\/#organization"},"potentialAction":[{"@type":"SearchAction","target":{"@type":"EntryPoint","urlTemplate":"https:\/\/lynkcm.com\/?s={search_term_string}"},"query-input":{"@type":"PropertyValueSpecification","valueRequired":true,"valueName":"search_term_string"}}],"inLanguage":"pt-BR"},{"@type":"Organization","@id":"https:\/\/lynkcm.com\/#organization","name":"Lynk Capital Markets","url":"https:\/\/lynkcm.com\/","logo":{"@type":"ImageObject","inLanguage":"pt-BR","@id":"https:\/\/lynkcm.com\/#\/schema\/logo\/image\/","url":"https:\/\/lynkcm.com\/wp-content\/uploads\/2024\/02\/lynk-logo.svg","contentUrl":"https:\/\/lynkcm.com\/wp-content\/uploads\/2024\/02\/lynk-logo.svg","width":1907,"height":1010,"caption":"Lynk Capital Markets"},"image":{"@id":"https:\/\/lynkcm.com\/#\/schema\/logo\/image\/"},"sameAs":["https:\/\/www.facebook.com\/profile.php?id=100089224225885","https:\/\/x.com\/CapitalLynk","https:\/\/www.linkedin.com\/company\/lynk-capital-markets\/"]}]}},"_links":{"self":[{"href":"https:\/\/lynkcm.com\/pt\/wp-json\/wp\/v2\/pages\/786","targetHints":{"allow":["GET"]}}],"collection":[{"href":"https:\/\/lynkcm.com\/pt\/wp-json\/wp\/v2\/pages"}],"about":[{"href":"https:\/\/lynkcm.com\/pt\/wp-json\/wp\/v2\/types\/page"}],"author":[{"embeddable":true,"href":"https:\/\/lynkcm.com\/pt\/wp-json\/wp\/v2\/users\/1"}],"replies":[{"embeddable":true,"href":"https:\/\/lynkcm.com\/pt\/wp-json\/wp\/v2\/comments?post=786"}],"version-history":[{"count":23,"href":"https:\/\/lynkcm.com\/pt\/wp-json\/wp\/v2\/pages\/786\/revisions"}],"predecessor-version":[{"id":25561,"href":"https:\/\/lynkcm.com\/pt\/wp-json\/wp\/v2\/pages\/786\/revisions\/25561"}],"wp:attachment":[{"href":"https:\/\/lynkcm.com\/pt\/wp-json\/wp\/v2\/media?parent=786"}],"curies":[{"name":"wp","href":"https:\/\/api.w.org\/{rel}","templated":true}]}}