{"id":62144,"date":"2026-02-13T14:04:41","date_gmt":"2026-02-13T14:04:41","guid":{"rendered":"https:\/\/lynkcm.com\/?page_id=62144"},"modified":"2026-03-23T16:00:39","modified_gmt":"2026-03-23T16:00:39","slug":"product-feedback","status":"publish","type":"page","link":"https:\/\/lynkcm.com\/pt\/product-feedback","title":{"rendered":"Feedback do produto"},"content":{"rendered":"<div data-elementor-type=\"wp-page\" data-elementor-id=\"62144\" class=\"elementor elementor-62144\" data-elementor-post-type=\"page\">\n\t\t\t\t<div class=\"elementor-element elementor-element-be01afb e-flex e-con-boxed e-con e-parent\" data-id=\"be01afb\" data-element_type=\"container\" data-settings=\"{&quot;background_background&quot;:&quot;classic&quot;}\">\n\t\t\t\t\t<div class=\"e-con-inner\">\n\t\t<div class=\"elementor-element elementor-element-6c1ebfb e-con-full e-flex e-con e-child\" data-id=\"6c1ebfb\" data-element_type=\"container\">\n\t\t<div class=\"elementor-element elementor-element-16568a0 e-con-full e-flex e-con e-child\" data-id=\"16568a0\" data-element_type=\"container\">\n\t\t\t\t<div class=\"elementor-element elementor-element-fbf2801 elementor-invisible elementor-widget elementor-widget-heading\" data-id=\"fbf2801\" data-element_type=\"widget\" data-settings=\"{&quot;_animation&quot;:&quot;fadeIn&quot;}\" data-widget_type=\"heading.default\">\n\t\t\t\t<div class=\"elementor-widget-container\">\n\t\t\t\t\t<h4 class=\"elementor-heading-title elementor-size-default\">Feedback do produto<\/h4>\t\t\t\t<\/div>\n\t\t\t\t<\/div>\n\t\t\t\t<div class=\"elementor-element elementor-element-c2f9e24 elementor-widget-mobile__width-inherit elementor-invisible elementor-widget elementor-widget-image\" data-id=\"c2f9e24\" data-element_type=\"widget\" data-settings=\"{&quot;_animation&quot;:&quot;zoomOutLeft&quot;}\" data-widget_type=\"image.default\">\n\t\t\t\t<div class=\"elementor-widget-container\">\n\t\t\t\t\t\t\t\t\t\t\t\t\t\t\t<img decoding=\"async\" width=\"224\" height=\"1\" src=\"https:\/\/lynkcm.com\/wp-content\/uploads\/2025\/06\/line.svg\" class=\"attachment-full size-full wp-image-19669\" alt=\"\" srcset=\"https:\/\/lynkcm.com\/wp-content\/uploads\/\/2025\/06\/line.svg 768w, https:\/\/lynkcm.com\/wp-content\/uploads\/\/2025\/06\/line.svg 224w\" sizes=\"(max-width: 224px) 100vw, 224px\" \/>\t\t\t\t\t\t\t\t\t\t\t\t\t\t\t<\/div>\n\t\t\t\t<\/div>\n\t\t\t\t<div class=\"elementor-element elementor-element-85ec358 elementor-widget elementor-widget-text-editor\" data-id=\"85ec358\" data-element_type=\"widget\" data-widget_type=\"text-editor.default\">\n\t\t\t\t<div class=\"elementor-widget-container\">\n\t\t\t\t\t\t\t\t\t<p data-start=\"191\" data-end=\"443\">A LYNK Markets atua como fabricante do produto em rela\u00e7\u00e3o a determinados produtos financeiros que podem ser disponibilizados a investidores de varejo no Espa\u00e7o Econ\u00f4mico Europeu.<\/p><p>A LYNK Markets est\u00e1 empenhada em tratar as reclama\u00e7\u00f5es de investidores de forma justa, r\u00e1pida e transparente.<\/p><p>Se desejar apresentar uma reclama\u00e7\u00e3o relativa a um produto fabricado pela LYNK Markets, poder\u00e1 faz\u00ea-lo preenchendo o formul\u00e1rio abaixo.<\/p><p>Este canal de reclama\u00e7\u00f5es destina-se a reclama\u00e7\u00f5es relacionadas a:<\/p><p>\u2022 O design ou as caracter\u00edsticas de produtos fabricados pela LYNK Markets<br \/>\u2022 As informa\u00e7\u00f5es contidas no Documento de Informa\u00e7\u00f5es Essenciais (DIE) relevante<\/p>\t\t\t\t\t\t\t\t<\/div>\n\t\t\t\t<\/div>\n\t\t\t\t<\/div>\n\t\t<div class=\"elementor-element elementor-element-953a4a1 e-con-full e-flex e-con e-child\" data-id=\"953a4a1\" data-element_type=\"container\">\n\t\t\t\t<div class=\"elementor-element elementor-element-3c77487 elementor-widget elementor-widget-bdt-contact-form-7\" data-id=\"3c77487\" data-element_type=\"widget\" data-widget_type=\"bdt-contact-form-7.default\">\n\t\t\t\t<div class=\"elementor-widget-container\">\n\t\t\t\t\t\n<div class=\"wpcf7 no-js\" id=\"wpcf7-f62152-o1\" lang=\"en-US\" dir=\"ltr\" data-wpcf7-id=\"62152\">\n<div class=\"screen-reader-response\"><p role=\"status\" aria-live=\"polite\" aria-atomic=\"true\"><\/p> <ul><\/ul><\/div>\n<form action=\"\/pt\/wp-json\/wp\/v2\/pages\/62144#wpcf7-f62152-o1\" method=\"post\" class=\"wpcf7-form init\" aria-label=\"Formul\u00e1rio de contato\" novalidate=\"novalidate\" data-status=\"init\" data-trp-original-action=\"\/pt\/wp-json\/wp\/v2\/pages\/62144#wpcf7-f62152-o1\">\n<fieldset class=\"hidden-fields-container\"><input type=\"hidden\" name=\"_wpcf7\" value=\"62152\" \/><input type=\"hidden\" name=\"_wpcf7_version\" value=\"6.1.5\" \/><input type=\"hidden\" name=\"_wpcf7_locale\" value=\"en_US\" \/><input type=\"hidden\" name=\"_wpcf7_unit_tag\" value=\"wpcf7-f62152-o1\" \/><input type=\"hidden\" name=\"_wpcf7_container_post\" value=\"0\" \/><input type=\"hidden\" name=\"_wpcf7_posted_data_hash\" value=\"\" \/><input type=\"hidden\" name=\"_wpcf7_recaptcha_response\" value=\"\" \/>\n<\/fieldset>\n<p><label>Nome *<\/label><br \/>\n<span class=\"wpcf7-form-control-wrap\" data-name=\"your-name\"><input size=\"40\" maxlength=\"400\" class=\"wpcf7-form-control wpcf7-text wpcf7-validates-as-required\" aria-required=\"true\" aria-invalid=\"false\" placeholder=\"Digite seu nome completo\" value=\"\" type=\"text\" name=\"your-name\" \/><\/span>\n<\/p>\n<p><label>Endere\u00e7o de email *<\/label><br \/>\n<span class=\"wpcf7-form-control-wrap\" data-name=\"your-email\"><input size=\"40\" maxlength=\"400\" class=\"wpcf7-form-control wpcf7-email wpcf7-validates-as-required wpcf7-text wpcf7-validates-as-email\" aria-required=\"true\" aria-invalid=\"false\" placeholder=\"name@company.com\" value=\"\" type=\"email\" name=\"your-email\" \/><\/span>\n<\/p>\n<p><label>Pa\u00eds *<\/label><br \/>\n<span class=\"wpcf7-form-control-wrap\" data-name=\"your-country\"><select class=\"wpcf7-form-control wpcf7-select wpcf7-validates-as-required\" aria-required=\"true\" aria-invalid=\"false\" name=\"your-country\"><option value=\"Select your country\">Selecione seu pa\u00eds<\/option><option value=\"Afghanistan\">Afeganist\u00e3o<\/option><option value=\"Albania\">Alb\u00e2nia<\/option><option value=\"Algeria\">Arg\u00e9lia<\/option><option value=\"Andorra\">Andorra<\/option><option value=\"Angola\">Angola<\/option><option value=\"Argentina\">Argentina<\/option><option value=\"Armenia\">Arm\u00eania<\/option><option value=\"Australia\">Austr\u00e1lia<\/option><option value=\"Austria\">\u00c1ustria<\/option><option value=\"Azerbaijan\">Azerbaij\u00e3o<\/option><option value=\"Bahamas\">Bahamas<\/option><option value=\"Bahrain\">Bahrein<\/option><option value=\"Bangladesh\">Bangladesh<\/option><option value=\"Barbados\">Barbados<\/option><option value=\"Belarus\">Belarus<\/option><option value=\"Belgium\">B\u00e9lgica<\/option><option value=\"Belize\">Belize<\/option><option value=\"Benin\">Benin<\/option><option value=\"Bhutan\">But\u00e3o<\/option><option value=\"Bolivia\">Bol\u00edvia<\/option><option value=\"Bosnia and Herzegovina\">B\u00f3snia e Herzegovina<\/option><option value=\"Botswana\">Botsuana<\/option><option value=\"Brazil\">Brasil<\/option><option value=\"Brunei\">Brunei<\/option><option value=\"Bulgaria\">Bulg\u00e1ria<\/option><option value=\"Burkina Faso\">Burkina Faso<\/option><option value=\"Burundi\">Burundi<\/option><option value=\"Cambodia\">Camboja<\/option><option value=\"Cameroon\">Camar\u00f5es<\/option><option value=\"Canada\">Canad\u00e1<\/option><option value=\"Cape Verde\">Cabo Verde<\/option><option value=\"Central African Republic\">Rep\u00fablica Centro-Africana<\/option><option value=\"Chad\">Chade<\/option><option value=\"Chile\">Chile<\/option><option value=\"China\">China<\/option><option value=\"Colombia\">Col\u00f4mbia<\/option><option value=\"Comoros\">Comores<\/option><option value=\"Congo\">Congo<\/option><option value=\"Costa Rica\">Costa Rica<\/option><option value=\"Croatia\">Cro\u00e1cia<\/option><option value=\"Cuba\">Cuba<\/option><option value=\"Cyprus\">Chipre<\/option><option value=\"Czech Republic\">Rep\u00fablica Tcheca<\/option><option value=\"Denmark\">Dinamarca<\/option><option value=\"Djibouti\">Djibuti<\/option><option value=\"Dominica\">Dominica<\/option><option value=\"Dominican Republic\">Rep\u00fablica Dominicana<\/option><option value=\"Ecuador\">Equador<\/option><option value=\"Egypt\">Egito<\/option><option value=\"El Salvador\">El Salvador<\/option><option value=\"Equatorial Guinea\">Guin\u00e9 Equatorial<\/option><option value=\"Eritrea\">Eritreia<\/option><option value=\"Estonia\">Est\u00f4nia<\/option><option value=\"Eswatini\">Eswatini<\/option><option value=\"Ethiopia\">Eti\u00f3pia<\/option><option value=\"Fiji\">Fiji<\/option><option value=\"Finland\">Finl\u00e2ndia<\/option><option value=\"France\">Fran\u00e7a<\/option><option value=\"Gabon\">Gab\u00e3o<\/option><option value=\"Gambia\">G\u00e2mbia<\/option><option value=\"Georgia\">Ge\u00f3rgia<\/option><option value=\"Germany\">Alemanha<\/option><option value=\"Ghana\">Gana<\/option><option value=\"Greece\">Gr\u00e9cia<\/option><option value=\"Guatemala\">Guatemala<\/option><option value=\"Guinea\">Guin\u00e9<\/option><option value=\"Guyana\">Guiana<\/option><option value=\"Haiti\">Haiti<\/option><option value=\"Honduras\">Honduras<\/option><option value=\"Hungary\">Hungria<\/option><option value=\"Iceland\">Isl\u00e2ndia<\/option><option value=\"India\">\u00cdndia<\/option><option value=\"Indonesia\">Indon\u00e9sia<\/option><option value=\"Iran\">Ir\u00e3<\/option><option value=\"Iraq\">Iraque<\/option><option value=\"Ireland\">Irlanda<\/option><option value=\"Israel\">Israel<\/option><option value=\"Italy\">It\u00e1lia<\/option><option value=\"Jamaica\">Jamaica<\/option><option value=\"Japan\">Jap\u00e3o<\/option><option value=\"Jordan\">Jord\u00e2nia<\/option><option value=\"Kazakhstan\">Cazaquist\u00e3o<\/option><option value=\"Kenya\">Qu\u00eania<\/option><option value=\"Kuwait\">Kuwait<\/option><option value=\"Kyrgyzstan\">Quirguist\u00e3o<\/option><option value=\"Laos\">Laos<\/option><option value=\"Latvia\">Let\u00f4nia<\/option><option value=\"Lebanon\">L\u00edbano<\/option><option value=\"Lesotho\">Lesoto<\/option><option value=\"Liberia\">Lib\u00e9ria<\/option><option value=\"Libya\">L\u00edbia<\/option><option value=\"Liechtenstein\">Liechtenstein<\/option><option value=\"Lithuania\">Litu\u00e2nia<\/option><option value=\"Luxembourg\">Luxemburgo<\/option><option value=\"Madagascar\">Madagascar<\/option><option value=\"Malawi\">Malawi<\/option><option value=\"Malaysia\">Mal\u00e1sia<\/option><option value=\"Maldives\">Maldivas<\/option><option value=\"Mali\">Mali<\/option><option value=\"Malta\">Malta<\/option><option value=\"Mauritania\">Maurit\u00e2nia<\/option><option value=\"Mauritius\">Ilhas Maur\u00edcio<\/option><option value=\"Mexico\">M\u00e9xico<\/option><option value=\"Moldova\">Mold\u00e1via<\/option><option value=\"Monaco\">M\u00f4naco<\/option><option value=\"Mongolia\">Mong\u00f3lia<\/option><option value=\"Montenegro\">Montenegro<\/option><option value=\"Morocco\">Marrocos<\/option><option value=\"Mozambique\">Mo\u00e7ambique<\/option><option value=\"Myanmar\">Myanmar<\/option><option value=\"Namibia\">Nam\u00edbia<\/option><option value=\"Nepal\">Nepal<\/option><option value=\"Netherlands\">Pa\u00edses Baixos<\/option><option value=\"New Zealand\">Nova Zel\u00e2ndia<\/option><option value=\"Nicaragua\">Nicar\u00e1gua<\/option><option value=\"Niger\">N\u00edger<\/option><option value=\"Nigeria\">Nig\u00e9ria<\/option><option value=\"North Korea\">Coreia do Norte<\/option><option value=\"North Macedonia\">Maced\u00f4nia do Norte<\/option><option value=\"Norway\">Noruega<\/option><option value=\"Oman\">Om\u00e3<\/option><option value=\"Pakistan\">Paquist\u00e3o<\/option><option value=\"Panama\">Panam\u00e1<\/option><option value=\"Papua New Guinea\">Papua Nova Guin\u00e9<\/option><option value=\"Paraguay\">Paraguai<\/option><option value=\"Peru\">Peru<\/option><option value=\"Philippines\">Filipinas<\/option><option value=\"Poland\">Pol\u00f4nia<\/option><option value=\"Portugal\">Portugal<\/option><option value=\"Qatar\">Qatar<\/option><option value=\"Romania\">Rom\u00eania<\/option><option value=\"Russia\">R\u00fassia<\/option><option value=\"Rwanda\">Ruanda<\/option><option value=\"Saudi Arabia\">Ar\u00e1bia Saudita<\/option><option value=\"Senegal\">Senegal<\/option><option value=\"Serbia\">S\u00e9rvia<\/option><option value=\"Seychelles\">Seychelles<\/option><option value=\"Sierra Leone\">Serra Leoa<\/option><option value=\"Singapore\">Cingapura<\/option><option value=\"Slovakia\">Eslov\u00e1quia<\/option><option value=\"Slovenia\">Eslov\u00eania<\/option><option value=\"Somalia\">Som\u00e1lia<\/option><option value=\"South Africa\">\u00c1frica do Sul<\/option><option value=\"South Korea\">Coreia do Sul<\/option><option value=\"Spain\">Espanha<\/option><option value=\"Sri Lanka\">Sri Lanka<\/option><option value=\"Sudan\">Sud\u00e3o<\/option><option value=\"Sweden\">Su\u00e9cia<\/option><option value=\"Switzerland\">Su\u00ed\u00e7a<\/option><option value=\"Syria\">S\u00edria<\/option><option value=\"Taiwan\">Taiwan<\/option><option value=\"Tajikistan\">Tajiquist\u00e3o<\/option><option value=\"Tanzania\">Tanz\u00e2nia<\/option><option value=\"Thailand\">Tail\u00e2ndia<\/option><option value=\"Togo\">Togo<\/option><option value=\"Trinidad and Tobago\">Trinidad e Tobago<\/option><option value=\"Tunisia\">Tun\u00edsia<\/option><option value=\"Turkey\">Turquia<\/option><option value=\"Turkmenistan\">Turcomenist\u00e3o<\/option><option value=\"Uganda\">Uganda<\/option><option value=\"Ukraine\">Ucr\u00e2nia<\/option><option value=\"United Arab Emirates\">Emirados \u00c1rabes Unidos<\/option><option value=\"United Kingdom\">Reino Unido<\/option><option value=\"United States\">Estados Unidos<\/option><option value=\"Uruguay\">Uruguai<\/option><option value=\"Uzbekistan\">Uzbequist\u00e3o<\/option><option value=\"Venezuela\">Venezuela<\/option><option value=\"Vietnam\">Vietn\u00e3<\/option><option value=\"Yemen\">I\u00eamen<\/option><option value=\"Zambia\">Z\u00e2mbia<\/option><option value=\"Zimbabwe\">Zimb\u00e1bue<\/option><\/select><\/span>\n<\/p>\n<p><label>Nome da empresa<\/label><br \/>\n<span class=\"wpcf7-form-control-wrap\" data-name=\"company-name\"><input size=\"40\" maxlength=\"400\" class=\"wpcf7-form-control wpcf7-text\" aria-invalid=\"false\" placeholder=\"Sua empresa\" value=\"\" type=\"text\" name=\"company-name\" \/><\/span>\n<\/p>\n<p><label>Tipo de cliente *<\/label><br \/>\n<span class=\"wpcf7-form-control-wrap\" data-name=\"client-type\"><select class=\"wpcf7-form-control wpcf7-select\" aria-invalid=\"false\" name=\"client-type\"><option value=\"Select type of client\">Selecionar tipo de cliente<\/option><option value=\"Retail\">Varejo<\/option><option value=\"Professional\">Profissional<\/option><option value=\"Other\">Outros<\/option><\/select><\/span>\n<\/p>\n<p><label>Nome do Produto *<\/label><br \/>\n<span class=\"wpcf7-form-control-wrap\" data-name=\"product-name\"><input size=\"40\" maxlength=\"400\" class=\"wpcf7-form-control wpcf7-text wpcf7-validates-as-required\" aria-required=\"true\" aria-invalid=\"false\" placeholder=\"Nome do produto\" value=\"\" type=\"text\" name=\"product-name\" \/><\/span>\n<\/p>\n<p><label>Mensagem \/ Descri\u00e7\u00e3o *<\/label><br \/>\n<span class=\"wpcf7-form-control-wrap\" data-name=\"your-message\"><textarea cols=\"40\" rows=\"10\" maxlength=\"2000\" class=\"wpcf7-form-control wpcf7-textarea wpcf7-validates-as-required\" aria-required=\"true\" aria-invalid=\"false\" placeholder=\"Descreva seu feedback\" name=\"your-message\"><\/textarea><\/span>\n<\/p>\n<p><input class=\"wpcf7-form-control wpcf7-submit has-spinner\" type=\"submit\" value=\"Enviar mensagem\" \/>\n<\/p><p style=\"display: none !important;\" class=\"akismet-fields-container\" data-prefix=\"_wpcf7_ak_\"><label>&#916;<textarea name=\"_wpcf7_ak_hp_textarea\" cols=\"45\" rows=\"8\" maxlength=\"100\"><\/textarea><\/label><input type=\"hidden\" id=\"ak_js_1\" name=\"_wpcf7_ak_js\" value=\"108\"\/><script>document.getElementById( \"ak_js_1\" ).setAttribute( \"value\", ( new Date() ).getTime() );<\/script><\/p><div class=\"wpcf7-response-output\" aria-hidden=\"true\"><\/div>\n<input type=\"hidden\" name=\"trp-form-language\" value=\"pt\"\/><\/form>\n<\/div>\n\t\t\t\t<\/div>\n\t\t\t\t<\/div>\n\t\t\t\t<\/div>\n\t\t\t\t<\/div>\n\t\t\t\t<div class=\"elementor-element elementor-element-1a9050a elementor-widget elementor-widget-spacer\" data-id=\"1a9050a\" data-element_type=\"widget\" data-widget_type=\"spacer.default\">\n\t\t\t\t<div class=\"elementor-widget-container\">\n\t\t\t\t\t\t\t<div class=\"elementor-spacer\">\n\t\t\t<div class=\"elementor-spacer-inner\"><\/div>\n\t\t<\/div>\n\t\t\t\t\t\t<\/div>\n\t\t\t\t<\/div>\n\t\t\t\t<div class=\"elementor-element elementor-element-02bab98 elementor-widget elementor-widget-text-editor\" data-id=\"02bab98\" data-element_type=\"widget\" data-widget_type=\"text-editor.default\">\n\t\t\t\t<div class=\"elementor-widget-container\">\n\t\t\t\t\t\t\t\t\t<p>Quaisquer dados pessoais submetidos atrav\u00e9s deste formul\u00e1rio ser\u00e3o processados pela Lynk Capital Markets para fins de tratamento de seu feedback ou reclama\u00e7\u00e3o. Para mais informa\u00e7\u00f5es sobre como processamos dados pessoais, consulte nossa Pol\u00edtica de Privacidade em https:\/\/lynkcm.com\/privacy. A LYNK Markets n\u00e3o \u00e9 a emissora dos valores mobili\u00e1rios relevantes e n\u00e3o \u00e9 respons\u00e1vel por obriga\u00e7\u00f5es de pagamento ou direitos contratuais sob os produtos financeiros. Reclama\u00e7\u00f5es relacionadas \u00e0 distribui\u00e7\u00e3o ou venda do produto devem ser direcionadas ao intermedi\u00e1rio financeiro ou distribuidor atrav\u00e9s do qual o investimento foi realizado. A LYNK Markets acusar\u00e1 o recebimento das reclama\u00e7\u00f5es em at\u00e9 cinco (5) dias \u00fateis e tem como objetivo fornecer uma resposta substantiva em at\u00e9 trinta (30) dias \u00fateis. As reclama\u00e7\u00f5es tamb\u00e9m podem ser enviadas por e-mail para: complaints@lynkmarkets.com.<br \/>A\/C: Jur\u00eddico e Compliance \u2013 Reclama\u00e7\u00f5es<\/p>\t\t\t\t\t\t\t\t<\/div>\n\t\t\t\t<\/div>\n\t\t\t\t\t<\/div>\n\t\t\t\t<\/div>\n\t\t\t\t<\/div>","protected":false},"excerpt":{"rendered":"<p>Feedback do Produto A LYNK Markets atua como fabricante de produtos em [...]<\/p>","protected":false},"author":5,"featured_media":0,"parent":0,"menu_order":0,"comment_status":"closed","ping_status":"closed","template":"","meta":{"footnotes":""},"class_list":["post-62144","page","type-page","status-publish","hentry"],"yoast_head":"<!-- This site is optimized with the Yoast SEO plugin v26.5 - https:\/\/yoast.com\/wordpress\/plugins\/seo\/ -->\n<title>Product Feedback - Lynk Markets<\/title>\n<meta name=\"robots\" content=\"index, follow, max-snippet:-1, max-image-preview:large, max-video-preview:-1\" \/>\n<link rel=\"canonical\" href=\"https:\/\/lynkcm.com\/pt\/product-feedback\/\" \/>\n<meta property=\"og:locale\" content=\"pt_BR\" \/>\n<meta property=\"og:type\" content=\"article\" \/>\n<meta property=\"og:title\" content=\"Product Feedback - Lynk Markets\" \/>\n<meta property=\"og:description\" content=\"Product Feedback LYNK Markets acts as product manufacturer in respect [&hellip;]\" \/>\n<meta property=\"og:url\" content=\"https:\/\/lynkcm.com\/pt\/product-feedback\/\" \/>\n<meta property=\"og:site_name\" content=\"Lynk Markets\" \/>\n<meta property=\"article:publisher\" content=\"https:\/\/www.facebook.com\/profile.php?id=100089224225885\" \/>\n<meta property=\"article:modified_time\" content=\"2026-03-23T16:00:39+00:00\" \/>\n<meta name=\"twitter:card\" content=\"summary_large_image\" \/>\n<meta name=\"twitter:site\" content=\"@CapitalLynk\" \/>\n<meta name=\"twitter:label1\" content=\"Est. tempo de leitura\" \/>\n\t<meta name=\"twitter:data1\" content=\"3 minutos\" \/>\n<script type=\"application\/ld+json\" class=\"yoast-schema-graph\">{\"@context\":\"https:\/\/schema.org\",\"@graph\":[{\"@type\":\"WebPage\",\"@id\":\"https:\/\/lynkcm.com\/product-feedback\",\"url\":\"https:\/\/lynkcm.com\/product-feedback\",\"name\":\"Product Feedback - Lynk Markets\",\"isPartOf\":{\"@id\":\"https:\/\/lynkcm.com\/#website\"},\"primaryImageOfPage\":{\"@id\":\"https:\/\/lynkcm.com\/product-feedback#primaryimage\"},\"image\":{\"@id\":\"https:\/\/lynkcm.com\/product-feedback#primaryimage\"},\"thumbnailUrl\":\"https:\/\/lynkcm.com\/wp-content\/uploads\/2025\/06\/line.svg\",\"datePublished\":\"2026-02-13T14:04:41+00:00\",\"dateModified\":\"2026-03-23T16:00:39+00:00\",\"breadcrumb\":{\"@id\":\"https:\/\/lynkcm.com\/product-feedback#breadcrumb\"},\"inLanguage\":\"pt-BR\",\"potentialAction\":[{\"@type\":\"ReadAction\",\"target\":[\"https:\/\/lynkcm.com\/product-feedback\"]}]},{\"@type\":\"ImageObject\",\"inLanguage\":\"pt-BR\",\"@id\":\"https:\/\/lynkcm.com\/product-feedback#primaryimage\",\"url\":\"https:\/\/lynkcm.com\/wp-content\/uploads\/2025\/06\/line.svg\",\"contentUrl\":\"https:\/\/lynkcm.com\/wp-content\/uploads\/2025\/06\/line.svg\"},{\"@type\":\"BreadcrumbList\",\"@id\":\"https:\/\/lynkcm.com\/product-feedback#breadcrumb\",\"itemListElement\":[{\"@type\":\"ListItem\",\"position\":1,\"name\":\"Home\",\"item\":\"https:\/\/lynkcm.com\/\"},{\"@type\":\"ListItem\",\"position\":2,\"name\":\"Product Feedback\"}]},{\"@type\":\"WebSite\",\"@id\":\"https:\/\/lynkcm.com\/#website\",\"url\":\"https:\/\/lynkcm.com\/\",\"name\":\"Lynk Capital Markets\",\"description\":\"One stop solution for portfolio strategies and alternative investments\",\"publisher\":{\"@id\":\"https:\/\/lynkcm.com\/#organization\"},\"potentialAction\":[{\"@type\":\"SearchAction\",\"target\":{\"@type\":\"EntryPoint\",\"urlTemplate\":\"https:\/\/lynkcm.com\/?s={search_term_string}\"},\"query-input\":{\"@type\":\"PropertyValueSpecification\",\"valueRequired\":true,\"valueName\":\"search_term_string\"}}],\"inLanguage\":\"pt-BR\"},{\"@type\":\"Organization\",\"@id\":\"https:\/\/lynkcm.com\/#organization\",\"name\":\"Lynk Capital Markets\",\"url\":\"https:\/\/lynkcm.com\/\",\"logo\":{\"@type\":\"ImageObject\",\"inLanguage\":\"pt-BR\",\"@id\":\"https:\/\/lynkcm.com\/#\/schema\/logo\/image\/\",\"url\":\"https:\/\/lynkcm.com\/wp-content\/uploads\/2024\/02\/lynk-logo.svg\",\"contentUrl\":\"https:\/\/lynkcm.com\/wp-content\/uploads\/2024\/02\/lynk-logo.svg\",\"width\":1907,\"height\":1010,\"caption\":\"Lynk Capital Markets\"},\"image\":{\"@id\":\"https:\/\/lynkcm.com\/#\/schema\/logo\/image\/\"},\"sameAs\":[\"https:\/\/www.facebook.com\/profile.php?id=100089224225885\",\"https:\/\/x.com\/CapitalLynk\",\"https:\/\/www.linkedin.com\/company\/lynk-capital-markets\/\"]}]}<\/script>\n<!-- \/ Yoast SEO plugin. -->","yoast_head_json":{"title":"Feedback do Produto - Lynk Markets","robots":{"index":"index","follow":"follow","max-snippet":"max-snippet:-1","max-image-preview":"max-image-preview:large","max-video-preview":"max-video-preview:-1"},"canonical":"https:\/\/lynkcm.com\/pt\/product-feedback\/","og_locale":"pt_BR","og_type":"article","og_title":"Product Feedback - Lynk Markets","og_description":"Product Feedback LYNK Markets acts as product manufacturer in respect [&hellip;]","og_url":"https:\/\/lynkcm.com\/pt\/product-feedback\/","og_site_name":"Lynk Markets","article_publisher":"https:\/\/www.facebook.com\/profile.php?id=100089224225885","article_modified_time":"2026-03-23T16:00:39+00:00","twitter_card":"summary_large_image","twitter_site":"@CapitalLynk","twitter_misc":{"Est. tempo de leitura":"3 minutos"},"schema":{"@context":"https:\/\/schema.org","@graph":[{"@type":"WebPage","@id":"https:\/\/lynkcm.com\/product-feedback","url":"https:\/\/lynkcm.com\/product-feedback","name":"Feedback do Produto - Lynk Markets","isPartOf":{"@id":"https:\/\/lynkcm.com\/#website"},"primaryImageOfPage":{"@id":"https:\/\/lynkcm.com\/product-feedback#primaryimage"},"image":{"@id":"https:\/\/lynkcm.com\/product-feedback#primaryimage"},"thumbnailUrl":"https:\/\/lynkcm.com\/wp-content\/uploads\/2025\/06\/line.svg","datePublished":"2026-02-13T14:04:41+00:00","dateModified":"2026-03-23T16:00:39+00:00","breadcrumb":{"@id":"https:\/\/lynkcm.com\/product-feedback#breadcrumb"},"inLanguage":"pt-BR","potentialAction":[{"@type":"ReadAction","target":["https:\/\/lynkcm.com\/product-feedback"]}]},{"@type":"ImageObject","inLanguage":"pt-BR","@id":"https:\/\/lynkcm.com\/product-feedback#primaryimage","url":"https:\/\/lynkcm.com\/wp-content\/uploads\/2025\/06\/line.svg","contentUrl":"https:\/\/lynkcm.com\/wp-content\/uploads\/2025\/06\/line.svg"},{"@type":"BreadcrumbList","@id":"https:\/\/lynkcm.com\/product-feedback#breadcrumb","itemListElement":[{"@type":"ListItem","position":1,"name":"Home","item":"https:\/\/lynkcm.com\/"},{"@type":"ListItem","position":2,"name":"Product Feedback"}]},{"@type":"WebSite","@id":"https:\/\/lynkcm.com\/#website","url":"https:\/\/lynkcm.com\/","name":"Lynk Capital Markets","description":"Solu\u00e7\u00e3o completa para estrat\u00e9gias de portf\u00f3lio e investimentos alternativos","publisher":{"@id":"https:\/\/lynkcm.com\/#organization"},"potentialAction":[{"@type":"SearchAction","target":{"@type":"EntryPoint","urlTemplate":"https:\/\/lynkcm.com\/?s={search_term_string}"},"query-input":{"@type":"PropertyValueSpecification","valueRequired":true,"valueName":"search_term_string"}}],"inLanguage":"pt-BR"},{"@type":"Organization","@id":"https:\/\/lynkcm.com\/#organization","name":"Lynk Capital Markets","url":"https:\/\/lynkcm.com\/","logo":{"@type":"ImageObject","inLanguage":"pt-BR","@id":"https:\/\/lynkcm.com\/#\/schema\/logo\/image\/","url":"https:\/\/lynkcm.com\/wp-content\/uploads\/2024\/02\/lynk-logo.svg","contentUrl":"https:\/\/lynkcm.com\/wp-content\/uploads\/2024\/02\/lynk-logo.svg","width":1907,"height":1010,"caption":"Lynk Capital Markets"},"image":{"@id":"https:\/\/lynkcm.com\/#\/schema\/logo\/image\/"},"sameAs":["https:\/\/www.facebook.com\/profile.php?id=100089224225885","https:\/\/x.com\/CapitalLynk","https:\/\/www.linkedin.com\/company\/lynk-capital-markets\/"]}]}},"_links":{"self":[{"href":"https:\/\/lynkcm.com\/pt\/wp-json\/wp\/v2\/pages\/62144","targetHints":{"allow":["GET"]}}],"collection":[{"href":"https:\/\/lynkcm.com\/pt\/wp-json\/wp\/v2\/pages"}],"about":[{"href":"https:\/\/lynkcm.com\/pt\/wp-json\/wp\/v2\/types\/page"}],"author":[{"embeddable":true,"href":"https:\/\/lynkcm.com\/pt\/wp-json\/wp\/v2\/users\/5"}],"replies":[{"embeddable":true,"href":"https:\/\/lynkcm.com\/pt\/wp-json\/wp\/v2\/comments?post=62144"}],"version-history":[{"count":63,"href":"https:\/\/lynkcm.com\/pt\/wp-json\/wp\/v2\/pages\/62144\/revisions"}],"predecessor-version":[{"id":68556,"href":"https:\/\/lynkcm.com\/pt\/wp-json\/wp\/v2\/pages\/62144\/revisions\/68556"}],"wp:attachment":[{"href":"https:\/\/lynkcm.com\/pt\/wp-json\/wp\/v2\/media?parent=62144"}],"curies":[{"name":"wp","href":"https:\/\/api.w.org\/{rel}","templated":true}]}}