{"id":2838,"date":"2024-04-29T20:44:21","date_gmt":"2024-04-29T20:44:21","guid":{"rendered":"https:\/\/lynkcm.com\/?page_id=2838"},"modified":"2025-09-23T12:34:41","modified_gmt":"2025-09-23T12:34:41","slug":"fees-table-anchorage","status":"publish","type":"page","link":"https:\/\/lynkcm.com\/pt\/fees-table-anchorage","title":{"rendered":"Tabela de tarifas Anchorage"},"content":{"rendered":"<div data-elementor-type=\"wp-page\" data-elementor-id=\"2838\" class=\"elementor elementor-2838\" data-elementor-post-type=\"page\">\n\t\t\t\t\t\t<section class=\"elementor-section elementor-top-section elementor-element elementor-element-50c1970 elementor-section-boxed elementor-section-height-default elementor-section-height-default\" data-id=\"50c1970\" data-element_type=\"section\" id=\"lynkport\" data-settings=\"{&quot;background_background&quot;:&quot;classic&quot;}\">\n\t\t\t\t\t\t<div class=\"elementor-container elementor-column-gap-default\">\n\t\t\t\t\t<div class=\"elementor-column elementor-col-100 elementor-top-column elementor-element elementor-element-a3bd420\" data-id=\"a3bd420\" data-element_type=\"column\" data-settings=\"{&quot;background_background&quot;:&quot;classic&quot;}\">\n\t\t\t<div class=\"elementor-widget-wrap elementor-element-populated\">\n\t\t\t\t\t\t<section class=\"elementor-section elementor-inner-section elementor-element elementor-element-605d0e7 elementor-section-boxed elementor-section-height-default elementor-section-height-default\" data-id=\"605d0e7\" data-element_type=\"section\">\n\t\t\t\t\t\t<div class=\"elementor-container elementor-column-gap-wide\">\n\t\t\t\t\t<div class=\"elementor-column elementor-col-100 elementor-inner-column elementor-element elementor-element-4716b29\" data-id=\"4716b29\" data-element_type=\"column\">\n\t\t\t<div class=\"elementor-widget-wrap elementor-element-populated\">\n\t\t\t\t\t\t<div class=\"elementor-element elementor-element-8b2b425 elementor-widget elementor-widget-image\" data-id=\"8b2b425\" data-element_type=\"widget\" data-widget_type=\"image.default\">\n\t\t\t\t<div class=\"elementor-widget-container\">\n\t\t\t\t\t\t\t\t\t\t\t\t\t\t\t<img decoding=\"async\" width=\"300\" height=\"69\" src=\"https:\/\/lynkcm.com\/wp-content\/uploads\/2024\/04\/anchorage-logo-big-300x69.png\" class=\"attachment-medium size-medium wp-image-2841\" alt=\"\" srcset=\"https:\/\/lynkcm.com\/wp-content\/uploads\/2024\/04\/anchorage-logo-big-300x69.png 300w, https:\/\/lynkcm.com\/wp-content\/uploads\/2024\/04\/anchorage-logo-big.png 414w\" sizes=\"(max-width: 300px) 100vw, 300px\" \/>\t\t\t\t\t\t\t\t\t\t\t\t\t\t\t<\/div>\n\t\t\t\t<\/div>\n\t\t\t\t<div class=\"elementor-element elementor-element-aa8d63d elementor-widget elementor-widget-spacer\" data-id=\"aa8d63d\" data-element_type=\"widget\" data-widget_type=\"spacer.default\">\n\t\t\t\t<div class=\"elementor-widget-container\">\n\t\t\t\t\t\t\t<div class=\"elementor-spacer\">\n\t\t\t<div class=\"elementor-spacer-inner\"><\/div>\n\t\t<\/div>\n\t\t\t\t\t\t<\/div>\n\t\t\t\t<\/div>\n\t\t\t\t<div class=\"elementor-element elementor-element-7a7980b elementor-widget elementor-widget-heading\" data-id=\"7a7980b\" data-element_type=\"widget\" data-widget_type=\"heading.default\">\n\t\t\t\t<div class=\"elementor-widget-container\">\n\t\t\t\t\t<h3 class=\"elementor-heading-title elementor-size-default\">Resumo da tabela de tarifas LYNK<\/h3>\t\t\t\t<\/div>\n\t\t\t\t<\/div>\n\t\t\t\t<div class=\"elementor-element elementor-element-b5dd024 elementor-widget elementor-widget-spacer\" data-id=\"b5dd024\" data-element_type=\"widget\" data-widget_type=\"spacer.default\">\n\t\t\t\t<div class=\"elementor-widget-container\">\n\t\t\t\t\t\t\t<div class=\"elementor-spacer\">\n\t\t\t<div class=\"elementor-spacer-inner\"><\/div>\n\t\t<\/div>\n\t\t\t\t\t\t<\/div>\n\t\t\t\t<\/div>\n\t\t\t\t\t<\/div>\n\t\t<\/div>\n\t\t\t\t\t<\/div>\n\t\t<\/section>\n\t\t\t\t<section class=\"elementor-section elementor-inner-section elementor-element elementor-element-4711582 elementor-section-content-middle elementor-section-boxed elementor-section-height-default elementor-section-height-default\" data-id=\"4711582\" data-element_type=\"section\">\n\t\t\t\t\t\t<div class=\"elementor-container elementor-column-gap-wider\">\n\t\t\t\t\t<div class=\"elementor-column elementor-col-50 elementor-inner-column elementor-element elementor-element-f797314\" data-id=\"f797314\" data-element_type=\"column\" data-settings=\"{&quot;background_background&quot;:&quot;classic&quot;}\">\n\t\t\t<div class=\"elementor-widget-wrap elementor-element-populated\">\n\t\t\t\t\t\t<div class=\"elementor-element elementor-element-c2bf93c elementor-widget__width-initial elementor-widget elementor-widget-heading\" data-id=\"c2bf93c\" data-element_type=\"widget\" data-widget_type=\"heading.default\">\n\t\t\t\t<div class=\"elementor-widget-container\">\n\t\t\t\t\t<h4 class=\"elementor-heading-title elementor-size-default\">Taxas de cust\u00f3dia<\/h4>\t\t\t\t<\/div>\n\t\t\t\t<\/div>\n\t\t\t\t<div class=\"elementor-element elementor-element-5a70270 bdt-header-hidden-yes elementor-widget elementor-widget-bdt-table\" data-id=\"5a70270\" data-element_type=\"widget\" data-widget_type=\"bdt-table.default\">\n\t\t\t\t<div class=\"elementor-widget-container\">\n\t\t\t\t\t        <div class=\"bdt-table bdt-table-default-responsive\" id=\"bdt-table-5a70270\">\n\n\n            \n        <table class=\"bdt-static-table\">\n\n            <thead>\n                <tr>\n                    \n                        <th class=\"bdt-static-column-cell elementor-repeater-item-87cc52e\">\n                            <div class=\"bdt-static-column-cell-wrap\">\n\n                                <div class=\"bdt-static-column-cell-text\">Telefone<\/div>\n\n                                \n                                \n                            <\/div>\n                        <\/th>\n\n                                    <\/tr>\n            <\/thead>\n\n            <tbody>\n                                    <tr>\n                                                        <td class=\"bdt-static-body-row-cell elementor-repeater-item-13dc71a\">\n\n                                    <div class=\"bdt-static-body-row-cell-wrap\">\n                                        <div class=\"bdt-static-body-row-cell-text\">35 bps<\/div>\n\n                                        \n                                                                            <\/div>\n\n                                <\/td>\n                                                        <td class=\"bdt-static-body-row-cell elementor-repeater-item-ab1c81d\">\n\n                                    <div class=\"bdt-static-body-row-cell-wrap\">\n                                        <div class=\"bdt-static-body-row-cell-text\"> cobrado mensalmente com base no valor em d\u00f3lares dos ativos<\/div>\n\n                                        \n                                                                            <\/div>\n\n                                <\/td>\n                                            <\/tr>\n                            <\/tbody>\n\n        <\/table>\n\n    \n        <\/div>\n\t\t\t\t<\/div>\n\t\t\t\t<\/div>\n\t\t\t\t\t<\/div>\n\t\t<\/div>\n\t\t\t\t<div class=\"elementor-column elementor-col-50 elementor-inner-column elementor-element elementor-element-ddd856e\" data-id=\"ddd856e\" data-element_type=\"column\" data-settings=\"{&quot;background_background&quot;:&quot;classic&quot;}\">\n\t\t\t<div class=\"elementor-widget-wrap elementor-element-populated\">\n\t\t\t\t\t\t<div class=\"elementor-element elementor-element-9476a84 elementor-widget__width-inherit elementor-widget elementor-widget-heading\" data-id=\"9476a84\" data-element_type=\"widget\" data-widget_type=\"heading.default\">\n\t\t\t\t<div class=\"elementor-widget-container\">\n\t\t\t\t\t<h4 class=\"elementor-heading-title elementor-size-default\">Taxas de servi\u00e7os de corretagem<\/h4>\t\t\t\t<\/div>\n\t\t\t\t<\/div>\n\t\t\t\t<div class=\"elementor-element elementor-element-472d0ee bdt-header-hidden-yes elementor-widget elementor-widget-bdt-table\" data-id=\"472d0ee\" data-element_type=\"widget\" data-widget_type=\"bdt-table.default\">\n\t\t\t\t<div class=\"elementor-widget-container\">\n\t\t\t\t\t        <div class=\"bdt-table bdt-table-default-responsive\" id=\"bdt-table-472d0ee\">\n\n\n            \n        <table class=\"bdt-static-table\">\n\n            <thead>\n                <tr>\n                    \n                        <th class=\"bdt-static-column-cell elementor-repeater-item-87cc52e\">\n                            <div class=\"bdt-static-column-cell-wrap\">\n\n                                <div class=\"bdt-static-column-cell-text\">Telefone<\/div>\n\n                                \n                                \n                            <\/div>\n                        <\/th>\n\n                                    <\/tr>\n            <\/thead>\n\n            <tbody>\n                                    <tr>\n                                                        <td class=\"bdt-static-body-row-cell elementor-repeater-item-13dc71a\">\n\n                                    <div class=\"bdt-static-body-row-cell-wrap\">\n                                        <div class=\"bdt-static-body-row-cell-text\">15 bps<\/div>\n\n                                        \n                                                                            <\/div>\n\n                                <\/td>\n                                                        <td class=\"bdt-static-body-row-cell elementor-repeater-item-ab1c81d\">\n\n                                    <div class=\"bdt-static-body-row-cell-wrap\">\n                                        <div class=\"bdt-static-body-row-cell-text\"> \u00e9 incorporado ao com\u00e9rcio e n\u00e3o \u00e9 cobrado em atraso<\/div>\n\n                                        \n                                                                            <\/div>\n\n                                <\/td>\n                                            <\/tr>\n                            <\/tbody>\n\n        <\/table>\n\n    \n        <\/div>\n\t\t\t\t<\/div>\n\t\t\t\t<\/div>\n\t\t\t\t\t<\/div>\n\t\t<\/div>\n\t\t\t\t\t<\/div>\n\t\t<\/section>\n\t\t\t\t\t<\/div>\n\t\t<\/div>\n\t\t\t\t\t<\/div>\n\t\t<\/section>\n\t\t\t\t<section class=\"elementor-section elementor-top-section elementor-element elementor-element-1b1c123 elementor-section-boxed elementor-section-height-default elementor-section-height-default\" data-id=\"1b1c123\" data-element_type=\"section\" data-settings=\"{&quot;background_background&quot;:&quot;classic&quot;}\">\n\t\t\t\t\t\t<div class=\"elementor-container elementor-column-gap-default\">\n\t\t\t\t\t<div class=\"elementor-column elementor-col-100 elementor-top-column elementor-element elementor-element-45a0776\" data-id=\"45a0776\" data-element_type=\"column\">\n\t\t\t<div class=\"elementor-widget-wrap\">\n\t\t\t\t\t\t\t<\/div>\n\t\t<\/div>\n\t\t\t\t\t<\/div>\n\t\t<\/section>\n\t\t\t\t<\/div>","protected":false},"excerpt":{"rendered":"<p>Resumo da tabela de tarifas do LYNK Taxas de cust\u00f3dia Telefone 35 bps faturado [...]<\/p>","protected":false},"author":2,"featured_media":2725,"parent":0,"menu_order":3,"comment_status":"closed","ping_status":"closed","template":"","meta":{"footnotes":""},"class_list":["post-2838","page","type-page","status-publish","has-post-thumbnail","hentry"],"yoast_head":"<!-- This site is optimized with the Yoast SEO plugin v26.5 - https:\/\/yoast.com\/wordpress\/plugins\/seo\/ -->\n<title>Lynk Markets - One stop solution for portfolio strategies and alternative investments<\/title>\n<meta name=\"description\" content=\"Uniting buyers and sellers, we fuel growth through technology-driven solutions and an exceptional customer experience.\" \/>\n<meta name=\"robots\" content=\"index, follow, max-snippet:-1, max-image-preview:large, max-video-preview:-1\" \/>\n<link rel=\"canonical\" href=\"https:\/\/lynkcm.com\/pt\/fees-table-anchorage\/\" \/>\n<meta property=\"og:locale\" content=\"pt_BR\" \/>\n<meta property=\"og:type\" content=\"article\" \/>\n<meta property=\"og:title\" content=\"Lynk Markets - One stop solution for portfolio strategies and alternative investments\" \/>\n<meta property=\"og:description\" content=\"Uniting buyers and sellers, we fuel growth through technology-driven solutions and an exceptional customer experience.\" \/>\n<meta property=\"og:url\" content=\"https:\/\/lynkcm.com\/pt\/fees-table-anchorage\/\" \/>\n<meta property=\"og:site_name\" content=\"Lynk Markets\" \/>\n<meta property=\"article:publisher\" content=\"https:\/\/www.facebook.com\/profile.php?id=100089224225885\" \/>\n<meta property=\"article:modified_time\" content=\"2025-09-23T12:34:41+00:00\" \/>\n<meta property=\"og:image\" content=\"https:\/\/lynkcm.com\/wp-content\/uploads\/2024\/04\/featured-image-web.jpg\" \/>\n\t<meta property=\"og:image:width\" content=\"580\" \/>\n\t<meta property=\"og:image:height\" content=\"447\" \/>\n\t<meta property=\"og:image:type\" content=\"image\/jpeg\" \/>\n<meta name=\"twitter:card\" content=\"summary_large_image\" \/>\n<meta name=\"twitter:site\" content=\"@CapitalLynk\" \/>\n<meta name=\"twitter:label1\" content=\"Est. tempo de leitura\" \/>\n\t<meta name=\"twitter:data1\" content=\"1 minuto\" \/>\n<script type=\"application\/ld+json\" class=\"yoast-schema-graph\">{\"@context\":\"https:\/\/schema.org\",\"@graph\":[{\"@type\":\"WebPage\",\"@id\":\"https:\/\/lynkcm.com\/fees-table-anchorage\",\"url\":\"https:\/\/lynkcm.com\/fees-table-anchorage\",\"name\":\"Lynk Markets - One stop solution for portfolio strategies and alternative investments\",\"isPartOf\":{\"@id\":\"https:\/\/lynkcm.com\/#website\"},\"primaryImageOfPage\":{\"@id\":\"https:\/\/lynkcm.com\/fees-table-anchorage#primaryimage\"},\"image\":{\"@id\":\"https:\/\/lynkcm.com\/fees-table-anchorage#primaryimage\"},\"thumbnailUrl\":\"https:\/\/lynkcm.com\/wp-content\/uploads\/2024\/04\/featured-image-web.jpg\",\"datePublished\":\"2024-04-29T20:44:21+00:00\",\"dateModified\":\"2025-09-23T12:34:41+00:00\",\"description\":\"Uniting buyers and sellers, we fuel growth through technology-driven solutions and an exceptional customer experience.\",\"breadcrumb\":{\"@id\":\"https:\/\/lynkcm.com\/fees-table-anchorage#breadcrumb\"},\"inLanguage\":\"pt-BR\",\"potentialAction\":[{\"@type\":\"ReadAction\",\"target\":[\"https:\/\/lynkcm.com\/fees-table-anchorage\"]}]},{\"@type\":\"ImageObject\",\"inLanguage\":\"pt-BR\",\"@id\":\"https:\/\/lynkcm.com\/fees-table-anchorage#primaryimage\",\"url\":\"https:\/\/lynkcm.com\/wp-content\/uploads\/2024\/04\/featured-image-web.jpg\",\"contentUrl\":\"https:\/\/lynkcm.com\/wp-content\/uploads\/2024\/04\/featured-image-web.jpg\",\"width\":580,\"height\":447,\"caption\":\"Lynk Capital Markets\"},{\"@type\":\"BreadcrumbList\",\"@id\":\"https:\/\/lynkcm.com\/fees-table-anchorage#breadcrumb\",\"itemListElement\":[{\"@type\":\"ListItem\",\"position\":1,\"name\":\"Home\",\"item\":\"https:\/\/lynkcm.com\/\"},{\"@type\":\"ListItem\",\"position\":2,\"name\":\"Fees Table Anchorage\"}]},{\"@type\":\"WebSite\",\"@id\":\"https:\/\/lynkcm.com\/#website\",\"url\":\"https:\/\/lynkcm.com\/\",\"name\":\"Lynk Capital Markets\",\"description\":\"One stop solution for portfolio strategies and alternative investments\",\"publisher\":{\"@id\":\"https:\/\/lynkcm.com\/#organization\"},\"potentialAction\":[{\"@type\":\"SearchAction\",\"target\":{\"@type\":\"EntryPoint\",\"urlTemplate\":\"https:\/\/lynkcm.com\/?s={search_term_string}\"},\"query-input\":{\"@type\":\"PropertyValueSpecification\",\"valueRequired\":true,\"valueName\":\"search_term_string\"}}],\"inLanguage\":\"pt-BR\"},{\"@type\":\"Organization\",\"@id\":\"https:\/\/lynkcm.com\/#organization\",\"name\":\"Lynk Capital Markets\",\"url\":\"https:\/\/lynkcm.com\/\",\"logo\":{\"@type\":\"ImageObject\",\"inLanguage\":\"pt-BR\",\"@id\":\"https:\/\/lynkcm.com\/#\/schema\/logo\/image\/\",\"url\":\"https:\/\/lynkcm.com\/wp-content\/uploads\/2024\/02\/lynk-logo.svg\",\"contentUrl\":\"https:\/\/lynkcm.com\/wp-content\/uploads\/2024\/02\/lynk-logo.svg\",\"width\":1907,\"height\":1010,\"caption\":\"Lynk Capital Markets\"},\"image\":{\"@id\":\"https:\/\/lynkcm.com\/#\/schema\/logo\/image\/\"},\"sameAs\":[\"https:\/\/www.facebook.com\/profile.php?id=100089224225885\",\"https:\/\/x.com\/CapitalLynk\",\"https:\/\/www.linkedin.com\/company\/lynk-capital-markets\/\"]}]}<\/script>\n<!-- \/ Yoast SEO plugin. -->","yoast_head_json":{"title":"Lynk Markets - Solu\u00e7\u00e3o completa para estrat\u00e9gias de portf\u00f3lio e investimentos alternativos","description":"Unindo compradores e vendedores, impulsionamos o crescimento por meio de solu\u00e7\u00f5es baseadas em tecnologia e uma experi\u00eancia excepcional para o cliente.","robots":{"index":"index","follow":"follow","max-snippet":"max-snippet:-1","max-image-preview":"max-image-preview:large","max-video-preview":"max-video-preview:-1"},"canonical":"https:\/\/lynkcm.com\/pt\/fees-table-anchorage\/","og_locale":"pt_BR","og_type":"article","og_title":"Lynk Markets - One stop solution for portfolio strategies and alternative investments","og_description":"Uniting buyers and sellers, we fuel growth through technology-driven solutions and an exceptional customer experience.","og_url":"https:\/\/lynkcm.com\/pt\/fees-table-anchorage\/","og_site_name":"Lynk Markets","article_publisher":"https:\/\/www.facebook.com\/profile.php?id=100089224225885","article_modified_time":"2025-09-23T12:34:41+00:00","og_image":[{"width":580,"height":447,"url":"https:\/\/lynkcm.com\/wp-content\/uploads\/2024\/04\/featured-image-web.jpg","type":"image\/jpeg"}],"twitter_card":"summary_large_image","twitter_site":"@CapitalLynk","twitter_misc":{"Est. tempo de leitura":"1 minuto"},"schema":{"@context":"https:\/\/schema.org","@graph":[{"@type":"WebPage","@id":"https:\/\/lynkcm.com\/fees-table-anchorage","url":"https:\/\/lynkcm.com\/fees-table-anchorage","name":"Lynk Markets - Solu\u00e7\u00e3o completa para estrat\u00e9gias de portf\u00f3lio e investimentos alternativos","isPartOf":{"@id":"https:\/\/lynkcm.com\/#website"},"primaryImageOfPage":{"@id":"https:\/\/lynkcm.com\/fees-table-anchorage#primaryimage"},"image":{"@id":"https:\/\/lynkcm.com\/fees-table-anchorage#primaryimage"},"thumbnailUrl":"https:\/\/lynkcm.com\/wp-content\/uploads\/2024\/04\/featured-image-web.jpg","datePublished":"2024-04-29T20:44:21+00:00","dateModified":"2025-09-23T12:34:41+00:00","description":"Unindo compradores e vendedores, impulsionamos o crescimento por meio de solu\u00e7\u00f5es baseadas em tecnologia e uma experi\u00eancia excepcional para o cliente.","breadcrumb":{"@id":"https:\/\/lynkcm.com\/fees-table-anchorage#breadcrumb"},"inLanguage":"pt-BR","potentialAction":[{"@type":"ReadAction","target":["https:\/\/lynkcm.com\/fees-table-anchorage"]}]},{"@type":"ImageObject","inLanguage":"pt-BR","@id":"https:\/\/lynkcm.com\/fees-table-anchorage#primaryimage","url":"https:\/\/lynkcm.com\/wp-content\/uploads\/2024\/04\/featured-image-web.jpg","contentUrl":"https:\/\/lynkcm.com\/wp-content\/uploads\/2024\/04\/featured-image-web.jpg","width":580,"height":447,"caption":"Lynk Capital Markets"},{"@type":"BreadcrumbList","@id":"https:\/\/lynkcm.com\/fees-table-anchorage#breadcrumb","itemListElement":[{"@type":"ListItem","position":1,"name":"Home","item":"https:\/\/lynkcm.com\/"},{"@type":"ListItem","position":2,"name":"Fees Table Anchorage"}]},{"@type":"WebSite","@id":"https:\/\/lynkcm.com\/#website","url":"https:\/\/lynkcm.com\/","name":"Lynk Capital Markets","description":"Solu\u00e7\u00e3o completa para estrat\u00e9gias de portf\u00f3lio e investimentos alternativos","publisher":{"@id":"https:\/\/lynkcm.com\/#organization"},"potentialAction":[{"@type":"SearchAction","target":{"@type":"EntryPoint","urlTemplate":"https:\/\/lynkcm.com\/?s={search_term_string}"},"query-input":{"@type":"PropertyValueSpecification","valueRequired":true,"valueName":"search_term_string"}}],"inLanguage":"pt-BR"},{"@type":"Organization","@id":"https:\/\/lynkcm.com\/#organization","name":"Lynk Capital Markets","url":"https:\/\/lynkcm.com\/","logo":{"@type":"ImageObject","inLanguage":"pt-BR","@id":"https:\/\/lynkcm.com\/#\/schema\/logo\/image\/","url":"https:\/\/lynkcm.com\/wp-content\/uploads\/2024\/02\/lynk-logo.svg","contentUrl":"https:\/\/lynkcm.com\/wp-content\/uploads\/2024\/02\/lynk-logo.svg","width":1907,"height":1010,"caption":"Lynk Capital Markets"},"image":{"@id":"https:\/\/lynkcm.com\/#\/schema\/logo\/image\/"},"sameAs":["https:\/\/www.facebook.com\/profile.php?id=100089224225885","https:\/\/x.com\/CapitalLynk","https:\/\/www.linkedin.com\/company\/lynk-capital-markets\/"]}]}},"_links":{"self":[{"href":"https:\/\/lynkcm.com\/pt\/wp-json\/wp\/v2\/pages\/2838","targetHints":{"allow":["GET"]}}],"collection":[{"href":"https:\/\/lynkcm.com\/pt\/wp-json\/wp\/v2\/pages"}],"about":[{"href":"https:\/\/lynkcm.com\/pt\/wp-json\/wp\/v2\/types\/page"}],"author":[{"embeddable":true,"href":"https:\/\/lynkcm.com\/pt\/wp-json\/wp\/v2\/users\/2"}],"replies":[{"embeddable":true,"href":"https:\/\/lynkcm.com\/pt\/wp-json\/wp\/v2\/comments?post=2838"}],"version-history":[{"count":31,"href":"https:\/\/lynkcm.com\/pt\/wp-json\/wp\/v2\/pages\/2838\/revisions"}],"predecessor-version":[{"id":52003,"href":"https:\/\/lynkcm.com\/pt\/wp-json\/wp\/v2\/pages\/2838\/revisions\/52003"}],"wp:featuredmedia":[{"embeddable":true,"href":"https:\/\/lynkcm.com\/pt\/wp-json\/wp\/v2\/media\/2725"}],"wp:attachment":[{"href":"https:\/\/lynkcm.com\/pt\/wp-json\/wp\/v2\/media?parent=2838"}],"curies":[{"name":"wp","href":"https:\/\/api.w.org\/{rel}","templated":true}]}}