{"id":1589,"date":"2024-03-11T11:47:33","date_gmt":"2024-03-11T11:47:33","guid":{"rendered":"https:\/\/lynkcm.com\/?page_id=1589"},"modified":"2024-08-01T17:46:47","modified_gmt":"2024-08-01T17:46:47","slug":"terms-and-conditions-2","status":"publish","type":"page","link":"https:\/\/lynkcm.com\/pt\/terms-and-conditions-2","title":{"rendered":"Termos e condi\u00e7\u00f5es"},"content":{"rendered":"<div data-elementor-type=\"wp-page\" data-elementor-id=\"1589\" class=\"elementor elementor-1589\" data-elementor-post-type=\"page\">\n\t\t\t\t<div class=\"elementor-element elementor-element-76d2045 e-flex e-con-boxed e-con e-parent\" data-id=\"76d2045\" data-element_type=\"container\">\n\t\t\t\t\t<div class=\"e-con-inner\">\n\t\t\t\t<div class=\"elementor-element elementor-element-e8c1f44 elementor-widget elementor-widget-heading\" data-id=\"e8c1f44\" data-element_type=\"widget\" data-widget_type=\"heading.default\">\n\t\t\t\t<div class=\"elementor-widget-container\">\n\t\t\t\t\t<h6 class=\"elementor-heading-title elementor-size-default\">Dados pessoais e aviso de privacidade<\/h6>\t\t\t\t<\/div>\n\t\t\t\t<\/div>\n\t\t\t\t\t<\/div>\n\t\t\t\t<\/div>\n\t\t<div class=\"elementor-element elementor-element-0c331f9 e-flex e-con-boxed e-con e-parent\" data-id=\"0c331f9\" data-element_type=\"container\">\n\t\t\t\t\t<div class=\"e-con-inner\">\n\t\t\t\t<div class=\"elementor-element elementor-element-490e07b elementor-widget elementor-widget-heading\" data-id=\"490e07b\" data-element_type=\"widget\" data-widget_type=\"heading.default\">\n\t\t\t\t<div class=\"elementor-widget-container\">\n\t\t\t\t\t<h3 class=\"elementor-heading-title elementor-size-default\">Introdu\u00e7\u00e3o <\/h3>\t\t\t\t<\/div>\n\t\t\t\t<\/div>\n\t\t\t\t\t<\/div>\n\t\t\t\t<\/div>\n\t\t<div class=\"elementor-element elementor-element-c46fc0b e-flex e-con-boxed e-con e-parent\" data-id=\"c46fc0b\" data-element_type=\"container\">\n\t\t\t\t\t<div class=\"e-con-inner\">\n\t\t\t\t<div class=\"elementor-element elementor-element-800bd9b elementor-widget elementor-widget-text-editor\" data-id=\"800bd9b\" data-element_type=\"widget\" data-widget_type=\"text-editor.default\">\n\t\t\t\t<div class=\"elementor-widget-container\">\n\t\t\t\t\t\t\t\t\t<p><span style=\"font-weight: 400;\">O objetivo deste aviso \u00e9 fornecer informa\u00e7\u00f5es sobre o uso que fazemos de seus dados pessoais de acordo com a Lei de Prote\u00e7\u00e3o de Dados das Ilhas Cayman de 2017 (a \u201c<\/span><b>DPL<\/b><span style=\"font-weight: 400;\">\u201d). A DPL, em vigor desde 30 de setembro de 2019, \u00e9 aplic\u00e1vel a pessoas f\u00edsicas associadas \u00e0s entidades domiciliadas nas Ilhas Cayman. A DPL \u00e9 baseada em um conjunto de princ\u00edpios de privacidade reconhecidos internacionalmente e fornece uma estrutura de direitos e deveres projetados para dar aos indiv\u00edduos maior controle sobre seus dados pessoais. Isso n\u00e3o altera a maneira pela qual usamos ou pretendemos usar seus dados pessoais.\u00a0<\/span><\/p><p><span style=\"font-weight: 400;\">Neste documento, \u201cn\u00f3s\u201d, \u201cnos\u201d e \u201cnosso\u201d referem-se \u00e0 Lynk Capital Markets LTD. (\u201cLynk\u201d), suas afiliadas e\/ou delegados.<\/span><\/p>\t\t\t\t\t\t\t\t<\/div>\n\t\t\t\t<\/div>\n\t\t\t\t\t<\/div>\n\t\t\t\t<\/div>\n\t\t<div class=\"elementor-element elementor-element-d10c6f8 e-flex e-con-boxed e-con e-parent\" data-id=\"d10c6f8\" data-element_type=\"container\">\n\t\t\t\t\t<div class=\"e-con-inner\">\n\t\t\t\t<div class=\"elementor-element elementor-element-f27fb98 elementor-widget elementor-widget-heading\" data-id=\"f27fb98\" data-element_type=\"widget\" data-widget_type=\"heading.default\">\n\t\t\t\t<div class=\"elementor-widget-container\">\n\t\t\t\t\t<h3 class=\"elementor-heading-title elementor-size-default\">Dados pessoais\u00a0<\/h3>\t\t\t\t<\/div>\n\t\t\t\t<\/div>\n\t\t\t\t\t<\/div>\n\t\t\t\t<\/div>\n\t\t<div class=\"elementor-element elementor-element-b2e8621 e-flex e-con-boxed e-con e-parent\" data-id=\"b2e8621\" data-element_type=\"container\">\n\t\t\t\t\t<div class=\"e-con-inner\">\n\t\t\t\t<div class=\"elementor-element elementor-element-bd264a2 elementor-widget elementor-widget-text-editor\" data-id=\"bd264a2\" data-element_type=\"widget\" data-widget_type=\"text-editor.default\">\n\t\t\t\t<div class=\"elementor-widget-container\">\n\t\t\t\t\t\t\t\t\t<p><span style=\"font-weight: 400;\">Em virtude de suas intera\u00e7\u00f5es conosco e de voc\u00ea nos fornecer informa\u00e7\u00f5es pessoais de indiv\u00edduos ligados a voc\u00ea (incluindo, por exemplo, diretores, administradores, funcion\u00e1rios, representantes, acionistas, investidores, clientes, benefici\u00e1rios efetivos ou agentes), determinadas informa\u00e7\u00f5es pessoais fornecidas por voc\u00ea podem constituir dados pessoais de acordo com o significado da DPL (\u201c<\/span><b>Dados pessoais<\/b><span style=\"font-weight: 400;\">\u201d). Tamb\u00e9m podemos obter Dados Pessoais de outras fontes p\u00fablicas. Os Dados Pessoais incluem, sem limita\u00e7\u00e3o, as seguintes informa\u00e7\u00f5es relacionadas a voc\u00ea e\/ou a quaisquer indiv\u00edduos ligados a voc\u00ea: nome, endere\u00e7o residencial, endere\u00e7o de e-mail, detalhes de contato, informa\u00e7\u00f5es de contato corporativo, assinatura, nacionalidade, local de nascimento, data de nascimento, identifica\u00e7\u00e3o fiscal, hist\u00f3rico de cr\u00e9dito, registros de correspond\u00eancia, n\u00famero do passaporte, detalhes da conta banc\u00e1ria, detalhes da fonte de recursos e detalhes relacionados \u00e0 sua atividade de investimento.\u00a0<\/span><\/p><p><span style=\"font-weight: 400;\">Em nosso uso de Dados Pessoais, a Lynk pode ser caracterizada como um \u201ccontrolador de dados\u201d para os fins da LPD. Al\u00e9m disso, n\u00f3s ou os afiliados e delegados de nossos fundos podemos atuar como \u2019processadores de dados\u201c para os fins da LPD.\u00a0<\/span><\/p><h4><b>Quem isso afeta\u00a0<\/b><\/h4><p><span style=\"font-weight: 400;\">Se voc\u00ea for uma pessoa f\u00edsica, isso o afetar\u00e1 diretamente. Se voc\u00ea for um investidor corporativo que nos fornece Dados Pessoais sobre indiv\u00edduos conectados a voc\u00ea por qualquer motivo em rela\u00e7\u00e3o \u00e0s suas negocia\u00e7\u00f5es conosco, isso ser\u00e1 relevante para esses indiv\u00edduos e voc\u00ea dever\u00e1 transmitir este documento a esses indiv\u00edduos ou de outra forma inform\u00e1-los sobre seu conte\u00fado.\u00a0<\/span><\/p><h4><b>Como podemos usar seu <\/b><b>Dados pessoais\u00a0<\/b><\/h4><p><span style=\"font-weight: 400;\">A Lynk, como controladora de dados, pode coletar, armazenar e usar os Dados Pessoais para fins legais, incluindo, em particular:\u00a0<\/span><\/p><ul><li><b>(i)<\/b><span style=\"font-weight: 400;\">\u00a0Quando isso for necess\u00e1rio para o desempenho de nossos direitos e obriga\u00e7\u00f5es nos termos de nossos acordos com voc\u00ea, incluindo, entre outros, aqueles descritos nos Documentos do Programa relevantes, incluindo, entre outros, os Contratos de Assinatura, Termos e\/ou outros documentos constitucionais e operacionais.\u00a0<\/span><\/li><li><b>(ii)<\/b><span style=\"font-weight: 400;\">\u00a0\u00a0Quando isso for necess\u00e1rio para o cumprimento de uma obriga\u00e7\u00e3o legal e regulamentar \u00e0 qual estamos sujeitos (como o cumprimento de requisitos de combate \u00e0 lavagem de dinheiro); e\/ou\u00a0<\/span><\/li><li><b>(iii)\u00a0<\/b><span style=\"font-weight: 400;\">\u00a0Quando isso for necess\u00e1rio para os fins de nossos interesses leg\u00edtimos e esses interesses n\u00e3o forem sobrepostos por seus interesses, direitos ou liberdades fundamentais.\u00a0<\/span><\/li><\/ul><p><span style=\"font-weight: 400;\">Nossos prestadores de servi\u00e7os podem usar os Dados Pessoais, por exemplo, para fornecer seus servi\u00e7os ou para cumprir os requisitos legais ou regulamentares que se aplicam diretamente a eles, mas esse uso dos Dados Pessoais pelo Administrador ser\u00e1 compat\u00edvel com pelo menos uma das finalidades acima mencionadas para as quais processamos os Dados Pessoais.\u00a0<\/span><\/p><p><span style=\"font-weight: 400;\">Se desejarmos usar os Dados do Investidor para outras finalidades espec\u00edficas (incluindo, se aplic\u00e1vel, qualquer finalidade que exija seu consentimento), entraremos em contato com voc\u00ea.\u00a0<\/span><\/p><h4><b>Por que podemos transferir seus dados pessoais<\/b><\/h4><p><span style=\"font-weight: 400;\">Em determinadas circunst\u00e2ncias, n\u00f3s e\/ou nossas afiliadas ou delegados autorizados podemos ser legalmente obrigados a compartilhar Dados Pessoais e outras informa\u00e7\u00f5es com as autoridades regulat\u00f3rias relevantes, como a Autoridade Monet\u00e1ria das Ilhas Cayman ou a Autoridade de Informa\u00e7\u00f5es Fiscais. Essas autoridades, por sua vez, podem trocar essas informa\u00e7\u00f5es com autoridades estrangeiras, inclusive autoridades fiscais.\u00a0<\/span><\/p><p><span style=\"font-weight: 400;\">Prevemos a divulga\u00e7\u00e3o de Dados Pessoais a partes que prestam servi\u00e7os e suas respectivas afiliadas (que podem incluir determinadas entidades localizadas fora das Ilhas Cayman ou do Espa\u00e7o Econ\u00f4mico Europeu), que processar\u00e3o seus dados pessoais em nosso nome. Essas partes podem incluir, na medida do aplic\u00e1vel:\u00a0<\/span><\/p><ul><li><b>(i)\u00a0<\/b><span style=\"font-weight: 400;\">\u00a0Custodiantes, administradores e\/ou subadministradores, conforme estabelecido nos documentos do programa; e\u00a0<\/span><\/li><li><b>(ii)<\/b><span style=\"font-weight: 400;\"> \u00a0Consultores de investimento, contadores, auditores, custodiantes, deposit\u00e1rios, consultores financeiros, advogados e outros consultores profissionais externos do Fundo.<\/span><\/li><\/ul>\t\t\t\t\t\t\t\t<\/div>\n\t\t\t\t<\/div>\n\t\t\t\t\t<\/div>\n\t\t\t\t<\/div>\n\t\t<div class=\"elementor-element elementor-element-24edb3b e-flex e-con-boxed e-con e-parent\" data-id=\"24edb3b\" data-element_type=\"container\">\n\t\t\t\t\t<div class=\"e-con-inner\">\n\t\t\t\t<div class=\"elementor-element elementor-element-3a03464 elementor-widget elementor-widget-heading\" data-id=\"3a03464\" data-element_type=\"widget\" data-widget_type=\"heading.default\">\n\t\t\t\t<div class=\"elementor-widget-container\">\n\t\t\t\t\t<h3 class=\"elementor-heading-title elementor-size-default\">As medidas de prote\u00e7\u00e3o de dados que tomamos<\/h3>\t\t\t\t<\/div>\n\t\t\t\t<\/div>\n\t\t\t\t\t<\/div>\n\t\t\t\t<\/div>\n\t\t<div class=\"elementor-element elementor-element-19d194f e-flex e-con-boxed e-con e-parent\" data-id=\"19d194f\" data-element_type=\"container\">\n\t\t\t\t\t<div class=\"e-con-inner\">\n\t\t\t\t<div class=\"elementor-element elementor-element-77e2d82 elementor-widget elementor-widget-text-editor\" data-id=\"77e2d82\" data-element_type=\"widget\" data-widget_type=\"text-editor.default\">\n\t\t\t\t<div class=\"elementor-widget-container\">\n\t\t\t\t\t\t\t\t\t<p><span style=\"font-weight: 400;\">Qualquer transfer\u00eancia de Dados Pessoais feita por n\u00f3s ou por nossas afiliadas e\/ou delegados devidamente autorizados fora das Ilhas Cayman dever\u00e1 estar de acordo com as exig\u00eancias da DPL.\u00a0<\/span><\/p><p><span style=\"font-weight: 400;\">N\u00f3s e nossas afiliadas e\/ou delegados devidamente autorizados aplicaremos medidas de seguran\u00e7a de informa\u00e7\u00f5es t\u00e9cnicas e organizacionais apropriadas, projetadas para proteger contra o processamento n\u00e3o autorizado ou ilegal dos Dados do Investidor e contra perda ou destrui\u00e7\u00e3o acidental ou danos aos Dados do Investidor.\u00a0<\/span><\/p><p><span style=\"font-weight: 400;\">N\u00f3s o notificaremos sobre qualquer viola\u00e7\u00e3o dos Dados do Investidor que tenha probabilidade razo\u00e1vel de resultar em um risco aos interesses, direitos fundamentais ou liberdades do usu\u00e1rio ou dos titulares dos dados aos quais os Dados do Investidor relevantes se referem.<\/span><\/p>\t\t\t\t\t\t\t\t<\/div>\n\t\t\t\t<\/div>\n\t\t\t\t\t<\/div>\n\t\t\t\t<\/div>\n\t\t<div class=\"elementor-element elementor-element-c981c1e e-flex e-con-boxed e-con e-parent\" data-id=\"c981c1e\" data-element_type=\"container\">\n\t\t\t\t\t<div class=\"e-con-inner\">\n\t\t\t\t<div class=\"elementor-element elementor-element-3958d40 elementor-widget elementor-widget-heading\" data-id=\"3958d40\" data-element_type=\"widget\" data-widget_type=\"heading.default\">\n\t\t\t\t<div class=\"elementor-widget-container\">\n\t\t\t\t\t<h3 class=\"elementor-heading-title elementor-size-default\">Como entrar em contato\u00a0<\/h3>\t\t\t\t<\/div>\n\t\t\t\t<\/div>\n\t\t\t\t\t<\/div>\n\t\t\t\t<\/div>\n\t\t<div class=\"elementor-element elementor-element-8cd48fb e-flex e-con-boxed e-con e-parent\" data-id=\"8cd48fb\" data-element_type=\"container\">\n\t\t\t\t\t<div class=\"e-con-inner\">\n\t\t\t\t<div class=\"elementor-element elementor-element-3f22e12 elementor-widget elementor-widget-text-editor\" data-id=\"3f22e12\" data-element_type=\"widget\" data-widget_type=\"text-editor.default\">\n\t\t\t\t<div class=\"elementor-widget-container\">\n\t\t\t\t\t\t\t\t\t<p><span style=\"font-weight: 400;\">Caso tenha alguma d\u00favida ou queira discutir seus direitos de prote\u00e7\u00e3o de dados conosco, envie um e-mail para\u00a0<\/span><a href=\"mailto:Lynk.data@lynkcm.com\"><span style=\"font-weight: 400;\">Lynk.data@Lynkcm.com<\/span><\/a><\/p>\t\t\t\t\t\t\t\t<\/div>\n\t\t\t\t<\/div>\n\t\t\t\t\t<\/div>\n\t\t\t\t<\/div>\n\t\t\t\t<\/div>","protected":false},"excerpt":{"rendered":"<p>Dados pessoais e aviso de privacidade Introdu\u00e7\u00e3o O objetivo deste [...]<\/p>","protected":false},"author":2,"featured_media":0,"parent":0,"menu_order":4,"comment_status":"closed","ping_status":"closed","template":"","meta":{"footnotes":""},"class_list":["post-1589","page","type-page","status-publish","hentry"],"yoast_head":"<!-- This site is optimized with the Yoast SEO plugin v26.5 - https:\/\/yoast.com\/wordpress\/plugins\/seo\/ -->\n<title>Terms and conditions - Lynk Markets<\/title>\n<meta name=\"robots\" content=\"index, follow, max-snippet:-1, max-image-preview:large, max-video-preview:-1\" \/>\n<link rel=\"canonical\" href=\"https:\/\/lynkcm.com\/pt\/terms-and-conditions-2\/\" \/>\n<meta property=\"og:locale\" content=\"pt_BR\" \/>\n<meta property=\"og:type\" content=\"article\" \/>\n<meta property=\"og:title\" content=\"Terms and conditions - Lynk Markets\" \/>\n<meta property=\"og:description\" content=\"Personal Data and Privacy Notice Introduction The purpose of this [&hellip;]\" \/>\n<meta property=\"og:url\" content=\"https:\/\/lynkcm.com\/pt\/terms-and-conditions-2\/\" \/>\n<meta property=\"og:site_name\" content=\"Lynk Markets\" \/>\n<meta property=\"article:publisher\" content=\"https:\/\/www.facebook.com\/profile.php?id=100089224225885\" \/>\n<meta property=\"article:modified_time\" content=\"2024-08-01T17:46:47+00:00\" \/>\n<meta name=\"twitter:card\" content=\"summary_large_image\" \/>\n<meta name=\"twitter:site\" content=\"@CapitalLynk\" \/>\n<meta name=\"twitter:label1\" content=\"Est. tempo de leitura\" \/>\n\t<meta name=\"twitter:data1\" content=\"4 minutos\" \/>\n<script type=\"application\/ld+json\" class=\"yoast-schema-graph\">{\"@context\":\"https:\/\/schema.org\",\"@graph\":[{\"@type\":\"WebPage\",\"@id\":\"https:\/\/lynkcm.com\/terms-and-conditions-2\",\"url\":\"https:\/\/lynkcm.com\/terms-and-conditions-2\",\"name\":\"Terms and conditions - Lynk Markets\",\"isPartOf\":{\"@id\":\"https:\/\/lynkcm.com\/#website\"},\"datePublished\":\"2024-03-11T11:47:33+00:00\",\"dateModified\":\"2024-08-01T17:46:47+00:00\",\"breadcrumb\":{\"@id\":\"https:\/\/lynkcm.com\/terms-and-conditions-2#breadcrumb\"},\"inLanguage\":\"pt-BR\",\"potentialAction\":[{\"@type\":\"ReadAction\",\"target\":[\"https:\/\/lynkcm.com\/terms-and-conditions-2\"]}]},{\"@type\":\"BreadcrumbList\",\"@id\":\"https:\/\/lynkcm.com\/terms-and-conditions-2#breadcrumb\",\"itemListElement\":[{\"@type\":\"ListItem\",\"position\":1,\"name\":\"Home\",\"item\":\"https:\/\/lynkcm.com\/\"},{\"@type\":\"ListItem\",\"position\":2,\"name\":\"Terms and conditions\"}]},{\"@type\":\"WebSite\",\"@id\":\"https:\/\/lynkcm.com\/#website\",\"url\":\"https:\/\/lynkcm.com\/\",\"name\":\"Lynk Capital Markets\",\"description\":\"One stop solution for portfolio strategies and alternative investments\",\"publisher\":{\"@id\":\"https:\/\/lynkcm.com\/#organization\"},\"potentialAction\":[{\"@type\":\"SearchAction\",\"target\":{\"@type\":\"EntryPoint\",\"urlTemplate\":\"https:\/\/lynkcm.com\/?s={search_term_string}\"},\"query-input\":{\"@type\":\"PropertyValueSpecification\",\"valueRequired\":true,\"valueName\":\"search_term_string\"}}],\"inLanguage\":\"pt-BR\"},{\"@type\":\"Organization\",\"@id\":\"https:\/\/lynkcm.com\/#organization\",\"name\":\"Lynk Capital Markets\",\"url\":\"https:\/\/lynkcm.com\/\",\"logo\":{\"@type\":\"ImageObject\",\"inLanguage\":\"pt-BR\",\"@id\":\"https:\/\/lynkcm.com\/#\/schema\/logo\/image\/\",\"url\":\"https:\/\/lynkcm.com\/wp-content\/uploads\/2024\/02\/lynk-logo.svg\",\"contentUrl\":\"https:\/\/lynkcm.com\/wp-content\/uploads\/2024\/02\/lynk-logo.svg\",\"width\":1907,\"height\":1010,\"caption\":\"Lynk Capital Markets\"},\"image\":{\"@id\":\"https:\/\/lynkcm.com\/#\/schema\/logo\/image\/\"},\"sameAs\":[\"https:\/\/www.facebook.com\/profile.php?id=100089224225885\",\"https:\/\/x.com\/CapitalLynk\",\"https:\/\/www.linkedin.com\/company\/lynk-capital-markets\/\"]}]}<\/script>\n<!-- \/ Yoast SEO plugin. -->","yoast_head_json":{"title":"Termos e condi\u00e7\u00f5es - Lynk Markets","robots":{"index":"index","follow":"follow","max-snippet":"max-snippet:-1","max-image-preview":"max-image-preview:large","max-video-preview":"max-video-preview:-1"},"canonical":"https:\/\/lynkcm.com\/pt\/terms-and-conditions-2\/","og_locale":"pt_BR","og_type":"article","og_title":"Terms and conditions - Lynk Markets","og_description":"Personal Data and Privacy Notice Introduction The purpose of this [&hellip;]","og_url":"https:\/\/lynkcm.com\/pt\/terms-and-conditions-2\/","og_site_name":"Lynk Markets","article_publisher":"https:\/\/www.facebook.com\/profile.php?id=100089224225885","article_modified_time":"2024-08-01T17:46:47+00:00","twitter_card":"summary_large_image","twitter_site":"@CapitalLynk","twitter_misc":{"Est. tempo de leitura":"4 minutos"},"schema":{"@context":"https:\/\/schema.org","@graph":[{"@type":"WebPage","@id":"https:\/\/lynkcm.com\/terms-and-conditions-2","url":"https:\/\/lynkcm.com\/terms-and-conditions-2","name":"Termos e condi\u00e7\u00f5es - Lynk Markets","isPartOf":{"@id":"https:\/\/lynkcm.com\/#website"},"datePublished":"2024-03-11T11:47:33+00:00","dateModified":"2024-08-01T17:46:47+00:00","breadcrumb":{"@id":"https:\/\/lynkcm.com\/terms-and-conditions-2#breadcrumb"},"inLanguage":"pt-BR","potentialAction":[{"@type":"ReadAction","target":["https:\/\/lynkcm.com\/terms-and-conditions-2"]}]},{"@type":"BreadcrumbList","@id":"https:\/\/lynkcm.com\/terms-and-conditions-2#breadcrumb","itemListElement":[{"@type":"ListItem","position":1,"name":"Home","item":"https:\/\/lynkcm.com\/"},{"@type":"ListItem","position":2,"name":"Terms and conditions"}]},{"@type":"WebSite","@id":"https:\/\/lynkcm.com\/#website","url":"https:\/\/lynkcm.com\/","name":"Lynk Capital Markets","description":"Solu\u00e7\u00e3o completa para estrat\u00e9gias de portf\u00f3lio e investimentos alternativos","publisher":{"@id":"https:\/\/lynkcm.com\/#organization"},"potentialAction":[{"@type":"SearchAction","target":{"@type":"EntryPoint","urlTemplate":"https:\/\/lynkcm.com\/?s={search_term_string}"},"query-input":{"@type":"PropertyValueSpecification","valueRequired":true,"valueName":"search_term_string"}}],"inLanguage":"pt-BR"},{"@type":"Organization","@id":"https:\/\/lynkcm.com\/#organization","name":"Lynk Capital Markets","url":"https:\/\/lynkcm.com\/","logo":{"@type":"ImageObject","inLanguage":"pt-BR","@id":"https:\/\/lynkcm.com\/#\/schema\/logo\/image\/","url":"https:\/\/lynkcm.com\/wp-content\/uploads\/2024\/02\/lynk-logo.svg","contentUrl":"https:\/\/lynkcm.com\/wp-content\/uploads\/2024\/02\/lynk-logo.svg","width":1907,"height":1010,"caption":"Lynk Capital Markets"},"image":{"@id":"https:\/\/lynkcm.com\/#\/schema\/logo\/image\/"},"sameAs":["https:\/\/www.facebook.com\/profile.php?id=100089224225885","https:\/\/x.com\/CapitalLynk","https:\/\/www.linkedin.com\/company\/lynk-capital-markets\/"]}]}},"_links":{"self":[{"href":"https:\/\/lynkcm.com\/pt\/wp-json\/wp\/v2\/pages\/1589","targetHints":{"allow":["GET"]}}],"collection":[{"href":"https:\/\/lynkcm.com\/pt\/wp-json\/wp\/v2\/pages"}],"about":[{"href":"https:\/\/lynkcm.com\/pt\/wp-json\/wp\/v2\/types\/page"}],"author":[{"embeddable":true,"href":"https:\/\/lynkcm.com\/pt\/wp-json\/wp\/v2\/users\/2"}],"replies":[{"embeddable":true,"href":"https:\/\/lynkcm.com\/pt\/wp-json\/wp\/v2\/comments?post=1589"}],"version-history":[{"count":10,"href":"https:\/\/lynkcm.com\/pt\/wp-json\/wp\/v2\/pages\/1589\/revisions"}],"predecessor-version":[{"id":1601,"href":"https:\/\/lynkcm.com\/pt\/wp-json\/wp\/v2\/pages\/1589\/revisions\/1601"}],"wp:attachment":[{"href":"https:\/\/lynkcm.com\/pt\/wp-json\/wp\/v2\/media?parent=1589"}],"curies":[{"name":"wp","href":"https:\/\/api.w.org\/{rel}","templated":true}]}}