{"id":823,"date":"2024-02-21T20:39:22","date_gmt":"2024-02-21T20:39:22","guid":{"rendered":"https:\/\/lynkcm.com\/?page_id=823"},"modified":"2025-10-09T11:33:19","modified_gmt":"2025-10-09T11:33:19","slug":"privacy","status":"publish","type":"page","link":"https:\/\/lynkcm.com\/es\/privacy","title":{"rendered":"Privacidad"},"content":{"rendered":"<div data-elementor-type=\"wp-page\" data-elementor-id=\"823\" class=\"elementor elementor-823\" data-elementor-post-type=\"page\">\n\t\t\t\t<div class=\"elementor-element elementor-element-1002fb62 e-flex e-con-boxed e-con e-parent\" data-id=\"1002fb62\" data-element_type=\"container\">\n\t\t\t\t\t<div class=\"e-con-inner\">\n\t\t\t\t<div class=\"elementor-element elementor-element-d3071f5 elementor-widget elementor-widget-heading\" data-id=\"d3071f5\" data-element_type=\"widget\" data-widget_type=\"heading.default\">\n\t\t\t\t<div class=\"elementor-widget-container\">\n\t\t\t\t\t<h2 class=\"elementor-heading-title elementor-size-default\">Nota sobre privacidad de datos<\/h2>\t\t\t\t<\/div>\n\t\t\t\t<\/div>\n\t\t\t\t<div class=\"elementor-element elementor-element-96e7bd4 elementor-widget-divider--view-line elementor-widget elementor-widget-divider\" data-id=\"96e7bd4\" data-element_type=\"widget\" data-widget_type=\"divider.default\">\n\t\t\t\t<div class=\"elementor-widget-container\">\n\t\t\t\t\t\t\t<div class=\"elementor-divider\">\n\t\t\t<span class=\"elementor-divider-separator\">\n\t\t\t\t\t\t<\/span>\n\t\t<\/div>\n\t\t\t\t\t\t<\/div>\n\t\t\t\t<\/div>\n\t\t\t\t<div class=\"elementor-element elementor-element-2f920200 elementor-widget elementor-widget-text-editor\" data-id=\"2f920200\" data-element_type=\"widget\" data-widget_type=\"text-editor.default\">\n\t\t\t\t<div class=\"elementor-widget-container\">\n\t\t\t\t\t\t\t\t\t<h3><strong>Introducci\u00f3n\u00a0<\/strong><\/h3>\n<p style=\"font-weight: 400;\">El objetivo de este aviso es informarle sobre c\u00f3mo recopilamos, utilizamos y protegemos sus datos personales de conformidad con la Ley de Protecci\u00f3n de Datos de las Islas Caim\u00e1n (Revisi\u00f3n de 2021) (la \u201c<strong>DPL<\/strong>\u201d). La LPD se basa en principios de protecci\u00f3n de datos reconocidos internacionalmente y establece un marco de derechos y obligaciones dise\u00f1ado para proporcionar a los individuos un mayor control sobre sus datos personales. Lynk Capital Markets Ltd. (\u201c<strong>Lynk<\/strong>\u201dact\u00faa como responsable del tratamiento de los datos personales que trata y se compromete a tratarlos de forma l\u00edcita, justa y segura. Este aviso resume c\u00f3mo y por qu\u00e9 tratamos los datos personales y los derechos que asisten a las personas en virtud de la LPD.<\/p>\n<p style=\"font-weight: 400;\">En este anuncio, las referencias a \u201c<strong>nosotros<\/strong>,\u201d \u201c<strong>us<\/strong>,y \u201d<strong>nuestra<\/strong>\u201d significa Lynk y, en su caso, sus filiales, subsidiarias y cualesquiera delegados, proveedores de servicios o agentes que act\u00faen en su nombre.<\/p>\n<h3><strong>Datos personales\u00a0<\/strong><\/h3>\n<p>En virtud de sus interacciones con nosotros y de que nos facilite informaci\u00f3n personal de personas relacionadas con usted (incluidos, por ejemplo, directores, fideicomisarios, empleados, representantes, accionistas, inversores, clientes, beneficiarios efectivos o agentes), determinada informaci\u00f3n personal que nos facilite puede constituir datos personales en el sentido de la LOD (\u201c<strong>Datos personales<\/strong>\u201d). Tambi\u00e9n podemos obtener Datos Personales de otras fuentes p\u00fablicas. Los Datos Personales incluyen, sin limitaci\u00f3n, la siguiente informaci\u00f3n relativa a usted y\/o a cualquier persona relacionada con usted como inversor: nombre, direcci\u00f3n residencial, direcci\u00f3n de correo electr\u00f3nico, datos de contacto, informaci\u00f3n de contacto corporativa, firma, nacionalidad, lugar de nacimiento, fecha de nacimiento, identificaci\u00f3n fiscal, historial crediticio, registros de correspondencia, n\u00famero de pasaporte, detalles de la cuenta bancaria, detalles de la fuente de fondos y detalles relativos a su actividad de inversi\u00f3n.\u00a0<\/p>\n<p>En nuestro uso de los datos personales, Lynk puede ser caracterizado como un \u201ccontrolador de datos\u201d a los efectos de la DPL. Adem\u00e1s, nosotros o nuestros fondos, sus afiliados y delegados pueden actuar como \u2019procesadores de datos\u201c a los efectos de la LPD.\u00a0<\/p>\n<p><strong>A qui\u00e9n afecta\u00a0<\/strong><br \/>Si usted es una persona f\u00edsica, esto le afectar\u00e1 directamente. Si es usted un inversor corporativo que nos facilita Datos Personales de personas f\u00edsicas relacionadas con usted por cualquier motivo en relaci\u00f3n con sus tratos con nosotros, esto ser\u00e1 relevante para dichas personas f\u00edsicas y deber\u00e1 transmitir este documento a dichas personas f\u00edsicas o informarles de otro modo de su contenido.\u00a0<\/p>\n<p><strong>C\u00f3mo podemos utilizar sus datos personales\u00a0<\/strong><br \/>Lynk, como controlador de datos, puede recopilar, almacenar y utilizar Datos Personales para fines legales, incluyendo, en particular:\u00a0<\/p>\n<div class=\"is-layout-constrained wp-block-group inside-margin\">\n<div class=\"wp-block-group__inner-container\">\n<p><strong>(i)<\/strong>\u00a0Cuando sea necesario para el cumplimiento de nuestros derechos y obligaciones en virtud de nuestros acuerdos con usted, incluidos, entre otros, los descritos en los Documentos del Programa pertinentes, incluidos, entre otros, los Contratos de Suscripci\u00f3n, las Condiciones y\/u otros documentos constitucionales y operativos.\u00a0<\/p>\n<p><strong>(ii)<\/strong>\u00a0\u00a0Cuando sea necesario para el cumplimiento de una obligaci\u00f3n legal y reglamentaria a la que estemos sujetos (como el cumplimiento de los requisitos contra el blanqueo de capitales); y\/o\u00a0<\/p>\n<p><strong>(iii)\u00a0<\/strong>\u00a0Cuando sea necesario a efectos de nuestros intereses leg\u00edtimos y dichos intereses no prevalezcan sobre sus intereses, derechos fundamentales o libertades.\u00a0<\/p>\n<\/div>\n<\/div>\n<p>Nuestros proveedores de servicios podr\u00e1n utilizar los Datos Personales, por ejemplo, para prestar sus servicios o para cumplir los requisitos legales o reglamentarios que se le apliquen directamente, pero dicho uso de los Datos Personales por parte del Administrador ser\u00e1 compatible con al menos uno de los fines antes mencionados para los que tratamos los Datos Personales.\u00a0<\/p>\n<p>Si deseamos utilizar los Datos de los inversores para otros fines espec\u00edficos (incluido, si procede, cualquier fin que requiera su consentimiento), nos pondremos en contacto con usted.\u00a0<\/p>\n<p><strong>Por qu\u00e9 podemos transferir sus datos personales\u00a0<\/strong><br \/>En determinadas circunstancias, nosotros y\/o nuestras filiales o delegados autorizados podemos estar legalmente obligados a compartir Datos Personales y otra informaci\u00f3n con las autoridades reguladoras pertinentes, como la Autoridad Monetaria de las Islas Caim\u00e1n o la Autoridad de Informaci\u00f3n Fiscal. \u00c9stas, a su vez, pueden intercambiar esta informaci\u00f3n con autoridades extranjeras, incluidas las autoridades fiscales.\u00a0<\/p>\n<p>Prevemos la divulgaci\u00f3n de datos personales a las partes que prestan servicios y a sus respectivas filiales (que pueden incluir determinadas entidades situadas fuera de las Islas Caim\u00e1n o del Espacio Econ\u00f3mico Europeo), que tratar\u00e1n sus datos personales en nuestro nombre. Dichas partes pueden incluir, en la medida en que sea aplicable:\u00a0<\/p>\n<div class=\"is-layout-constrained wp-block-group inside-margin\">\n<div class=\"wp-block-group__inner-container\">\n<p><strong>(i)\u00a0<\/strong>\u00a0Custodios, administrador y\/o subadministrador, seg\u00fan lo establecido en los documentos del programa; y\u00a0<\/p>\n<p><strong>(ii)<\/strong>\u00a0\u00a0Asesores de inversi\u00f3n, contables, auditores, depositarios, depositarios, asesores financieros, abogados y otros asesores profesionales externos del Fondo.<\/p>\n<\/div>\n<\/div>\n<h3><strong>Las medidas de protecci\u00f3n de datos que tomamos\u00a0<\/strong><\/h3>\n<p>Cualquier transferencia de Datos Personales por nuestra parte o por parte de nuestras filiales y\/o delegados debidamente autorizados fuera de las Islas Caim\u00e1n se realizar\u00e1 de conformidad con los requisitos de la RDP.\u00a0<\/p>\n<p>Nosotros y nuestros afiliados y\/o delegados debidamente autorizados aplicaremos las medidas de seguridad de la informaci\u00f3n t\u00e9cnicas y organizativas apropiadas, dise\u00f1adas para proteger contra el tratamiento no autorizado o ilegal de los Datos de los Inversores, y contra la p\u00e9rdida o destrucci\u00f3n accidental de los Datos de los Inversores, o el da\u00f1o a los mismos.\u00a0<\/p>\n<p>Le notificaremos cualquier violaci\u00f3n de los datos de los inversores que pueda suponer un riesgo para los intereses, derechos fundamentales o libertades de usted o de los interesados a los que se refieran los datos de los inversores en cuesti\u00f3n.<\/p>\n<div class=\"wp-block-spacer\" aria-hidden=\"true\">\u00a0<\/div>\n<hr class=\"wp-block-separator has-alpha-channel-opacity is-style-wide\" \/>\n<div class=\"is-layout-flex wp-container-5 wp-block-columns\">\n<div class=\"is-layout-flow wp-block-column\">\n<p><b><br \/>C\u00f3mo ponerse en contacto\u00a0<br \/><\/b><span style=\"font-size: inherit; text-align: var(--text-align); color: var(--uicore-typography--p-c,'#070707'); font-family: var(--uicore-typography--p-f,'Inter'); font-style: var(--uicore-typography--p-st,'normal'); letter-spacing: var(--uicore-typography--p-ls,'-0.027em'); text-transform: var(--uicore-typography--p-t,'none');\"><span style=\"font-weight: var(--uicore-typography--p-w,'600');\">Si tiene alguna duda o desea hablar con nosotros sobre sus derechos en materia de protecci\u00f3n de datos, env\u00ede un correo electr\u00f3nico a\u00a0<\/span><\/span><a style=\"font-size: inherit; text-align: var(--text-align); font-family: var(--uicore-typography--p-f,'Inter'); font-style: var(--uicore-typography--p-st,'normal'); font-weight: var(--uicore-typography--p-w,'600'); letter-spacing: var(--uicore-typography--p-ls,'-0.027em'); text-transform: var(--uicore-typography--p-t,'none');\" href=\"mailto:Lynk.data@lynkcm.com\">Lynk.data@Lynkcm.com<\/a><\/p>\n<\/div>\n<\/div>\n<p><!-- \/wp:paragraph --><\/p>\t\t\t\t\t\t\t\t<\/div>\n\t\t\t\t<\/div>\n\t\t\t\t\t<\/div>\n\t\t\t\t<\/div>\n\t\t\t\t<\/div>","protected":false},"excerpt":{"rendered":"<p>Nota sobre protecci\u00f3n de datos Introducci\u00f3n El objetivo de esta nota es [...]<\/p>","protected":false},"author":1,"featured_media":0,"parent":0,"menu_order":4,"comment_status":"closed","ping_status":"closed","template":"","meta":{"footnotes":""},"class_list":["post-823","page","type-page","status-publish","hentry"],"yoast_head":"<!-- This site is optimized with the Yoast SEO plugin v26.5 - https:\/\/yoast.com\/wordpress\/plugins\/seo\/ -->\n<title>Privacy - Lynk Markets<\/title>\n<meta name=\"robots\" content=\"index, follow, max-snippet:-1, max-image-preview:large, max-video-preview:-1\" \/>\n<link rel=\"canonical\" href=\"https:\/\/lynkcm.com\/es\/privacy\/\" \/>\n<meta property=\"og:locale\" content=\"es_ES\" \/>\n<meta property=\"og:type\" content=\"article\" \/>\n<meta property=\"og:title\" content=\"Privacy - Lynk Markets\" \/>\n<meta property=\"og:description\" content=\"Data privacy note Introduction\u00a0 The purpose of this notice is [&hellip;]\" \/>\n<meta property=\"og:url\" content=\"https:\/\/lynkcm.com\/es\/privacy\/\" \/>\n<meta property=\"og:site_name\" content=\"Lynk Markets\" \/>\n<meta property=\"article:publisher\" content=\"https:\/\/www.facebook.com\/profile.php?id=100089224225885\" \/>\n<meta property=\"article:modified_time\" content=\"2025-10-09T11:33:19+00:00\" \/>\n<meta name=\"twitter:card\" content=\"summary_large_image\" \/>\n<meta name=\"twitter:site\" content=\"@CapitalLynk\" \/>\n<meta name=\"twitter:label1\" content=\"Tiempo de lectura\" \/>\n\t<meta name=\"twitter:data1\" content=\"4 minutos\" \/>\n<script type=\"application\/ld+json\" class=\"yoast-schema-graph\">{\"@context\":\"https:\/\/schema.org\",\"@graph\":[{\"@type\":\"WebPage\",\"@id\":\"https:\/\/lynkcm.com\/privacy\",\"url\":\"https:\/\/lynkcm.com\/privacy\",\"name\":\"Privacy - Lynk Markets\",\"isPartOf\":{\"@id\":\"https:\/\/lynkcm.com\/#website\"},\"datePublished\":\"2024-02-21T20:39:22+00:00\",\"dateModified\":\"2025-10-09T11:33:19+00:00\",\"breadcrumb\":{\"@id\":\"https:\/\/lynkcm.com\/privacy#breadcrumb\"},\"inLanguage\":\"es\",\"potentialAction\":[{\"@type\":\"ReadAction\",\"target\":[\"https:\/\/lynkcm.com\/privacy\"]}]},{\"@type\":\"BreadcrumbList\",\"@id\":\"https:\/\/lynkcm.com\/privacy#breadcrumb\",\"itemListElement\":[{\"@type\":\"ListItem\",\"position\":1,\"name\":\"Home\",\"item\":\"https:\/\/lynkcm.com\/\"},{\"@type\":\"ListItem\",\"position\":2,\"name\":\"Privacy\"}]},{\"@type\":\"WebSite\",\"@id\":\"https:\/\/lynkcm.com\/#website\",\"url\":\"https:\/\/lynkcm.com\/\",\"name\":\"Lynk Capital Markets\",\"description\":\"One stop solution for portfolio strategies and alternative investments\",\"publisher\":{\"@id\":\"https:\/\/lynkcm.com\/#organization\"},\"potentialAction\":[{\"@type\":\"SearchAction\",\"target\":{\"@type\":\"EntryPoint\",\"urlTemplate\":\"https:\/\/lynkcm.com\/?s={search_term_string}\"},\"query-input\":{\"@type\":\"PropertyValueSpecification\",\"valueRequired\":true,\"valueName\":\"search_term_string\"}}],\"inLanguage\":\"es\"},{\"@type\":\"Organization\",\"@id\":\"https:\/\/lynkcm.com\/#organization\",\"name\":\"Lynk Capital Markets\",\"url\":\"https:\/\/lynkcm.com\/\",\"logo\":{\"@type\":\"ImageObject\",\"inLanguage\":\"es\",\"@id\":\"https:\/\/lynkcm.com\/#\/schema\/logo\/image\/\",\"url\":\"https:\/\/lynkcm.com\/wp-content\/uploads\/2024\/02\/lynk-logo.svg\",\"contentUrl\":\"https:\/\/lynkcm.com\/wp-content\/uploads\/2024\/02\/lynk-logo.svg\",\"width\":1907,\"height\":1010,\"caption\":\"Lynk Capital Markets\"},\"image\":{\"@id\":\"https:\/\/lynkcm.com\/#\/schema\/logo\/image\/\"},\"sameAs\":[\"https:\/\/www.facebook.com\/profile.php?id=100089224225885\",\"https:\/\/x.com\/CapitalLynk\",\"https:\/\/www.linkedin.com\/company\/lynk-capital-markets\/\"]}]}<\/script>\n<!-- \/ Yoast SEO plugin. -->","yoast_head_json":{"title":"Privacidad - Lynk Markets","robots":{"index":"index","follow":"follow","max-snippet":"max-snippet:-1","max-image-preview":"max-image-preview:large","max-video-preview":"max-video-preview:-1"},"canonical":"https:\/\/lynkcm.com\/es\/privacy\/","og_locale":"es_ES","og_type":"article","og_title":"Privacy - Lynk Markets","og_description":"Data privacy note Introduction\u00a0 The purpose of this notice is [&hellip;]","og_url":"https:\/\/lynkcm.com\/es\/privacy\/","og_site_name":"Lynk Markets","article_publisher":"https:\/\/www.facebook.com\/profile.php?id=100089224225885","article_modified_time":"2025-10-09T11:33:19+00:00","twitter_card":"summary_large_image","twitter_site":"@CapitalLynk","twitter_misc":{"Tiempo de lectura":"4 minutos"},"schema":{"@context":"https:\/\/schema.org","@graph":[{"@type":"WebPage","@id":"https:\/\/lynkcm.com\/privacy","url":"https:\/\/lynkcm.com\/privacy","name":"Privacidad - Lynk Markets","isPartOf":{"@id":"https:\/\/lynkcm.com\/#website"},"datePublished":"2024-02-21T20:39:22+00:00","dateModified":"2025-10-09T11:33:19+00:00","breadcrumb":{"@id":"https:\/\/lynkcm.com\/privacy#breadcrumb"},"inLanguage":"es","potentialAction":[{"@type":"ReadAction","target":["https:\/\/lynkcm.com\/privacy"]}]},{"@type":"BreadcrumbList","@id":"https:\/\/lynkcm.com\/privacy#breadcrumb","itemListElement":[{"@type":"ListItem","position":1,"name":"Home","item":"https:\/\/lynkcm.com\/"},{"@type":"ListItem","position":2,"name":"Privacy"}]},{"@type":"WebSite","@id":"https:\/\/lynkcm.com\/#website","url":"https:\/\/lynkcm.com\/","name":"Lynk Capital Markets","description":"Una soluci\u00f3n integral para estrategias de cartera e inversiones alternativas","publisher":{"@id":"https:\/\/lynkcm.com\/#organization"},"potentialAction":[{"@type":"SearchAction","target":{"@type":"EntryPoint","urlTemplate":"https:\/\/lynkcm.com\/?s={search_term_string}"},"query-input":{"@type":"PropertyValueSpecification","valueRequired":true,"valueName":"search_term_string"}}],"inLanguage":"es"},{"@type":"Organization","@id":"https:\/\/lynkcm.com\/#organization","name":"Lynk Capital Markets","url":"https:\/\/lynkcm.com\/","logo":{"@type":"ImageObject","inLanguage":"es","@id":"https:\/\/lynkcm.com\/#\/schema\/logo\/image\/","url":"https:\/\/lynkcm.com\/wp-content\/uploads\/2024\/02\/lynk-logo.svg","contentUrl":"https:\/\/lynkcm.com\/wp-content\/uploads\/2024\/02\/lynk-logo.svg","width":1907,"height":1010,"caption":"Lynk Capital Markets"},"image":{"@id":"https:\/\/lynkcm.com\/#\/schema\/logo\/image\/"},"sameAs":["https:\/\/www.facebook.com\/profile.php?id=100089224225885","https:\/\/x.com\/CapitalLynk","https:\/\/www.linkedin.com\/company\/lynk-capital-markets\/"]}]}},"_links":{"self":[{"href":"https:\/\/lynkcm.com\/es\/wp-json\/wp\/v2\/pages\/823","targetHints":{"allow":["GET"]}}],"collection":[{"href":"https:\/\/lynkcm.com\/es\/wp-json\/wp\/v2\/pages"}],"about":[{"href":"https:\/\/lynkcm.com\/es\/wp-json\/wp\/v2\/types\/page"}],"author":[{"embeddable":true,"href":"https:\/\/lynkcm.com\/es\/wp-json\/wp\/v2\/users\/1"}],"replies":[{"embeddable":true,"href":"https:\/\/lynkcm.com\/es\/wp-json\/wp\/v2\/comments?post=823"}],"version-history":[{"count":13,"href":"https:\/\/lynkcm.com\/es\/wp-json\/wp\/v2\/pages\/823\/revisions"}],"predecessor-version":[{"id":52287,"href":"https:\/\/lynkcm.com\/es\/wp-json\/wp\/v2\/pages\/823\/revisions\/52287"}],"wp:attachment":[{"href":"https:\/\/lynkcm.com\/es\/wp-json\/wp\/v2\/media?parent=823"}],"curies":[{"name":"wp","href":"https:\/\/api.w.org\/{rel}","templated":true}]}}