{"id":786,"date":"2024-02-21T19:51:49","date_gmt":"2024-02-21T19:51:49","guid":{"rendered":"https:\/\/lynkcm.com\/?page_id=786"},"modified":"2025-07-11T20:18:41","modified_gmt":"2025-07-11T20:18:41","slug":"corporate-governance","status":"publish","type":"page","link":"https:\/\/lynkcm.com\/es\/corporate-governance","title":{"rendered":"Corporate Governance"},"content":{"rendered":"<div data-elementor-type=\"wp-page\" data-elementor-id=\"786\" class=\"elementor elementor-786\" data-elementor-post-type=\"page\">\n\t\t\t\t<div class=\"elementor-element elementor-element-1002fb62 e-flex e-con-boxed e-con e-parent\" data-id=\"1002fb62\" data-element_type=\"container\">\n\t\t\t\t\t<div class=\"e-con-inner\">\n\t\t\t\t<div class=\"elementor-element elementor-element-d3071f5 elementor-widget elementor-widget-heading\" data-id=\"d3071f5\" data-element_type=\"widget\" data-widget_type=\"heading.default\">\n\t\t\t\t<div class=\"elementor-widget-container\">\n\t\t\t\t\t<h2 class=\"elementor-heading-title elementor-size-default\">Corporate Governance<\/h2>\t\t\t\t<\/div>\n\t\t\t\t<\/div>\n\t\t\t\t<div class=\"elementor-element elementor-element-96e7bd4 elementor-widget-divider--view-line elementor-widget elementor-widget-divider\" data-id=\"96e7bd4\" data-element_type=\"widget\" data-widget_type=\"divider.default\">\n\t\t\t\t<div class=\"elementor-widget-container\">\n\t\t\t\t\t\t\t<div class=\"elementor-divider\">\n\t\t\t<span class=\"elementor-divider-separator\">\n\t\t\t\t\t\t<\/span>\n\t\t<\/div>\n\t\t\t\t\t\t<\/div>\n\t\t\t\t<\/div>\n\t\t\t\t<div class=\"elementor-element elementor-element-2f920200 elementor-widget elementor-widget-text-editor\" data-id=\"2f920200\" data-element_type=\"widget\" data-widget_type=\"text-editor.default\">\n\t\t\t\t<div class=\"elementor-widget-container\">\n\t\t\t\t\t\t\t\t\t\n<p><strong>Lynk Capital Markets Ltd<\/strong>\u00a0est\u00e1 dise\u00f1ada con el objetivo de llevar a cabo sus actividades empresariales de una manera \u00e9tica y transparente y tratar de seguir los principios aceptados de buen gobierno, incluidos los establecidos por su regulador de origen, la Autoridad Monetaria de las Islas Caim\u00e1n (CIMA) en su Declaraci\u00f3n de Orientaci\u00f3n sobre Gobierno Corporativo.\u00a0\u00a0<\/p>\n\n\n\n<p>Lynk sigue revisando su gobierno corporativo para asegurarse de que sigue siendo acorde con el tama\u00f1o, la complejidad, la naturaleza y la escala de nuestro perfil empresarial y nuestras operaciones, teniendo en cuenta al mismo tiempo las caracter\u00edsticas espec\u00edficas t\u00edpicas de la industria fintech. El principal \u00f3rgano de gobierno de\u00a0<strong>Lynk Capital Markets Ltd<\/strong>\u00a0es su Consejo de Administraci\u00f3n (\u201cConsejo\u201d), que cuenta con la asistencia de comit\u00e9s de gesti\u00f3n y operativos.  El Consejo supervisa y trata de garantizar que el marco de gobierno corporativo sea eficaz y procura asegurar una gobernanza efectiva dentro de la organizaci\u00f3n con el fin de apoyar la sostenibilidad, los buenos resultados y el crecimiento del negocio de la empresa y beneficiar a los empleados, accionistas y partes interesadas en general.\u00a0<\/p>\n\n\n\n<h3 class=\"wp-block-heading\">Controles internos, conformidad y gesti\u00f3n de riesgos&nbsp;<\/h3>\n\n\n\n<p><strong>Lynk Capital Markets Ltd<\/strong>\u00a0considera que una gesti\u00f3n adecuada de los riesgos contribuye a la creaci\u00f3n de valor y al desarrollo de la empresa, y proporciona un equilibrio adecuado entre crecimiento, rendimiento y riesgo.\u00a0<strong>Lynk Capital Markets Ltd<\/strong>\u00a0han identificado diferentes categor\u00edas de riesgos (incluidos los jur\u00eddicos\/reglamentarios, financieros y de reputaci\u00f3n), Lynk revisa continuamente el entorno de riesgos y controles y lleva a cabo determinadas medidas con el fin de detectar, mitigar, supervisar y gestionar\u00a0<strong>Lynk Capital Markets Ltd<\/strong>\u00a0exposici\u00f3n a dichos riesgos. Estas actividades incluyen, entre otras, la identificaci\u00f3n y evaluaci\u00f3n de riesgos, la separaci\u00f3n de funciones, la informaci\u00f3n y comunicaci\u00f3n efectivas y la evaluaci\u00f3n continua de su entorno de control.<\/p>\n\n\n\n<p>Las funciones de cumplimiento y evaluaci\u00f3n de riesgos en\u00a0<strong>Lynk Capital Markets Ltd<\/strong> se asignan del siguiente modo:<\/p>\n\n\n\n<ul class=\"wp-block-list\">\n<li>El Consejo revisa y orienta la estrategia corporativa, siendo responsable de supervisar la actuaci\u00f3n de la direcci\u00f3n y de lograr un rendimiento adecuado para los accionistas. Previene los conflictos de intereses y act\u00faa con conocimiento de causa e independencia, al tiempo que supervisa las pol\u00edticas de gesti\u00f3n de riesgos para garantizar que la empresa cumple todas las leyes y reglamentos aplicables.<\/li>\n\n\n\n<li>El Consejo, en cumplimiento de su responsabilidad de supervisi\u00f3n general del marco normativo y de cumplimiento de la empresa, recibe informes relativos a la revisi\u00f3n y supervisi\u00f3n de los requisitos de cumplimiento de los clientes por parte del equipo de Cumplimiento.  Adem\u00e1s, el Consejo revisa y supervisa el funcionamiento del marco de gesti\u00f3n del cumplimiento y su aplicaci\u00f3n.<\/li>\n\n\n\n<li>El Consejero Delegado, el Equipo Jur\u00eddico y el Equipo de Cumplimiento se re\u00fanen peri\u00f3dicamente para estudiar el an\u00e1lisis de los principales riesgos jur\u00eddicos\/regulatorios, financieros y de reputaci\u00f3n relacionados con las principales oportunidades de negocio con clientes o socios antes de aprobarlas formalmente, de conformidad con las pol\u00edticas y pr\u00e1cticas de gesti\u00f3n de riesgos de la empresa.  Estas pol\u00edticas establecen los principios para la identificaci\u00f3n, evaluaci\u00f3n, gesti\u00f3n y notificaci\u00f3n de los riesgos que podr\u00edan afectar al \u00e9xito de\u00a0<strong>Lynk Capital Markets Ltd<\/strong>.<\/li>\n\n\n\n<li>Desde una perspectiva puramente antiblanqueo de capitales (AML),\u00a0<strong>Lynk Capital Markets Ltd<\/strong>\u00a0han nombrado a un Responsable de Cumplimiento Antiblanqueo de Capitales, a un Responsable de Informaci\u00f3n sobre Blanqueo de Capitales y a un Responsable Adjunto de Informaci\u00f3n sobre Blanqueo de Capitales, de conformidad con las leyes y reglamentos aplicables.<\/li>\n<\/ul>\n\n\n\n<p class=\"has-small-font-size\">Corporate Governance for Regulated Entities (Oct 2023), Guidance relating to Corporate Governance (Abril 2023)<\/p>\n\t\t\t\t\t\t\t\t<\/div>\n\t\t\t\t<\/div>\n\t\t\t\t\t<\/div>\n\t\t\t\t<\/div>\n\t\t\t\t<\/div>","protected":false},"excerpt":{"rendered":"<p>Gobierno corporativo La estructura de gobierno de Lynk Capital Markets Ltd est\u00e1 dise\u00f1ada con [...]<\/p>","protected":false},"author":1,"featured_media":0,"parent":0,"menu_order":3,"comment_status":"closed","ping_status":"closed","template":"","meta":{"footnotes":""},"class_list":["post-786","page","type-page","status-publish","hentry"],"yoast_head":"<!-- This site is optimized with the Yoast SEO plugin v26.5 - https:\/\/yoast.com\/wordpress\/plugins\/seo\/ -->\n<title>Corporate Governance - Lynk Markets<\/title>\n<meta name=\"robots\" content=\"index, follow, max-snippet:-1, max-image-preview:large, max-video-preview:-1\" \/>\n<link rel=\"canonical\" href=\"https:\/\/lynkcm.com\/es\/corporate-governance\/\" \/>\n<meta property=\"og:locale\" content=\"es_ES\" \/>\n<meta property=\"og:type\" content=\"article\" \/>\n<meta property=\"og:title\" content=\"Corporate Governance - Lynk Markets\" \/>\n<meta property=\"og:description\" content=\"Corporate Governance Lynk Capital Markets Ltd\u2019s\u00a0governance structure is designed with [&hellip;]\" \/>\n<meta property=\"og:url\" content=\"https:\/\/lynkcm.com\/es\/corporate-governance\/\" \/>\n<meta property=\"og:site_name\" content=\"Lynk Markets\" \/>\n<meta property=\"article:publisher\" content=\"https:\/\/www.facebook.com\/profile.php?id=100089224225885\" \/>\n<meta property=\"article:modified_time\" content=\"2025-07-11T20:18:41+00:00\" \/>\n<meta name=\"twitter:card\" content=\"summary_large_image\" \/>\n<meta name=\"twitter:site\" content=\"@CapitalLynk\" \/>\n<meta name=\"twitter:label1\" content=\"Tiempo de lectura\" \/>\n\t<meta name=\"twitter:data1\" content=\"3 minutos\" \/>\n<script type=\"application\/ld+json\" class=\"yoast-schema-graph\">{\"@context\":\"https:\/\/schema.org\",\"@graph\":[{\"@type\":\"WebPage\",\"@id\":\"https:\/\/lynkcm.com\/corporate-governance\",\"url\":\"https:\/\/lynkcm.com\/corporate-governance\",\"name\":\"Corporate Governance - Lynk Markets\",\"isPartOf\":{\"@id\":\"https:\/\/lynkcm.com\/#website\"},\"datePublished\":\"2024-02-21T19:51:49+00:00\",\"dateModified\":\"2025-07-11T20:18:41+00:00\",\"breadcrumb\":{\"@id\":\"https:\/\/lynkcm.com\/corporate-governance#breadcrumb\"},\"inLanguage\":\"es\",\"potentialAction\":[{\"@type\":\"ReadAction\",\"target\":[\"https:\/\/lynkcm.com\/corporate-governance\"]}]},{\"@type\":\"BreadcrumbList\",\"@id\":\"https:\/\/lynkcm.com\/corporate-governance#breadcrumb\",\"itemListElement\":[{\"@type\":\"ListItem\",\"position\":1,\"name\":\"Home\",\"item\":\"https:\/\/lynkcm.com\/\"},{\"@type\":\"ListItem\",\"position\":2,\"name\":\"Corporate Governance\"}]},{\"@type\":\"WebSite\",\"@id\":\"https:\/\/lynkcm.com\/#website\",\"url\":\"https:\/\/lynkcm.com\/\",\"name\":\"Lynk Capital Markets\",\"description\":\"One stop solution for portfolio strategies and alternative investments\",\"publisher\":{\"@id\":\"https:\/\/lynkcm.com\/#organization\"},\"potentialAction\":[{\"@type\":\"SearchAction\",\"target\":{\"@type\":\"EntryPoint\",\"urlTemplate\":\"https:\/\/lynkcm.com\/?s={search_term_string}\"},\"query-input\":{\"@type\":\"PropertyValueSpecification\",\"valueRequired\":true,\"valueName\":\"search_term_string\"}}],\"inLanguage\":\"es\"},{\"@type\":\"Organization\",\"@id\":\"https:\/\/lynkcm.com\/#organization\",\"name\":\"Lynk Capital Markets\",\"url\":\"https:\/\/lynkcm.com\/\",\"logo\":{\"@type\":\"ImageObject\",\"inLanguage\":\"es\",\"@id\":\"https:\/\/lynkcm.com\/#\/schema\/logo\/image\/\",\"url\":\"https:\/\/lynkcm.com\/wp-content\/uploads\/2024\/02\/lynk-logo.svg\",\"contentUrl\":\"https:\/\/lynkcm.com\/wp-content\/uploads\/2024\/02\/lynk-logo.svg\",\"width\":1907,\"height\":1010,\"caption\":\"Lynk Capital Markets\"},\"image\":{\"@id\":\"https:\/\/lynkcm.com\/#\/schema\/logo\/image\/\"},\"sameAs\":[\"https:\/\/www.facebook.com\/profile.php?id=100089224225885\",\"https:\/\/x.com\/CapitalLynk\",\"https:\/\/www.linkedin.com\/company\/lynk-capital-markets\/\"]}]}<\/script>\n<!-- \/ Yoast SEO plugin. -->","yoast_head_json":{"title":"Gobierno corporativo - Lynk Markets","robots":{"index":"index","follow":"follow","max-snippet":"max-snippet:-1","max-image-preview":"max-image-preview:large","max-video-preview":"max-video-preview:-1"},"canonical":"https:\/\/lynkcm.com\/es\/corporate-governance\/","og_locale":"es_ES","og_type":"article","og_title":"Corporate Governance - Lynk Markets","og_description":"Corporate Governance Lynk Capital Markets Ltd\u2019s\u00a0governance structure is designed with [&hellip;]","og_url":"https:\/\/lynkcm.com\/es\/corporate-governance\/","og_site_name":"Lynk Markets","article_publisher":"https:\/\/www.facebook.com\/profile.php?id=100089224225885","article_modified_time":"2025-07-11T20:18:41+00:00","twitter_card":"summary_large_image","twitter_site":"@CapitalLynk","twitter_misc":{"Tiempo de lectura":"3 minutos"},"schema":{"@context":"https:\/\/schema.org","@graph":[{"@type":"WebPage","@id":"https:\/\/lynkcm.com\/corporate-governance","url":"https:\/\/lynkcm.com\/corporate-governance","name":"Gobierno corporativo - Lynk Markets","isPartOf":{"@id":"https:\/\/lynkcm.com\/#website"},"datePublished":"2024-02-21T19:51:49+00:00","dateModified":"2025-07-11T20:18:41+00:00","breadcrumb":{"@id":"https:\/\/lynkcm.com\/corporate-governance#breadcrumb"},"inLanguage":"es","potentialAction":[{"@type":"ReadAction","target":["https:\/\/lynkcm.com\/corporate-governance"]}]},{"@type":"BreadcrumbList","@id":"https:\/\/lynkcm.com\/corporate-governance#breadcrumb","itemListElement":[{"@type":"ListItem","position":1,"name":"Home","item":"https:\/\/lynkcm.com\/"},{"@type":"ListItem","position":2,"name":"Corporate Governance"}]},{"@type":"WebSite","@id":"https:\/\/lynkcm.com\/#website","url":"https:\/\/lynkcm.com\/","name":"Lynk Capital Markets","description":"Una soluci\u00f3n integral para estrategias de cartera e inversiones alternativas","publisher":{"@id":"https:\/\/lynkcm.com\/#organization"},"potentialAction":[{"@type":"SearchAction","target":{"@type":"EntryPoint","urlTemplate":"https:\/\/lynkcm.com\/?s={search_term_string}"},"query-input":{"@type":"PropertyValueSpecification","valueRequired":true,"valueName":"search_term_string"}}],"inLanguage":"es"},{"@type":"Organization","@id":"https:\/\/lynkcm.com\/#organization","name":"Lynk Capital Markets","url":"https:\/\/lynkcm.com\/","logo":{"@type":"ImageObject","inLanguage":"es","@id":"https:\/\/lynkcm.com\/#\/schema\/logo\/image\/","url":"https:\/\/lynkcm.com\/wp-content\/uploads\/2024\/02\/lynk-logo.svg","contentUrl":"https:\/\/lynkcm.com\/wp-content\/uploads\/2024\/02\/lynk-logo.svg","width":1907,"height":1010,"caption":"Lynk Capital Markets"},"image":{"@id":"https:\/\/lynkcm.com\/#\/schema\/logo\/image\/"},"sameAs":["https:\/\/www.facebook.com\/profile.php?id=100089224225885","https:\/\/x.com\/CapitalLynk","https:\/\/www.linkedin.com\/company\/lynk-capital-markets\/"]}]}},"_links":{"self":[{"href":"https:\/\/lynkcm.com\/es\/wp-json\/wp\/v2\/pages\/786","targetHints":{"allow":["GET"]}}],"collection":[{"href":"https:\/\/lynkcm.com\/es\/wp-json\/wp\/v2\/pages"}],"about":[{"href":"https:\/\/lynkcm.com\/es\/wp-json\/wp\/v2\/types\/page"}],"author":[{"embeddable":true,"href":"https:\/\/lynkcm.com\/es\/wp-json\/wp\/v2\/users\/1"}],"replies":[{"embeddable":true,"href":"https:\/\/lynkcm.com\/es\/wp-json\/wp\/v2\/comments?post=786"}],"version-history":[{"count":23,"href":"https:\/\/lynkcm.com\/es\/wp-json\/wp\/v2\/pages\/786\/revisions"}],"predecessor-version":[{"id":25561,"href":"https:\/\/lynkcm.com\/es\/wp-json\/wp\/v2\/pages\/786\/revisions\/25561"}],"wp:attachment":[{"href":"https:\/\/lynkcm.com\/es\/wp-json\/wp\/v2\/media?parent=786"}],"curies":[{"name":"wp","href":"https:\/\/api.w.org\/{rel}","templated":true}]}}