{"id":62144,"date":"2026-02-13T14:04:41","date_gmt":"2026-02-13T14:04:41","guid":{"rendered":"https:\/\/lynkcm.com\/?page_id=62144"},"modified":"2026-03-23T16:00:39","modified_gmt":"2026-03-23T16:00:39","slug":"product-feedback","status":"publish","type":"page","link":"https:\/\/lynkcm.com\/es\/product-feedback","title":{"rendered":"Comentarios sobre el producto"},"content":{"rendered":"<div data-elementor-type=\"wp-page\" data-elementor-id=\"62144\" class=\"elementor elementor-62144\" data-elementor-post-type=\"page\">\n\t\t\t\t<div class=\"elementor-element elementor-element-be01afb e-flex e-con-boxed e-con e-parent\" data-id=\"be01afb\" data-element_type=\"container\" data-settings=\"{&quot;background_background&quot;:&quot;classic&quot;}\">\n\t\t\t\t\t<div class=\"e-con-inner\">\n\t\t<div class=\"elementor-element elementor-element-6c1ebfb e-con-full e-flex e-con e-child\" data-id=\"6c1ebfb\" data-element_type=\"container\">\n\t\t<div class=\"elementor-element elementor-element-16568a0 e-con-full e-flex e-con e-child\" data-id=\"16568a0\" data-element_type=\"container\">\n\t\t\t\t<div class=\"elementor-element elementor-element-fbf2801 elementor-invisible elementor-widget elementor-widget-heading\" data-id=\"fbf2801\" data-element_type=\"widget\" data-settings=\"{&quot;_animation&quot;:&quot;fadeIn&quot;}\" data-widget_type=\"heading.default\">\n\t\t\t\t<div class=\"elementor-widget-container\">\n\t\t\t\t\t<h4 class=\"elementor-heading-title elementor-size-default\">Comentarios sobre el producto<\/h4>\t\t\t\t<\/div>\n\t\t\t\t<\/div>\n\t\t\t\t<div class=\"elementor-element elementor-element-c2f9e24 elementor-widget-mobile__width-inherit elementor-invisible elementor-widget elementor-widget-image\" data-id=\"c2f9e24\" data-element_type=\"widget\" data-settings=\"{&quot;_animation&quot;:&quot;zoomOutLeft&quot;}\" data-widget_type=\"image.default\">\n\t\t\t\t<div class=\"elementor-widget-container\">\n\t\t\t\t\t\t\t\t\t\t\t\t\t\t\t<img decoding=\"async\" width=\"224\" height=\"1\" src=\"https:\/\/lynkcm.com\/wp-content\/uploads\/2025\/06\/line.svg\" class=\"attachment-full size-full wp-image-19669\" alt=\"\" srcset=\"https:\/\/lynkcm.com\/wp-content\/uploads\/\/2025\/06\/line.svg 768w, https:\/\/lynkcm.com\/wp-content\/uploads\/\/2025\/06\/line.svg 224w\" sizes=\"(max-width: 224px) 100vw, 224px\" \/>\t\t\t\t\t\t\t\t\t\t\t\t\t\t\t<\/div>\n\t\t\t\t<\/div>\n\t\t\t\t<div class=\"elementor-element elementor-element-85ec358 elementor-widget elementor-widget-text-editor\" data-id=\"85ec358\" data-element_type=\"widget\" data-widget_type=\"text-editor.default\">\n\t\t\t\t<div class=\"elementor-widget-container\">\n\t\t\t\t\t\t\t\t\t<p data-start=\"191\" data-end=\"443\">LYNK Markets act\u00faa como fabricante de productos con respecto a ciertos productos financieros que pueden estar disponibles para inversores minoristas en el Espacio Econ\u00f3mico Europeo.<\/p><p>LYNK Markets se compromete a manejar las quejas de los inversores de manera justa, r\u00e1pida y transparente.<\/p><p>Si desea presentar una queja relacionada con un producto fabricado por LYNK Markets, puede hacerlo completando el siguiente formulario.<\/p><p>Este canal de reclamaciones est\u00e1 destinado a reclamaciones relacionadas con:<\/p><p>\u2022 El dise\u00f1o o las caracter\u00edsticas de los productos fabricados por LYNK Markets<br \/>\u2022 La informaci\u00f3n contenida en el Documento de Datos Clave (DDC) pertinente<\/p>\t\t\t\t\t\t\t\t<\/div>\n\t\t\t\t<\/div>\n\t\t\t\t<\/div>\n\t\t<div class=\"elementor-element elementor-element-953a4a1 e-con-full e-flex e-con e-child\" data-id=\"953a4a1\" data-element_type=\"container\">\n\t\t\t\t<div class=\"elementor-element elementor-element-3c77487 elementor-widget elementor-widget-bdt-contact-form-7\" data-id=\"3c77487\" data-element_type=\"widget\" data-widget_type=\"bdt-contact-form-7.default\">\n\t\t\t\t<div class=\"elementor-widget-container\">\n\t\t\t\t\t\n<div class=\"wpcf7 no-js\" id=\"wpcf7-f62152-o1\" lang=\"en-US\" dir=\"ltr\" data-wpcf7-id=\"62152\">\n<div class=\"screen-reader-response\"><p role=\"status\" aria-live=\"polite\" aria-atomic=\"true\"><\/p> <ul><\/ul><\/div>\n<form action=\"\/es\/wp-json\/wp\/v2\/pages\/62144#wpcf7-f62152-o1\" method=\"post\" class=\"wpcf7-form init\" aria-label=\"Formulario de contacto\" novalidate=\"novalidate\" data-status=\"init\" data-trp-original-action=\"\/es\/wp-json\/wp\/v2\/pages\/62144#wpcf7-f62152-o1\">\n<fieldset class=\"hidden-fields-container\"><input type=\"hidden\" name=\"_wpcf7\" value=\"62152\" \/><input type=\"hidden\" name=\"_wpcf7_version\" value=\"6.1.5\" \/><input type=\"hidden\" name=\"_wpcf7_locale\" value=\"en_US\" \/><input type=\"hidden\" name=\"_wpcf7_unit_tag\" value=\"wpcf7-f62152-o1\" \/><input type=\"hidden\" name=\"_wpcf7_container_post\" value=\"0\" \/><input type=\"hidden\" name=\"_wpcf7_posted_data_hash\" value=\"\" \/><input type=\"hidden\" name=\"_wpcf7_recaptcha_response\" value=\"\" \/>\n<\/fieldset>\n<p><label>Nombre *<\/label><br \/>\n<span class=\"wpcf7-form-control-wrap\" data-name=\"your-name\"><input size=\"40\" maxlength=\"400\" class=\"wpcf7-form-control wpcf7-text wpcf7-validates-as-required\" aria-required=\"true\" aria-invalid=\"false\" placeholder=\"Ingrese su nombre completo\" value=\"\" type=\"text\" name=\"your-name\" \/><\/span>\n<\/p>\n<p><label>Correo electr\u00f3nico *<\/label><br \/>\n<span class=\"wpcf7-form-control-wrap\" data-name=\"your-email\"><input size=\"40\" maxlength=\"400\" class=\"wpcf7-form-control wpcf7-email wpcf7-validates-as-required wpcf7-text wpcf7-validates-as-email\" aria-required=\"true\" aria-invalid=\"false\" placeholder=\"name@company.com\" value=\"\" type=\"email\" name=\"your-email\" \/><\/span>\n<\/p>\n<p><label>Pa\u00eds *<\/label><br \/>\n<span class=\"wpcf7-form-control-wrap\" data-name=\"your-country\"><select class=\"wpcf7-form-control wpcf7-select wpcf7-validates-as-required\" aria-required=\"true\" aria-invalid=\"false\" name=\"your-country\"><option value=\"Select your country\">Seleccione su pa\u00eds<\/option><option value=\"Afghanistan\">Afganist\u00e1n<\/option><option value=\"Albania\">Albania<\/option><option value=\"Algeria\">Argelia<\/option><option value=\"Andorra\">Andorra<\/option><option value=\"Angola\">Angola<\/option><option value=\"Argentina\">Argentina<\/option><option value=\"Armenia\">Armenia<\/option><option value=\"Australia\">Australia<\/option><option value=\"Austria\">Austria<\/option><option value=\"Azerbaijan\">Azerbaiy\u00e1n<\/option><option value=\"Bahamas\">Bahamas<\/option><option value=\"Bahrain\">Bahr\u00e9in<\/option><option value=\"Bangladesh\">Bangladesh<\/option><option value=\"Barbados\">Barbados<\/option><option value=\"Belarus\">Bielorrusia<\/option><option value=\"Belgium\">B\u00e9lgica<\/option><option value=\"Belize\">Belice<\/option><option value=\"Benin\">Ben\u00edn<\/option><option value=\"Bhutan\">But\u00e1n<\/option><option value=\"Bolivia\">Bolivia<\/option><option value=\"Bosnia and Herzegovina\">Bosnia y Herzegovina<\/option><option value=\"Botswana\">Botsuana<\/option><option value=\"Brazil\">Brasil<\/option><option value=\"Brunei\">Brunei<\/option><option value=\"Bulgaria\">Bulgaria<\/option><option value=\"Burkina Faso\">Burkina Faso<\/option><option value=\"Burundi\">Burundi<\/option><option value=\"Cambodia\">Camboya<\/option><option value=\"Cameroon\">Camer\u00fan<\/option><option value=\"Canada\">Canad\u00e1<\/option><option value=\"Cape Verde\">Cabo Verde<\/option><option value=\"Central African Republic\">Rep\u00fablica Centroafricana<\/option><option value=\"Chad\">Chad<\/option><option value=\"Chile\">Chile<\/option><option value=\"China\">China<\/option><option value=\"Colombia\">Colombia<\/option><option value=\"Comoros\">Comoras<\/option><option value=\"Congo\">Congo<\/option><option value=\"Costa Rica\">Costa Rica<\/option><option value=\"Croatia\">Croacia<\/option><option value=\"Cuba\">Cuba<\/option><option value=\"Cyprus\">Chipre<\/option><option value=\"Czech Republic\">Rep\u00fablica Checa<\/option><option value=\"Denmark\">Dinamarca<\/option><option value=\"Djibouti\">Yibuti<\/option><option value=\"Dominica\">Dominica<\/option><option value=\"Dominican Republic\">Rep\u00fablica Dominicana<\/option><option value=\"Ecuador\">Ecuador<\/option><option value=\"Egypt\">Egipto<\/option><option value=\"El Salvador\">El Salvador<\/option><option value=\"Equatorial Guinea\">Guinea Ecuatorial<\/option><option value=\"Eritrea\">Eritrea<\/option><option value=\"Estonia\">Estonia<\/option><option value=\"Eswatini\">Eswatini<\/option><option value=\"Ethiopia\">Etiop\u00eda<\/option><option value=\"Fiji\">Fiyi<\/option><option value=\"Finland\">Finlandia<\/option><option value=\"France\">Francia<\/option><option value=\"Gabon\">Gab\u00f3n<\/option><option value=\"Gambia\">Gambia<\/option><option value=\"Georgia\">Georgia<\/option><option value=\"Germany\">Alemania<\/option><option value=\"Ghana\">Ghana<\/option><option value=\"Greece\">Grecia<\/option><option value=\"Guatemala\">Guatemala<\/option><option value=\"Guinea\">Guinea<\/option><option value=\"Guyana\">Guyana<\/option><option value=\"Haiti\">Hait\u00ed<\/option><option value=\"Honduras\">Honduras<\/option><option value=\"Hungary\">Hungr\u00eda<\/option><option value=\"Iceland\">Islandia<\/option><option value=\"India\">India<\/option><option value=\"Indonesia\">Indonesia<\/option><option value=\"Iran\">Ir\u00e1n<\/option><option value=\"Iraq\">Iraq<\/option><option value=\"Ireland\">Irlanda<\/option><option value=\"Israel\">Israel<\/option><option value=\"Italy\">Italia<\/option><option value=\"Jamaica\">Jamaica<\/option><option value=\"Japan\">Jap\u00f3n<\/option><option value=\"Jordan\">Jordan<\/option><option value=\"Kazakhstan\">Kazajst\u00e1n<\/option><option value=\"Kenya\">Kenia<\/option><option value=\"Kuwait\">Kuwait<\/option><option value=\"Kyrgyzstan\">Kirguist\u00e1n<\/option><option value=\"Laos\">Laos<\/option><option value=\"Latvia\">Letonia<\/option><option value=\"Lebanon\">L\u00edbano<\/option><option value=\"Lesotho\">Lesotho<\/option><option value=\"Liberia\">Liberia<\/option><option value=\"Libya\">Libia<\/option><option value=\"Liechtenstein\">Liechtenstein<\/option><option value=\"Lithuania\">Lituania<\/option><option value=\"Luxembourg\">Luxemburgo<\/option><option value=\"Madagascar\">Madagascar<\/option><option value=\"Malawi\">Malawi<\/option><option value=\"Malaysia\">Malasia<\/option><option value=\"Maldives\">Maldivas<\/option><option value=\"Mali\">Mali<\/option><option value=\"Malta\">Malta<\/option><option value=\"Mauritania\">Mauritania<\/option><option value=\"Mauritius\">Mauricio<\/option><option value=\"Mexico\">M\u00e9xico<\/option><option value=\"Moldova\">Moldavia<\/option><option value=\"Monaco\">M\u00f3naco<\/option><option value=\"Mongolia\">Mongolia<\/option><option value=\"Montenegro\">Montenegro<\/option><option value=\"Morocco\">Marruecos<\/option><option value=\"Mozambique\">Mozambique<\/option><option value=\"Myanmar\">Myanmar<\/option><option value=\"Namibia\">Namibia<\/option><option value=\"Nepal\">Nepal<\/option><option value=\"Netherlands\">Pa\u00edses Bajos<\/option><option value=\"New Zealand\">Nueva Zelanda<\/option><option value=\"Nicaragua\">Nicaragua<\/option><option value=\"Niger\">N\u00edger<\/option><option value=\"Nigeria\">Nigeria<\/option><option value=\"North Korea\">Corea del Norte<\/option><option value=\"North Macedonia\">Macedonia del Norte<\/option><option value=\"Norway\">Noruega<\/option><option value=\"Oman\">Om\u00e1n<\/option><option value=\"Pakistan\">Pakist\u00e1n<\/option><option value=\"Panama\">Panam\u00e1<\/option><option value=\"Papua New Guinea\">Pap\u00faa Nueva Guinea<\/option><option value=\"Paraguay\">Paraguay<\/option><option value=\"Peru\">Per\u00fa<\/option><option value=\"Philippines\">Filipinas<\/option><option value=\"Poland\">Polonia<\/option><option value=\"Portugal\">Portugal<\/option><option value=\"Qatar\">Qatar<\/option><option value=\"Romania\">Ruman\u00eda<\/option><option value=\"Russia\">Rusia<\/option><option value=\"Rwanda\">Ruanda<\/option><option value=\"Saudi Arabia\">Arabia Saud\u00ed<\/option><option value=\"Senegal\">Senegal<\/option><option value=\"Serbia\">Serbia<\/option><option value=\"Seychelles\">Seychelles<\/option><option value=\"Sierra Leone\">Sierra Leona<\/option><option value=\"Singapore\">Singapur<\/option><option value=\"Slovakia\">Eslovaquia<\/option><option value=\"Slovenia\">Eslovenia<\/option><option value=\"Somalia\">Somalia<\/option><option value=\"South Africa\">Sud\u00e1frica<\/option><option value=\"South Korea\">Corea del Sur<\/option><option value=\"Spain\">Espa\u00f1a<\/option><option value=\"Sri Lanka\">Sri Lanka<\/option><option value=\"Sudan\">Sud\u00e1n<\/option><option value=\"Sweden\">Suecia<\/option><option value=\"Switzerland\">Suiza<\/option><option value=\"Syria\">Siria<\/option><option value=\"Taiwan\">Taiw\u00e1n<\/option><option value=\"Tajikistan\">Tayikist\u00e1n<\/option><option value=\"Tanzania\">Tanzania<\/option><option value=\"Thailand\">Tailandia<\/option><option value=\"Togo\">Togo<\/option><option value=\"Trinidad and Tobago\">Trinidad y Tobago<\/option><option value=\"Tunisia\">T\u00fanez<\/option><option value=\"Turkey\">Turqu\u00eda<\/option><option value=\"Turkmenistan\">Turkmenist\u00e1n<\/option><option value=\"Uganda\">Uganda<\/option><option value=\"Ukraine\">Ucrania<\/option><option value=\"United Arab Emirates\">Emiratos \u00c1rabes Unidos<\/option><option value=\"United Kingdom\">Reino Unido<\/option><option value=\"United States\">Estados Unidos<\/option><option value=\"Uruguay\">Uruguay<\/option><option value=\"Uzbekistan\">Uzbekist\u00e1n<\/option><option value=\"Venezuela\">Venezuela<\/option><option value=\"Vietnam\">Vietnam<\/option><option value=\"Yemen\">Yemen<\/option><option value=\"Zambia\">Zambia<\/option><option value=\"Zimbabwe\">Zimbabue<\/option><\/select><\/span>\n<\/p>\n<p><label>Nombre de la empresa<\/label><br \/>\n<span class=\"wpcf7-form-control-wrap\" data-name=\"company-name\"><input size=\"40\" maxlength=\"400\" class=\"wpcf7-form-control wpcf7-text\" aria-invalid=\"false\" placeholder=\"Su empresa\" value=\"\" type=\"text\" name=\"company-name\" \/><\/span>\n<\/p>\n<p><label>Tipo de cliente *<\/label><br \/>\n<span class=\"wpcf7-form-control-wrap\" data-name=\"client-type\"><select class=\"wpcf7-form-control wpcf7-select\" aria-invalid=\"false\" name=\"client-type\"><option value=\"Select type of client\">Seleccione el tipo de cliente<\/option><option value=\"Retail\">Venta al por menor<\/option><option value=\"Professional\">Profesional<\/option><option value=\"Other\">Otros<\/option><\/select><\/span>\n<\/p>\n<p><label>Nombre del producto *<\/label><br \/>\n<span class=\"wpcf7-form-control-wrap\" data-name=\"product-name\"><input size=\"40\" maxlength=\"400\" class=\"wpcf7-form-control wpcf7-text wpcf7-validates-as-required\" aria-required=\"true\" aria-invalid=\"false\" placeholder=\"Nombre del producto\" value=\"\" type=\"text\" name=\"product-name\" \/><\/span>\n<\/p>\n<p><label>Mensaje \/ Descripci\u00f3n *<\/label><br \/>\n<span class=\"wpcf7-form-control-wrap\" data-name=\"your-message\"><textarea cols=\"40\" rows=\"10\" maxlength=\"2000\" class=\"wpcf7-form-control wpcf7-textarea wpcf7-validates-as-required\" aria-required=\"true\" aria-invalid=\"false\" placeholder=\"Describe tu opini\u00f3n\" name=\"your-message\"><\/textarea><\/span>\n<\/p>\n<p><input class=\"wpcf7-form-control wpcf7-submit has-spinner\" type=\"submit\" value=\"Enviar mensaje\" \/>\n<\/p><p style=\"display: none !important;\" class=\"akismet-fields-container\" data-prefix=\"_wpcf7_ak_\"><label>&#916;<textarea name=\"_wpcf7_ak_hp_textarea\" cols=\"45\" rows=\"8\" maxlength=\"100\"><\/textarea><\/label><input type=\"hidden\" id=\"ak_js_1\" name=\"_wpcf7_ak_js\" value=\"62\"\/><script>document.getElementById( \"ak_js_1\" ).setAttribute( \"value\", ( new Date() ).getTime() );<\/script><\/p><div class=\"wpcf7-response-output\" aria-hidden=\"true\"><\/div>\n<input type=\"hidden\" name=\"trp-form-language\" value=\"es\"\/><\/form>\n<\/div>\n\t\t\t\t<\/div>\n\t\t\t\t<\/div>\n\t\t\t\t<\/div>\n\t\t\t\t<\/div>\n\t\t\t\t<div class=\"elementor-element elementor-element-1a9050a elementor-widget elementor-widget-spacer\" data-id=\"1a9050a\" data-element_type=\"widget\" data-widget_type=\"spacer.default\">\n\t\t\t\t<div class=\"elementor-widget-container\">\n\t\t\t\t\t\t\t<div class=\"elementor-spacer\">\n\t\t\t<div class=\"elementor-spacer-inner\"><\/div>\n\t\t<\/div>\n\t\t\t\t\t\t<\/div>\n\t\t\t\t<\/div>\n\t\t\t\t<div class=\"elementor-element elementor-element-02bab98 elementor-widget elementor-widget-text-editor\" data-id=\"02bab98\" data-element_type=\"widget\" data-widget_type=\"text-editor.default\">\n\t\t\t\t<div class=\"elementor-widget-container\">\n\t\t\t\t\t\t\t\t\t<p>Cualquier dato personal enviado a trav\u00e9s de este formulario ser\u00e1 procesado por Lynk Capital Markets con el fin de gestionar tu comentario o reclamaci\u00f3n. Para m\u00e1s informaci\u00f3n sobre c\u00f3mo procesamos los datos personales, consulta nuestra Pol\u00edtica de Privacidad en https:\/\/lynkcm.com\/privacy. LYNK Markets no es el emisor de los valores en cuesti\u00f3n y no es responsable de las obligaciones de pago ni de los derechos contractuales en virtud de los productos financieros. Las reclamaciones relativas a la distribuci\u00f3n o venta del producto deben dirigirse al intermediario financiero o distribuidor a trav\u00e9s del cual se realiz\u00f3 la inversi\u00f3n. LYNK Markets acusar\u00e1 recibo de las reclamaciones en un plazo de cinco (5) d\u00edas h\u00e1biles y se compromete a proporcionar una respuesta de fondo en un plazo de treinta (30) d\u00edas h\u00e1biles. Las reclamaciones tambi\u00e9n pueden enviarse por correo electr\u00f3nico a: complaints@lynkmarkets.com<br \/>Atenci\u00f3n: Legal y Cumplimiento \u2013 Quejas<\/p>\t\t\t\t\t\t\t\t<\/div>\n\t\t\t\t<\/div>\n\t\t\t\t\t<\/div>\n\t\t\t\t<\/div>\n\t\t\t\t<\/div>","protected":false},"excerpt":{"rendered":"<p>Retroalimentaci\u00f3n del producto LYNK Markets act\u00faa como fabricante de productos en [\u2026]<\/p>","protected":false},"author":5,"featured_media":0,"parent":0,"menu_order":0,"comment_status":"closed","ping_status":"closed","template":"","meta":{"footnotes":""},"class_list":["post-62144","page","type-page","status-publish","hentry"],"yoast_head":"<!-- This site is optimized with the Yoast SEO plugin v26.5 - https:\/\/yoast.com\/wordpress\/plugins\/seo\/ -->\n<title>Product Feedback - Lynk Markets<\/title>\n<meta name=\"robots\" content=\"index, follow, max-snippet:-1, max-image-preview:large, max-video-preview:-1\" \/>\n<link rel=\"canonical\" href=\"https:\/\/lynkcm.com\/es\/product-feedback\/\" \/>\n<meta property=\"og:locale\" content=\"es_ES\" \/>\n<meta property=\"og:type\" content=\"article\" \/>\n<meta property=\"og:title\" content=\"Product Feedback - Lynk Markets\" \/>\n<meta property=\"og:description\" content=\"Product Feedback LYNK Markets acts as product manufacturer in respect [&hellip;]\" \/>\n<meta property=\"og:url\" content=\"https:\/\/lynkcm.com\/es\/product-feedback\/\" \/>\n<meta property=\"og:site_name\" content=\"Lynk Markets\" \/>\n<meta property=\"article:publisher\" content=\"https:\/\/www.facebook.com\/profile.php?id=100089224225885\" \/>\n<meta property=\"article:modified_time\" content=\"2026-03-23T16:00:39+00:00\" \/>\n<meta name=\"twitter:card\" content=\"summary_large_image\" \/>\n<meta name=\"twitter:site\" content=\"@CapitalLynk\" \/>\n<meta name=\"twitter:label1\" content=\"Tiempo de lectura\" \/>\n\t<meta name=\"twitter:data1\" content=\"3 minutos\" \/>\n<script type=\"application\/ld+json\" class=\"yoast-schema-graph\">{\"@context\":\"https:\/\/schema.org\",\"@graph\":[{\"@type\":\"WebPage\",\"@id\":\"https:\/\/lynkcm.com\/product-feedback\",\"url\":\"https:\/\/lynkcm.com\/product-feedback\",\"name\":\"Product Feedback - Lynk Markets\",\"isPartOf\":{\"@id\":\"https:\/\/lynkcm.com\/#website\"},\"primaryImageOfPage\":{\"@id\":\"https:\/\/lynkcm.com\/product-feedback#primaryimage\"},\"image\":{\"@id\":\"https:\/\/lynkcm.com\/product-feedback#primaryimage\"},\"thumbnailUrl\":\"https:\/\/lynkcm.com\/wp-content\/uploads\/2025\/06\/line.svg\",\"datePublished\":\"2026-02-13T14:04:41+00:00\",\"dateModified\":\"2026-03-23T16:00:39+00:00\",\"breadcrumb\":{\"@id\":\"https:\/\/lynkcm.com\/product-feedback#breadcrumb\"},\"inLanguage\":\"es\",\"potentialAction\":[{\"@type\":\"ReadAction\",\"target\":[\"https:\/\/lynkcm.com\/product-feedback\"]}]},{\"@type\":\"ImageObject\",\"inLanguage\":\"es\",\"@id\":\"https:\/\/lynkcm.com\/product-feedback#primaryimage\",\"url\":\"https:\/\/lynkcm.com\/wp-content\/uploads\/2025\/06\/line.svg\",\"contentUrl\":\"https:\/\/lynkcm.com\/wp-content\/uploads\/2025\/06\/line.svg\"},{\"@type\":\"BreadcrumbList\",\"@id\":\"https:\/\/lynkcm.com\/product-feedback#breadcrumb\",\"itemListElement\":[{\"@type\":\"ListItem\",\"position\":1,\"name\":\"Home\",\"item\":\"https:\/\/lynkcm.com\/\"},{\"@type\":\"ListItem\",\"position\":2,\"name\":\"Product Feedback\"}]},{\"@type\":\"WebSite\",\"@id\":\"https:\/\/lynkcm.com\/#website\",\"url\":\"https:\/\/lynkcm.com\/\",\"name\":\"Lynk Capital Markets\",\"description\":\"One stop solution for portfolio strategies and alternative investments\",\"publisher\":{\"@id\":\"https:\/\/lynkcm.com\/#organization\"},\"potentialAction\":[{\"@type\":\"SearchAction\",\"target\":{\"@type\":\"EntryPoint\",\"urlTemplate\":\"https:\/\/lynkcm.com\/?s={search_term_string}\"},\"query-input\":{\"@type\":\"PropertyValueSpecification\",\"valueRequired\":true,\"valueName\":\"search_term_string\"}}],\"inLanguage\":\"es\"},{\"@type\":\"Organization\",\"@id\":\"https:\/\/lynkcm.com\/#organization\",\"name\":\"Lynk Capital Markets\",\"url\":\"https:\/\/lynkcm.com\/\",\"logo\":{\"@type\":\"ImageObject\",\"inLanguage\":\"es\",\"@id\":\"https:\/\/lynkcm.com\/#\/schema\/logo\/image\/\",\"url\":\"https:\/\/lynkcm.com\/wp-content\/uploads\/2024\/02\/lynk-logo.svg\",\"contentUrl\":\"https:\/\/lynkcm.com\/wp-content\/uploads\/2024\/02\/lynk-logo.svg\",\"width\":1907,\"height\":1010,\"caption\":\"Lynk Capital Markets\"},\"image\":{\"@id\":\"https:\/\/lynkcm.com\/#\/schema\/logo\/image\/\"},\"sameAs\":[\"https:\/\/www.facebook.com\/profile.php?id=100089224225885\",\"https:\/\/x.com\/CapitalLynk\",\"https:\/\/www.linkedin.com\/company\/lynk-capital-markets\/\"]}]}<\/script>\n<!-- \/ Yoast SEO plugin. -->","yoast_head_json":{"title":"Comentarios del producto - Lynk Markets","robots":{"index":"index","follow":"follow","max-snippet":"max-snippet:-1","max-image-preview":"max-image-preview:large","max-video-preview":"max-video-preview:-1"},"canonical":"https:\/\/lynkcm.com\/es\/product-feedback\/","og_locale":"es_ES","og_type":"article","og_title":"Product Feedback - Lynk Markets","og_description":"Product Feedback LYNK Markets acts as product manufacturer in respect [&hellip;]","og_url":"https:\/\/lynkcm.com\/es\/product-feedback\/","og_site_name":"Lynk Markets","article_publisher":"https:\/\/www.facebook.com\/profile.php?id=100089224225885","article_modified_time":"2026-03-23T16:00:39+00:00","twitter_card":"summary_large_image","twitter_site":"@CapitalLynk","twitter_misc":{"Tiempo de lectura":"3 minutos"},"schema":{"@context":"https:\/\/schema.org","@graph":[{"@type":"WebPage","@id":"https:\/\/lynkcm.com\/product-feedback","url":"https:\/\/lynkcm.com\/product-feedback","name":"Comentarios del producto - Lynk Markets","isPartOf":{"@id":"https:\/\/lynkcm.com\/#website"},"primaryImageOfPage":{"@id":"https:\/\/lynkcm.com\/product-feedback#primaryimage"},"image":{"@id":"https:\/\/lynkcm.com\/product-feedback#primaryimage"},"thumbnailUrl":"https:\/\/lynkcm.com\/wp-content\/uploads\/2025\/06\/line.svg","datePublished":"2026-02-13T14:04:41+00:00","dateModified":"2026-03-23T16:00:39+00:00","breadcrumb":{"@id":"https:\/\/lynkcm.com\/product-feedback#breadcrumb"},"inLanguage":"es","potentialAction":[{"@type":"ReadAction","target":["https:\/\/lynkcm.com\/product-feedback"]}]},{"@type":"ImageObject","inLanguage":"es","@id":"https:\/\/lynkcm.com\/product-feedback#primaryimage","url":"https:\/\/lynkcm.com\/wp-content\/uploads\/2025\/06\/line.svg","contentUrl":"https:\/\/lynkcm.com\/wp-content\/uploads\/2025\/06\/line.svg"},{"@type":"BreadcrumbList","@id":"https:\/\/lynkcm.com\/product-feedback#breadcrumb","itemListElement":[{"@type":"ListItem","position":1,"name":"Home","item":"https:\/\/lynkcm.com\/"},{"@type":"ListItem","position":2,"name":"Product Feedback"}]},{"@type":"WebSite","@id":"https:\/\/lynkcm.com\/#website","url":"https:\/\/lynkcm.com\/","name":"Lynk Capital Markets","description":"Una soluci\u00f3n integral para estrategias de cartera e inversiones alternativas","publisher":{"@id":"https:\/\/lynkcm.com\/#organization"},"potentialAction":[{"@type":"SearchAction","target":{"@type":"EntryPoint","urlTemplate":"https:\/\/lynkcm.com\/?s={search_term_string}"},"query-input":{"@type":"PropertyValueSpecification","valueRequired":true,"valueName":"search_term_string"}}],"inLanguage":"es"},{"@type":"Organization","@id":"https:\/\/lynkcm.com\/#organization","name":"Lynk Capital Markets","url":"https:\/\/lynkcm.com\/","logo":{"@type":"ImageObject","inLanguage":"es","@id":"https:\/\/lynkcm.com\/#\/schema\/logo\/image\/","url":"https:\/\/lynkcm.com\/wp-content\/uploads\/2024\/02\/lynk-logo.svg","contentUrl":"https:\/\/lynkcm.com\/wp-content\/uploads\/2024\/02\/lynk-logo.svg","width":1907,"height":1010,"caption":"Lynk Capital Markets"},"image":{"@id":"https:\/\/lynkcm.com\/#\/schema\/logo\/image\/"},"sameAs":["https:\/\/www.facebook.com\/profile.php?id=100089224225885","https:\/\/x.com\/CapitalLynk","https:\/\/www.linkedin.com\/company\/lynk-capital-markets\/"]}]}},"_links":{"self":[{"href":"https:\/\/lynkcm.com\/es\/wp-json\/wp\/v2\/pages\/62144","targetHints":{"allow":["GET"]}}],"collection":[{"href":"https:\/\/lynkcm.com\/es\/wp-json\/wp\/v2\/pages"}],"about":[{"href":"https:\/\/lynkcm.com\/es\/wp-json\/wp\/v2\/types\/page"}],"author":[{"embeddable":true,"href":"https:\/\/lynkcm.com\/es\/wp-json\/wp\/v2\/users\/5"}],"replies":[{"embeddable":true,"href":"https:\/\/lynkcm.com\/es\/wp-json\/wp\/v2\/comments?post=62144"}],"version-history":[{"count":63,"href":"https:\/\/lynkcm.com\/es\/wp-json\/wp\/v2\/pages\/62144\/revisions"}],"predecessor-version":[{"id":68556,"href":"https:\/\/lynkcm.com\/es\/wp-json\/wp\/v2\/pages\/62144\/revisions\/68556"}],"wp:attachment":[{"href":"https:\/\/lynkcm.com\/es\/wp-json\/wp\/v2\/media?parent=62144"}],"curies":[{"name":"wp","href":"https:\/\/api.w.org\/{rel}","templated":true}]}}