{"id":52658,"date":"2025-12-05T12:21:30","date_gmt":"2025-12-05T12:21:30","guid":{"rendered":"https:\/\/lynkcm.com\/?page_id=52658"},"modified":"2025-12-05T12:22:35","modified_gmt":"2025-12-05T12:22:35","slug":"schedule-kyc-diligence-broker","status":"publish","type":"page","link":"https:\/\/lynkcm.com\/es\/schedule-kyc-diligence-broker","title":{"rendered":"Calendario - KYC Diligence Broker"},"content":{"rendered":"<div data-elementor-type=\"wp-page\" data-elementor-id=\"52658\" class=\"elementor elementor-52658\" data-elementor-post-type=\"page\">\n\t\t\t\t<div class=\"elementor-element elementor-element-303eae1 e-flex e-con-boxed e-con e-parent\" data-id=\"303eae1\" data-element_type=\"container\" data-settings=\"{&quot;background_background&quot;:&quot;classic&quot;}\">\n\t\t\t\t\t<div class=\"e-con-inner\">\n\t\t\t\t<div class=\"elementor-element elementor-element-64c00ca elementor-widget elementor-widget-heading\" data-id=\"64c00ca\" data-element_type=\"widget\" data-widget_type=\"heading.default\">\n\t\t\t\t<div class=\"elementor-widget-container\">\n\t\t\t\t\t<h2 class=\"elementor-heading-title elementor-size-default\">Anexo - Documentos de diligencia KYC<\/h2>\t\t\t\t<\/div>\n\t\t\t\t<\/div>\n\t\t\t\t\t<\/div>\n\t\t\t\t<\/div>\n\t\t<div class=\"elementor-element elementor-element-df3ffac e-flex e-con-boxed e-con e-parent\" data-id=\"df3ffac\" data-element_type=\"container\" data-settings=\"{&quot;background_background&quot;:&quot;classic&quot;}\">\n\t\t\t\t\t<div class=\"e-con-inner\">\n\t\t\t\t<div class=\"elementor-element elementor-element-cbec5b0 elementor-widget elementor-widget-text-editor\" data-id=\"cbec5b0\" data-element_type=\"widget\" data-widget_type=\"text-editor.default\">\n\t\t\t\t<div class=\"elementor-widget-container\">\n\t\t\t\t\t\t\t\t\t<p>Estos requisitos pueden cambiar de vez en cuando en consonancia con las leyes y reglamentos aplicables en vigor durante el Compromiso. El hecho de no facilitar la informaci\u00f3n que figura a continuaci\u00f3n puede dar derecho a <strong>Mercados LYNK<\/strong> rescindir el Acuerdo.<\/p>\t\t\t\t\t\t\t\t<\/div>\n\t\t\t\t<\/div>\n\t\t\t\t\t<\/div>\n\t\t\t\t<\/div>\n\t\t<div class=\"elementor-element elementor-element-a11c96b e-flex e-con-boxed e-con e-parent\" data-id=\"a11c96b\" data-element_type=\"container\" data-settings=\"{&quot;background_background&quot;:&quot;classic&quot;}\">\n\t\t\t\t\t<div class=\"e-con-inner\">\n\t\t\t\t<div class=\"elementor-element elementor-element-4a7601a elementor-widget elementor-widget-heading\" data-id=\"4a7601a\" data-element_type=\"widget\" data-widget_type=\"heading.default\">\n\t\t\t\t<div class=\"elementor-widget-container\">\n\t\t\t\t\t<h3 class=\"elementor-heading-title elementor-size-default\">Documentaci\u00f3n requerida del corredor (en ingl\u00e9s)<\/h3>\t\t\t\t<\/div>\n\t\t\t\t<\/div>\n\t\t\t\t\t<\/div>\n\t\t\t\t<\/div>\n\t\t<div class=\"elementor-element elementor-element-adabc48 e-flex e-con-boxed e-con e-parent\" data-id=\"adabc48\" data-element_type=\"container\" data-settings=\"{&quot;background_background&quot;:&quot;classic&quot;}\">\n\t\t\t\t\t<div class=\"e-con-inner\">\n\t\t<div class=\"elementor-element elementor-element-6f63aea e-con-full e-flex e-con e-child\" data-id=\"6f63aea\" data-element_type=\"container\">\n\t\t\t\t<div class=\"elementor-element elementor-element-992d1f0 elementor-widget elementor-widget-text-editor\" data-id=\"992d1f0\" data-element_type=\"widget\" data-widget_type=\"text-editor.default\">\n\t\t\t\t<div class=\"elementor-widget-container\">\n\t\t\t\t\t\t\t\t\t<p><b data-stringify-type=\"bold\">1 |<\/b>\u00a0Escritura de constituci\u00f3n y estatutos (certificados)<\/p><p><b data-stringify-type=\"bold\">2 |<\/b>\u00a0Certificado de incorporaci\u00f3n (certificado)<\/p><p><b data-stringify-type=\"bold\">3 |<\/b> Confirmaci\u00f3n de la normativa<\/p><p><b data-stringify-type=\"bold\">4 |<\/b> Justificante de domicilio de la empresa (reciente en un plazo de 60 d\u00edas) (certificado)<\/p><p><b data-stringify-type=\"bold\">5 |<\/b> SSI (Instrucciones est\u00e1ndar de liquidaci\u00f3n)<\/p><p><b data-stringify-type=\"bold\">6 |<\/b> Formulario W8<\/p><p><b data-stringify-type=\"bold\">7 |<\/b> Firma del acuerdo de colocaci\u00f3n<\/p><p><b data-stringify-type=\"bold\">8 |<\/b>\u00a0Pol\u00edticas AML<\/p>\t\t\t\t\t\t\t\t<\/div>\n\t\t\t\t<\/div>\n\t\t\t\t<\/div>\n\t\t<div class=\"elementor-element elementor-element-2ac85dd e-con-full e-flex e-con e-child\" data-id=\"2ac85dd\" data-element_type=\"container\" data-settings=\"{&quot;background_background&quot;:&quot;classic&quot;}\">\n\t\t\t\t<div class=\"elementor-element elementor-element-d02db4a elementor-widget elementor-widget-text-editor\" data-id=\"d02db4a\" data-element_type=\"widget\" data-widget_type=\"text-editor.default\">\n\t\t\t\t<div class=\"elementor-widget-container\">\n\t\t\t\t\t\t\t\t\t<h3><span style=\"color: #0e1116; font-family: Heebo;\"><span style=\"letter-spacing: normal;\">Documentos aceptables<\/span><\/span><\/h3>\n<h4 style=\"color: #0e1116;\">La siguiente lista incluye los documentos aceptables para los documentos de identidad y los justificantes de domicilio.<\/h4>\n<p><strong>Documento de identidad<br>1 -<\/strong>&nbsp;Pasaporte<br><strong>2 -&nbsp;<\/strong>Permiso de conducir con fotograf\u00eda<br><strong>3 -&nbsp;<\/strong>Documento Nacional de Identidad (cuando el documento incluya una fotograf\u00eda)<\/p>\n<p><strong>Documentos de verificaci\u00f3n de la direcci\u00f3n<\/strong><br><strong>1<\/strong>&nbsp;<strong>\u2013<\/strong>&nbsp;Factura de servicios p\u00fablicos (gas, tel\u00e9fono, televisi\u00f3n, electricidad, etc.) emitida en los \u00faltimos 60 d\u00edas.<br><strong>2 -&nbsp;<\/strong>Factura del impuesto municipal correspondiente al a\u00f1o fiscal en curso.<br><strong>3 -&nbsp;<\/strong>Permiso de conducir vigente (pero s\u00f3lo si no se utiliza para verificar la identidad)<br><strong>4 -&nbsp;<\/strong>Extracto bancario de la sociedad de construcci\u00f3n o cooperativa de cr\u00e9dito fechado en los \u00faltimos 60 d\u00edas.<br><strong>5 -&nbsp;<\/strong>Documento Nacional de Identidad (si la direcci\u00f3n figura en \u00e9l y s\u00f3lo si no se utiliza para el proceso de identificaci\u00f3n)<br><strong>6 -&nbsp;<\/strong>Licencia de armas<br><strong>7 -&nbsp;<\/strong>El certificado de domicilio de un abogado puede ser aceptable si el certificado confirma por qu\u00e9 no se dispone de pruebas del domicilio y los fundamentos por los que los abogados conocen el domicilio de la persona.<\/p>\n<p><\/p>\t\t\t\t\t\t\t\t<\/div>\n\t\t\t\t<\/div>\n\t\t\t\t<div class=\"elementor-element elementor-element-ec3d900 elementor-widget elementor-widget-text-editor\" data-id=\"ec3d900\" data-element_type=\"widget\" data-widget_type=\"text-editor.default\">\n\t\t\t\t<div class=\"elementor-widget-container\">\n\t\t\t\t\t\t\t\t\t<h3 style=\"color: black;\">Requisitos de diligencia debida de Lynk<\/h3><h4 style=\"color: black;\">1.- Requisitos de DD - Lista detallada:\u00a0<\/h4><h4 style=\"color: black;\"><a style=\"font-family: Heebo; font-size: 18px; letter-spacing: normal; background-color: #f0f0f0; text-align: var(--text-align); font-style: var(--uicore-typography--p-st,'normal'); font-weight: var(--uicore-typography--p-w,'600'); text-transform: var(--uicore-typography--p-t,'none');\" href=\"https:\/\/lynkcm.com\/wp-content\/uploads\/2025\/08\/Due-Dilligence.pdf\"><span style=\"font-weight: bold; font-size: inherit; color: blue; text-align: var(--text-align); font-family: var(--uicore-typography--p-f,'Inter'); font-style: var(--uicore-typography--p-st,'normal'); letter-spacing: var(--uicore-typography--p-ls,'-0.027em'); text-transform: var(--uicore-typography--p-t,'none');\"><u>Haga clic aqu\u00ed para descargar el formulario<\/u><\/span><\/a><\/h4>\t\t\t\t\t\t\t\t<\/div>\n\t\t\t\t<\/div>\n\t\t\t\t<\/div>\n\t\t\t\t\t<\/div>\n\t\t\t\t<\/div>\n\t\t<div class=\"elementor-element elementor-element-d88be04 e-flex e-con-boxed e-con e-parent\" data-id=\"d88be04\" data-element_type=\"container\" data-settings=\"{&quot;background_background&quot;:&quot;classic&quot;}\">\n\t\t\t\t\t<div class=\"e-con-inner\">\n\t\t\t\t<div class=\"elementor-element elementor-element-74155c4 elementor-widget elementor-widget-text-editor\" data-id=\"74155c4\" data-element_type=\"widget\" data-widget_type=\"text-editor.default\">\n\t\t\t\t<div class=\"elementor-widget-container\">\n\t\t\t\t\t\t\t\t\t<div><i>La lista anterior muestra los documentos iniciales que se solicitar\u00e1n para completar la fase de incorporaci\u00f3n del Cliente. La Empresa podr\u00e1 solicitar otros documentos adicionales, cuando sea razonablemente necesario, y el Cliente se compromete a proporcionarlos.<\/i><\/div><div><i>\u00a0<\/i><\/div><div><i>Todos los documentos se presentar\u00e1n en ingl\u00e9s.<\/i><\/div><p>\u00a0<\/p>\t\t\t\t\t\t\t\t<\/div>\n\t\t\t\t<\/div>\n\t\t\t\t\t<\/div>\n\t\t\t\t<\/div>\n\t\t\t\t<\/div>","protected":false},"excerpt":{"rendered":"<p>Anexo - Documentos de Diligencia KYC Estos requisitos pueden cambiar de [...]<\/p>","protected":false},"author":10,"featured_media":0,"parent":0,"menu_order":4,"comment_status":"closed","ping_status":"closed","template":"","meta":{"footnotes":""},"class_list":["post-52658","page","type-page","status-publish","hentry"],"yoast_head":"<!-- This site is optimized with the Yoast SEO plugin v26.5 - https:\/\/yoast.com\/wordpress\/plugins\/seo\/ -->\n<title>Schedule \u2013 KYC Diligence Broker - Lynk Markets<\/title>\n<meta name=\"robots\" content=\"index, follow, max-snippet:-1, max-image-preview:large, max-video-preview:-1\" \/>\n<link rel=\"canonical\" href=\"https:\/\/lynkcm.com\/es\/schedule-kyc-diligence-broker\/\" \/>\n<meta property=\"og:locale\" content=\"es_ES\" \/>\n<meta property=\"og:type\" content=\"article\" \/>\n<meta property=\"og:title\" content=\"Schedule \u2013 KYC Diligence Broker - Lynk Markets\" \/>\n<meta property=\"og:description\" content=\"Schedule \u2013 KYC Diligence Documents These requirements may change from [&hellip;]\" \/>\n<meta property=\"og:url\" content=\"https:\/\/lynkcm.com\/es\/schedule-kyc-diligence-broker\/\" \/>\n<meta property=\"og:site_name\" content=\"Lynk Markets\" \/>\n<meta property=\"article:publisher\" content=\"https:\/\/www.facebook.com\/profile.php?id=100089224225885\" \/>\n<meta property=\"article:modified_time\" content=\"2025-12-05T12:22:35+00:00\" \/>\n<meta name=\"twitter:card\" content=\"summary_large_image\" \/>\n<meta name=\"twitter:site\" content=\"@CapitalLynk\" \/>\n<meta name=\"twitter:label1\" content=\"Tiempo de lectura\" \/>\n\t<meta name=\"twitter:data1\" content=\"2 minutos\" \/>\n<script type=\"application\/ld+json\" class=\"yoast-schema-graph\">{\"@context\":\"https:\/\/schema.org\",\"@graph\":[{\"@type\":\"WebPage\",\"@id\":\"https:\/\/lynkcm.com\/schedule-kyc-diligence-broker\",\"url\":\"https:\/\/lynkcm.com\/schedule-kyc-diligence-broker\",\"name\":\"Schedule \u2013 KYC Diligence Broker - Lynk Markets\",\"isPartOf\":{\"@id\":\"https:\/\/lynkcm.com\/#website\"},\"datePublished\":\"2025-12-05T12:21:30+00:00\",\"dateModified\":\"2025-12-05T12:22:35+00:00\",\"breadcrumb\":{\"@id\":\"https:\/\/lynkcm.com\/schedule-kyc-diligence-broker#breadcrumb\"},\"inLanguage\":\"es\",\"potentialAction\":[{\"@type\":\"ReadAction\",\"target\":[\"https:\/\/lynkcm.com\/schedule-kyc-diligence-broker\"]}]},{\"@type\":\"BreadcrumbList\",\"@id\":\"https:\/\/lynkcm.com\/schedule-kyc-diligence-broker#breadcrumb\",\"itemListElement\":[{\"@type\":\"ListItem\",\"position\":1,\"name\":\"Home\",\"item\":\"https:\/\/lynkcm.com\/\"},{\"@type\":\"ListItem\",\"position\":2,\"name\":\"Schedule \u2013 KYC Diligence Broker\"}]},{\"@type\":\"WebSite\",\"@id\":\"https:\/\/lynkcm.com\/#website\",\"url\":\"https:\/\/lynkcm.com\/\",\"name\":\"Lynk Capital Markets\",\"description\":\"One stop solution for portfolio strategies and alternative investments\",\"publisher\":{\"@id\":\"https:\/\/lynkcm.com\/#organization\"},\"potentialAction\":[{\"@type\":\"SearchAction\",\"target\":{\"@type\":\"EntryPoint\",\"urlTemplate\":\"https:\/\/lynkcm.com\/?s={search_term_string}\"},\"query-input\":{\"@type\":\"PropertyValueSpecification\",\"valueRequired\":true,\"valueName\":\"search_term_string\"}}],\"inLanguage\":\"es\"},{\"@type\":\"Organization\",\"@id\":\"https:\/\/lynkcm.com\/#organization\",\"name\":\"Lynk Capital Markets\",\"url\":\"https:\/\/lynkcm.com\/\",\"logo\":{\"@type\":\"ImageObject\",\"inLanguage\":\"es\",\"@id\":\"https:\/\/lynkcm.com\/#\/schema\/logo\/image\/\",\"url\":\"https:\/\/lynkcm.com\/wp-content\/uploads\/2024\/02\/lynk-logo.svg\",\"contentUrl\":\"https:\/\/lynkcm.com\/wp-content\/uploads\/2024\/02\/lynk-logo.svg\",\"width\":1907,\"height\":1010,\"caption\":\"Lynk Capital Markets\"},\"image\":{\"@id\":\"https:\/\/lynkcm.com\/#\/schema\/logo\/image\/\"},\"sameAs\":[\"https:\/\/www.facebook.com\/profile.php?id=100089224225885\",\"https:\/\/x.com\/CapitalLynk\",\"https:\/\/www.linkedin.com\/company\/lynk-capital-markets\/\"]}]}<\/script>\n<!-- \/ Yoast SEO plugin. -->","yoast_head_json":{"title":"Horario - KYC Diligence Broker - Lynk Markets","robots":{"index":"index","follow":"follow","max-snippet":"max-snippet:-1","max-image-preview":"max-image-preview:large","max-video-preview":"max-video-preview:-1"},"canonical":"https:\/\/lynkcm.com\/es\/schedule-kyc-diligence-broker\/","og_locale":"es_ES","og_type":"article","og_title":"Schedule \u2013 KYC Diligence Broker - Lynk Markets","og_description":"Schedule \u2013 KYC Diligence Documents These requirements may change from [&hellip;]","og_url":"https:\/\/lynkcm.com\/es\/schedule-kyc-diligence-broker\/","og_site_name":"Lynk Markets","article_publisher":"https:\/\/www.facebook.com\/profile.php?id=100089224225885","article_modified_time":"2025-12-05T12:22:35+00:00","twitter_card":"summary_large_image","twitter_site":"@CapitalLynk","twitter_misc":{"Tiempo de lectura":"2 minutos"},"schema":{"@context":"https:\/\/schema.org","@graph":[{"@type":"WebPage","@id":"https:\/\/lynkcm.com\/schedule-kyc-diligence-broker","url":"https:\/\/lynkcm.com\/schedule-kyc-diligence-broker","name":"Horario - KYC Diligence Broker - Lynk Markets","isPartOf":{"@id":"https:\/\/lynkcm.com\/#website"},"datePublished":"2025-12-05T12:21:30+00:00","dateModified":"2025-12-05T12:22:35+00:00","breadcrumb":{"@id":"https:\/\/lynkcm.com\/schedule-kyc-diligence-broker#breadcrumb"},"inLanguage":"es","potentialAction":[{"@type":"ReadAction","target":["https:\/\/lynkcm.com\/schedule-kyc-diligence-broker"]}]},{"@type":"BreadcrumbList","@id":"https:\/\/lynkcm.com\/schedule-kyc-diligence-broker#breadcrumb","itemListElement":[{"@type":"ListItem","position":1,"name":"Home","item":"https:\/\/lynkcm.com\/"},{"@type":"ListItem","position":2,"name":"Schedule \u2013 KYC Diligence Broker"}]},{"@type":"WebSite","@id":"https:\/\/lynkcm.com\/#website","url":"https:\/\/lynkcm.com\/","name":"Lynk Capital Markets","description":"Una soluci\u00f3n integral para estrategias de cartera e inversiones alternativas","publisher":{"@id":"https:\/\/lynkcm.com\/#organization"},"potentialAction":[{"@type":"SearchAction","target":{"@type":"EntryPoint","urlTemplate":"https:\/\/lynkcm.com\/?s={search_term_string}"},"query-input":{"@type":"PropertyValueSpecification","valueRequired":true,"valueName":"search_term_string"}}],"inLanguage":"es"},{"@type":"Organization","@id":"https:\/\/lynkcm.com\/#organization","name":"Lynk Capital Markets","url":"https:\/\/lynkcm.com\/","logo":{"@type":"ImageObject","inLanguage":"es","@id":"https:\/\/lynkcm.com\/#\/schema\/logo\/image\/","url":"https:\/\/lynkcm.com\/wp-content\/uploads\/2024\/02\/lynk-logo.svg","contentUrl":"https:\/\/lynkcm.com\/wp-content\/uploads\/2024\/02\/lynk-logo.svg","width":1907,"height":1010,"caption":"Lynk Capital Markets"},"image":{"@id":"https:\/\/lynkcm.com\/#\/schema\/logo\/image\/"},"sameAs":["https:\/\/www.facebook.com\/profile.php?id=100089224225885","https:\/\/x.com\/CapitalLynk","https:\/\/www.linkedin.com\/company\/lynk-capital-markets\/"]}]}},"_links":{"self":[{"href":"https:\/\/lynkcm.com\/es\/wp-json\/wp\/v2\/pages\/52658","targetHints":{"allow":["GET"]}}],"collection":[{"href":"https:\/\/lynkcm.com\/es\/wp-json\/wp\/v2\/pages"}],"about":[{"href":"https:\/\/lynkcm.com\/es\/wp-json\/wp\/v2\/types\/page"}],"author":[{"embeddable":true,"href":"https:\/\/lynkcm.com\/es\/wp-json\/wp\/v2\/users\/10"}],"replies":[{"embeddable":true,"href":"https:\/\/lynkcm.com\/es\/wp-json\/wp\/v2\/comments?post=52658"}],"version-history":[{"count":5,"href":"https:\/\/lynkcm.com\/es\/wp-json\/wp\/v2\/pages\/52658\/revisions"}],"predecessor-version":[{"id":52663,"href":"https:\/\/lynkcm.com\/es\/wp-json\/wp\/v2\/pages\/52658\/revisions\/52663"}],"wp:attachment":[{"href":"https:\/\/lynkcm.com\/es\/wp-json\/wp\/v2\/media?parent=52658"}],"curies":[{"name":"wp","href":"https:\/\/api.w.org\/{rel}","templated":true}]}}