{"id":1589,"date":"2024-03-11T11:47:33","date_gmt":"2024-03-11T11:47:33","guid":{"rendered":"https:\/\/lynkcm.com\/?page_id=1589"},"modified":"2024-08-01T17:46:47","modified_gmt":"2024-08-01T17:46:47","slug":"terms-and-conditions-2","status":"publish","type":"page","link":"https:\/\/lynkcm.com\/es\/terms-and-conditions-2","title":{"rendered":"Condiciones generales"},"content":{"rendered":"<div data-elementor-type=\"wp-page\" data-elementor-id=\"1589\" class=\"elementor elementor-1589\" data-elementor-post-type=\"page\">\n\t\t\t\t<div class=\"elementor-element elementor-element-76d2045 e-flex e-con-boxed e-con e-parent\" data-id=\"76d2045\" data-element_type=\"container\">\n\t\t\t\t\t<div class=\"e-con-inner\">\n\t\t\t\t<div class=\"elementor-element elementor-element-e8c1f44 elementor-widget elementor-widget-heading\" data-id=\"e8c1f44\" data-element_type=\"widget\" data-widget_type=\"heading.default\">\n\t\t\t\t<div class=\"elementor-widget-container\">\n\t\t\t\t\t<h6 class=\"elementor-heading-title elementor-size-default\">Datos personales y aviso de privacidad<\/h6>\t\t\t\t<\/div>\n\t\t\t\t<\/div>\n\t\t\t\t\t<\/div>\n\t\t\t\t<\/div>\n\t\t<div class=\"elementor-element elementor-element-0c331f9 e-flex e-con-boxed e-con e-parent\" data-id=\"0c331f9\" data-element_type=\"container\">\n\t\t\t\t\t<div class=\"e-con-inner\">\n\t\t\t\t<div class=\"elementor-element elementor-element-490e07b elementor-widget elementor-widget-heading\" data-id=\"490e07b\" data-element_type=\"widget\" data-widget_type=\"heading.default\">\n\t\t\t\t<div class=\"elementor-widget-container\">\n\t\t\t\t\t<h3 class=\"elementor-heading-title elementor-size-default\">Introducci\u00f3n <\/h3>\t\t\t\t<\/div>\n\t\t\t\t<\/div>\n\t\t\t\t\t<\/div>\n\t\t\t\t<\/div>\n\t\t<div class=\"elementor-element elementor-element-c46fc0b e-flex e-con-boxed e-con e-parent\" data-id=\"c46fc0b\" data-element_type=\"container\">\n\t\t\t\t\t<div class=\"e-con-inner\">\n\t\t\t\t<div class=\"elementor-element elementor-element-800bd9b elementor-widget elementor-widget-text-editor\" data-id=\"800bd9b\" data-element_type=\"widget\" data-widget_type=\"text-editor.default\">\n\t\t\t\t<div class=\"elementor-widget-container\">\n\t\t\t\t\t\t\t\t\t<p><span style=\"font-weight: 400;\">El objetivo de este aviso es proporcionarle informaci\u00f3n sobre el uso que hacemos de sus datos personales de conformidad con la Ley de Protecci\u00f3n de Datos de las Islas Caim\u00e1n de 2017 (la \u201c<\/span><b>DPL<\/b><span style=\"font-weight: 400;\">\u201d). La RDP, en vigor desde el 30 de septiembre de 2019, es aplicable a las personas f\u00edsicas asociadas a las entidades domiciliadas en las Islas Caim\u00e1n. La DPL se basa en un conjunto de principios de privacidad reconocidos internacionalmente, y proporciona un marco de derechos y deberes dise\u00f1ados para dar a las personas un mayor control sobre sus datos personales. Esto no cambia la forma en que utilizamos o pretendemos utilizar sus datos personales.\u00a0<\/span><\/p><p><span style=\"font-weight: 400;\">En este documento, \u201cnosotros\u201d, \u201cnos\u201d y \u201cnuestro\u201d se refiere a Lynk Capital Markets LTD. (\u201cLynk\u201d), sus filiales y\/o delegados.<\/span><\/p>\t\t\t\t\t\t\t\t<\/div>\n\t\t\t\t<\/div>\n\t\t\t\t\t<\/div>\n\t\t\t\t<\/div>\n\t\t<div class=\"elementor-element elementor-element-d10c6f8 e-flex e-con-boxed e-con e-parent\" data-id=\"d10c6f8\" data-element_type=\"container\">\n\t\t\t\t\t<div class=\"e-con-inner\">\n\t\t\t\t<div class=\"elementor-element elementor-element-f27fb98 elementor-widget elementor-widget-heading\" data-id=\"f27fb98\" data-element_type=\"widget\" data-widget_type=\"heading.default\">\n\t\t\t\t<div class=\"elementor-widget-container\">\n\t\t\t\t\t<h3 class=\"elementor-heading-title elementor-size-default\">Datos personales\u00a0<\/h3>\t\t\t\t<\/div>\n\t\t\t\t<\/div>\n\t\t\t\t\t<\/div>\n\t\t\t\t<\/div>\n\t\t<div class=\"elementor-element elementor-element-b2e8621 e-flex e-con-boxed e-con e-parent\" data-id=\"b2e8621\" data-element_type=\"container\">\n\t\t\t\t\t<div class=\"e-con-inner\">\n\t\t\t\t<div class=\"elementor-element elementor-element-bd264a2 elementor-widget elementor-widget-text-editor\" data-id=\"bd264a2\" data-element_type=\"widget\" data-widget_type=\"text-editor.default\">\n\t\t\t\t<div class=\"elementor-widget-container\">\n\t\t\t\t\t\t\t\t\t<p><span style=\"font-weight: 400;\">En virtud de sus interacciones con nosotros y de que nos facilite informaci\u00f3n personal de personas relacionadas con usted (incluidos, por ejemplo, directores, fideicomisarios, empleados, representantes, accionistas, inversores, clientes, beneficiarios efectivos o agentes), determinada informaci\u00f3n personal que nos facilite puede constituir datos personales en el sentido de la LOD (\u201c<\/span><b>Datos personales<\/b><span style=\"font-weight: 400;\">\u201d). Tambi\u00e9n podemos obtener Datos Personales de otras fuentes p\u00fablicas. Los Datos Personales incluyen, sin limitaci\u00f3n, la siguiente informaci\u00f3n relativa a usted y\/o a cualquier persona relacionada con usted: nombre, direcci\u00f3n residencial, direcci\u00f3n de correo electr\u00f3nico, datos de contacto, informaci\u00f3n de contacto de la empresa, firma, nacionalidad, lugar de nacimiento, fecha de nacimiento, identificaci\u00f3n fiscal, historial de cr\u00e9dito, registros de correspondencia, n\u00famero de pasaporte, detalles de la cuenta bancaria, detalles de la fuente de fondos y detalles relativos a su actividad de inversi\u00f3n.\u00a0<\/span><\/p><p><span style=\"font-weight: 400;\">En nuestro uso de los Datos Personales, Lynk puede ser caracterizado como un \u201ccontrolador de datos\u201d a los efectos de la DPL. Adem\u00e1s, nosotros o los afiliados y delegados de nuestros fondos podemos actuar como \u2019procesadores de datos\u201c a efectos de la LPD.\u00a0<\/span><\/p><h4><b>A qui\u00e9n afecta\u00a0<\/b><\/h4><p><span style=\"font-weight: 400;\">Si usted es una persona f\u00edsica, esto le afectar\u00e1 directamente. Si es usted un inversor corporativo que nos facilita Datos Personales de personas f\u00edsicas relacionadas con usted por cualquier motivo en relaci\u00f3n con sus tratos con nosotros, esto ser\u00e1 relevante para dichas personas f\u00edsicas y deber\u00e1 transmitir este documento a dichas personas f\u00edsicas o informarles de otro modo de su contenido.\u00a0<\/span><\/p><h4><b>C\u00f3mo podemos utilizar sus datos <\/b><b>Datos personales\u00a0<\/b><\/h4><p><span style=\"font-weight: 400;\">Lynk, como controlador de datos, puede recopilar, almacenar y utilizar Datos Personales para fines legales, incluyendo, en particular:\u00a0<\/span><\/p><ul><li><b>(i)<\/b><span style=\"font-weight: 400;\">\u00a0Cuando sea necesario para el cumplimiento de nuestros derechos y obligaciones en virtud de nuestros acuerdos con usted, incluidos, entre otros, los descritos en los Documentos del Programa pertinentes, incluidos, entre otros, los Contratos de Suscripci\u00f3n, las Condiciones y\/u otros documentos constitucionales y operativos.\u00a0<\/span><\/li><li><b>(ii)<\/b><span style=\"font-weight: 400;\">\u00a0\u00a0Cuando sea necesario para el cumplimiento de una obligaci\u00f3n legal y reglamentaria a la que estemos sujetos (como el cumplimiento de los requisitos contra el blanqueo de capitales); y\/o\u00a0<\/span><\/li><li><b>(iii)\u00a0<\/b><span style=\"font-weight: 400;\">\u00a0Cuando sea necesario a efectos de nuestros intereses leg\u00edtimos y dichos intereses no prevalezcan sobre sus intereses, derechos fundamentales o libertades.\u00a0<\/span><\/li><\/ul><p><span style=\"font-weight: 400;\">Nuestros proveedores de servicios podr\u00e1n utilizar los Datos Personales, por ejemplo, para prestar sus servicios o para cumplir los requisitos legales o reglamentarios que se le apliquen directamente, pero dicho uso de los Datos Personales por parte del Administrador ser\u00e1 compatible con al menos uno de los fines antes mencionados para los que tratamos los Datos Personales.\u00a0<\/span><\/p><p><span style=\"font-weight: 400;\">Si deseamos utilizar los Datos de los inversores para otros fines espec\u00edficos (incluido, si procede, cualquier fin que requiera su consentimiento), nos pondremos en contacto con usted.\u00a0<\/span><\/p><h4><b>Por qu\u00e9 podemos transferir sus datos personales<\/b><\/h4><p><span style=\"font-weight: 400;\">En determinadas circunstancias, nosotros y\/o nuestras filiales o delegados autorizados podemos estar legalmente obligados a compartir Datos Personales y otra informaci\u00f3n con las autoridades reguladoras pertinentes, como la Autoridad Monetaria de las Islas Caim\u00e1n o la Autoridad de Informaci\u00f3n Fiscal. \u00c9stas, a su vez, pueden intercambiar esta informaci\u00f3n con autoridades extranjeras, incluidas las autoridades fiscales.\u00a0<\/span><\/p><p><span style=\"font-weight: 400;\">Prevemos la divulgaci\u00f3n de datos personales a las partes que prestan servicios y a sus respectivas filiales (que pueden incluir determinadas entidades situadas fuera de las Islas Caim\u00e1n o del Espacio Econ\u00f3mico Europeo), que tratar\u00e1n sus datos personales en nuestro nombre. Dichas partes pueden incluir, en la medida en que sea aplicable:\u00a0<\/span><\/p><ul><li><b>(i)\u00a0<\/b><span style=\"font-weight: 400;\">\u00a0Custodios, administrador y\/o subadministrador, seg\u00fan lo establecido en los documentos del programa; y\u00a0<\/span><\/li><li><b>(ii)<\/b><span style=\"font-weight: 400;\"> \u00a0Asesores de inversi\u00f3n, contables, auditores, depositarios, depositarios, asesores financieros, abogados y otros asesores profesionales externos del Fondo.<\/span><\/li><\/ul>\t\t\t\t\t\t\t\t<\/div>\n\t\t\t\t<\/div>\n\t\t\t\t\t<\/div>\n\t\t\t\t<\/div>\n\t\t<div class=\"elementor-element elementor-element-24edb3b e-flex e-con-boxed e-con e-parent\" data-id=\"24edb3b\" data-element_type=\"container\">\n\t\t\t\t\t<div class=\"e-con-inner\">\n\t\t\t\t<div class=\"elementor-element elementor-element-3a03464 elementor-widget elementor-widget-heading\" data-id=\"3a03464\" data-element_type=\"widget\" data-widget_type=\"heading.default\">\n\t\t\t\t<div class=\"elementor-widget-container\">\n\t\t\t\t\t<h3 class=\"elementor-heading-title elementor-size-default\">Las medidas de protecci\u00f3n de datos que tomamos<\/h3>\t\t\t\t<\/div>\n\t\t\t\t<\/div>\n\t\t\t\t\t<\/div>\n\t\t\t\t<\/div>\n\t\t<div class=\"elementor-element elementor-element-19d194f e-flex e-con-boxed e-con e-parent\" data-id=\"19d194f\" data-element_type=\"container\">\n\t\t\t\t\t<div class=\"e-con-inner\">\n\t\t\t\t<div class=\"elementor-element elementor-element-77e2d82 elementor-widget elementor-widget-text-editor\" data-id=\"77e2d82\" data-element_type=\"widget\" data-widget_type=\"text-editor.default\">\n\t\t\t\t<div class=\"elementor-widget-container\">\n\t\t\t\t\t\t\t\t\t<p><span style=\"font-weight: 400;\">Cualquier transferencia de Datos Personales por nuestra parte o por parte de nuestras filiales y\/o delegados debidamente autorizados fuera de las Islas Caim\u00e1n se realizar\u00e1 de conformidad con los requisitos de la RDP.\u00a0<\/span><\/p><p><span style=\"font-weight: 400;\">Nosotros y nuestros afiliados y\/o delegados debidamente autorizados aplicaremos las medidas de seguridad de la informaci\u00f3n t\u00e9cnicas y organizativas apropiadas, dise\u00f1adas para proteger contra el tratamiento no autorizado o ilegal de los Datos de los Inversores, y contra la p\u00e9rdida o destrucci\u00f3n accidental de los Datos de los Inversores, o el da\u00f1o a los mismos.\u00a0<\/span><\/p><p><span style=\"font-weight: 400;\">Le notificaremos cualquier violaci\u00f3n de los datos de los inversores que pueda suponer un riesgo para los intereses, derechos fundamentales o libertades de usted o de los interesados a los que se refieran los datos de los inversores en cuesti\u00f3n.<\/span><\/p>\t\t\t\t\t\t\t\t<\/div>\n\t\t\t\t<\/div>\n\t\t\t\t\t<\/div>\n\t\t\t\t<\/div>\n\t\t<div class=\"elementor-element elementor-element-c981c1e e-flex e-con-boxed e-con e-parent\" data-id=\"c981c1e\" data-element_type=\"container\">\n\t\t\t\t\t<div class=\"e-con-inner\">\n\t\t\t\t<div class=\"elementor-element elementor-element-3958d40 elementor-widget elementor-widget-heading\" data-id=\"3958d40\" data-element_type=\"widget\" data-widget_type=\"heading.default\">\n\t\t\t\t<div class=\"elementor-widget-container\">\n\t\t\t\t\t<h3 class=\"elementor-heading-title elementor-size-default\">C\u00f3mo ponerse en contacto\u00a0<\/h3>\t\t\t\t<\/div>\n\t\t\t\t<\/div>\n\t\t\t\t\t<\/div>\n\t\t\t\t<\/div>\n\t\t<div class=\"elementor-element elementor-element-8cd48fb e-flex e-con-boxed e-con e-parent\" data-id=\"8cd48fb\" data-element_type=\"container\">\n\t\t\t\t\t<div class=\"e-con-inner\">\n\t\t\t\t<div class=\"elementor-element elementor-element-3f22e12 elementor-widget elementor-widget-text-editor\" data-id=\"3f22e12\" data-element_type=\"widget\" data-widget_type=\"text-editor.default\">\n\t\t\t\t<div class=\"elementor-widget-container\">\n\t\t\t\t\t\t\t\t\t<p><span style=\"font-weight: 400;\">Si tiene alguna duda o desea hablar con nosotros sobre sus derechos en materia de protecci\u00f3n de datos, env\u00ede un correo electr\u00f3nico a\u00a0<\/span><a href=\"mailto:Lynk.data@lynkcm.com\"><span style=\"font-weight: 400;\">Lynk.data@Lynkcm.com<\/span><\/a><\/p>\t\t\t\t\t\t\t\t<\/div>\n\t\t\t\t<\/div>\n\t\t\t\t\t<\/div>\n\t\t\t\t<\/div>\n\t\t\t\t<\/div>","protected":false},"excerpt":{"rendered":"<p>Datos personales y aviso de privacidad Introducci\u00f3n El objetivo de este [...]<\/p>","protected":false},"author":2,"featured_media":0,"parent":0,"menu_order":4,"comment_status":"closed","ping_status":"closed","template":"","meta":{"footnotes":""},"class_list":["post-1589","page","type-page","status-publish","hentry"],"yoast_head":"<!-- This site is optimized with the Yoast SEO plugin v26.5 - https:\/\/yoast.com\/wordpress\/plugins\/seo\/ -->\n<title>Terms and conditions - Lynk Markets<\/title>\n<meta name=\"robots\" content=\"index, follow, max-snippet:-1, max-image-preview:large, max-video-preview:-1\" \/>\n<link rel=\"canonical\" href=\"https:\/\/lynkcm.com\/es\/terms-and-conditions-2\/\" \/>\n<meta property=\"og:locale\" content=\"es_ES\" \/>\n<meta property=\"og:type\" content=\"article\" \/>\n<meta property=\"og:title\" content=\"Terms and conditions - Lynk Markets\" \/>\n<meta property=\"og:description\" content=\"Personal Data and Privacy Notice Introduction The purpose of this [&hellip;]\" \/>\n<meta property=\"og:url\" content=\"https:\/\/lynkcm.com\/es\/terms-and-conditions-2\/\" \/>\n<meta property=\"og:site_name\" content=\"Lynk Markets\" \/>\n<meta property=\"article:publisher\" content=\"https:\/\/www.facebook.com\/profile.php?id=100089224225885\" \/>\n<meta property=\"article:modified_time\" content=\"2024-08-01T17:46:47+00:00\" \/>\n<meta name=\"twitter:card\" content=\"summary_large_image\" \/>\n<meta name=\"twitter:site\" content=\"@CapitalLynk\" \/>\n<meta name=\"twitter:label1\" content=\"Tiempo de lectura\" \/>\n\t<meta name=\"twitter:data1\" content=\"4 minutos\" \/>\n<script type=\"application\/ld+json\" class=\"yoast-schema-graph\">{\"@context\":\"https:\/\/schema.org\",\"@graph\":[{\"@type\":\"WebPage\",\"@id\":\"https:\/\/lynkcm.com\/terms-and-conditions-2\",\"url\":\"https:\/\/lynkcm.com\/terms-and-conditions-2\",\"name\":\"Terms and conditions - Lynk Markets\",\"isPartOf\":{\"@id\":\"https:\/\/lynkcm.com\/#website\"},\"datePublished\":\"2024-03-11T11:47:33+00:00\",\"dateModified\":\"2024-08-01T17:46:47+00:00\",\"breadcrumb\":{\"@id\":\"https:\/\/lynkcm.com\/terms-and-conditions-2#breadcrumb\"},\"inLanguage\":\"es\",\"potentialAction\":[{\"@type\":\"ReadAction\",\"target\":[\"https:\/\/lynkcm.com\/terms-and-conditions-2\"]}]},{\"@type\":\"BreadcrumbList\",\"@id\":\"https:\/\/lynkcm.com\/terms-and-conditions-2#breadcrumb\",\"itemListElement\":[{\"@type\":\"ListItem\",\"position\":1,\"name\":\"Home\",\"item\":\"https:\/\/lynkcm.com\/\"},{\"@type\":\"ListItem\",\"position\":2,\"name\":\"Terms and conditions\"}]},{\"@type\":\"WebSite\",\"@id\":\"https:\/\/lynkcm.com\/#website\",\"url\":\"https:\/\/lynkcm.com\/\",\"name\":\"Lynk Capital Markets\",\"description\":\"One stop solution for portfolio strategies and alternative investments\",\"publisher\":{\"@id\":\"https:\/\/lynkcm.com\/#organization\"},\"potentialAction\":[{\"@type\":\"SearchAction\",\"target\":{\"@type\":\"EntryPoint\",\"urlTemplate\":\"https:\/\/lynkcm.com\/?s={search_term_string}\"},\"query-input\":{\"@type\":\"PropertyValueSpecification\",\"valueRequired\":true,\"valueName\":\"search_term_string\"}}],\"inLanguage\":\"es\"},{\"@type\":\"Organization\",\"@id\":\"https:\/\/lynkcm.com\/#organization\",\"name\":\"Lynk Capital Markets\",\"url\":\"https:\/\/lynkcm.com\/\",\"logo\":{\"@type\":\"ImageObject\",\"inLanguage\":\"es\",\"@id\":\"https:\/\/lynkcm.com\/#\/schema\/logo\/image\/\",\"url\":\"https:\/\/lynkcm.com\/wp-content\/uploads\/2024\/02\/lynk-logo.svg\",\"contentUrl\":\"https:\/\/lynkcm.com\/wp-content\/uploads\/2024\/02\/lynk-logo.svg\",\"width\":1907,\"height\":1010,\"caption\":\"Lynk Capital Markets\"},\"image\":{\"@id\":\"https:\/\/lynkcm.com\/#\/schema\/logo\/image\/\"},\"sameAs\":[\"https:\/\/www.facebook.com\/profile.php?id=100089224225885\",\"https:\/\/x.com\/CapitalLynk\",\"https:\/\/www.linkedin.com\/company\/lynk-capital-markets\/\"]}]}<\/script>\n<!-- \/ Yoast SEO plugin. -->","yoast_head_json":{"title":"Condiciones generales - Lynk Markets","robots":{"index":"index","follow":"follow","max-snippet":"max-snippet:-1","max-image-preview":"max-image-preview:large","max-video-preview":"max-video-preview:-1"},"canonical":"https:\/\/lynkcm.com\/es\/terms-and-conditions-2\/","og_locale":"es_ES","og_type":"article","og_title":"Terms and conditions - Lynk Markets","og_description":"Personal Data and Privacy Notice Introduction The purpose of this [&hellip;]","og_url":"https:\/\/lynkcm.com\/es\/terms-and-conditions-2\/","og_site_name":"Lynk Markets","article_publisher":"https:\/\/www.facebook.com\/profile.php?id=100089224225885","article_modified_time":"2024-08-01T17:46:47+00:00","twitter_card":"summary_large_image","twitter_site":"@CapitalLynk","twitter_misc":{"Tiempo de lectura":"4 minutos"},"schema":{"@context":"https:\/\/schema.org","@graph":[{"@type":"WebPage","@id":"https:\/\/lynkcm.com\/terms-and-conditions-2","url":"https:\/\/lynkcm.com\/terms-and-conditions-2","name":"Condiciones generales - Lynk Markets","isPartOf":{"@id":"https:\/\/lynkcm.com\/#website"},"datePublished":"2024-03-11T11:47:33+00:00","dateModified":"2024-08-01T17:46:47+00:00","breadcrumb":{"@id":"https:\/\/lynkcm.com\/terms-and-conditions-2#breadcrumb"},"inLanguage":"es","potentialAction":[{"@type":"ReadAction","target":["https:\/\/lynkcm.com\/terms-and-conditions-2"]}]},{"@type":"BreadcrumbList","@id":"https:\/\/lynkcm.com\/terms-and-conditions-2#breadcrumb","itemListElement":[{"@type":"ListItem","position":1,"name":"Home","item":"https:\/\/lynkcm.com\/"},{"@type":"ListItem","position":2,"name":"Terms and conditions"}]},{"@type":"WebSite","@id":"https:\/\/lynkcm.com\/#website","url":"https:\/\/lynkcm.com\/","name":"Lynk Capital Markets","description":"Una soluci\u00f3n integral para estrategias de cartera e inversiones alternativas","publisher":{"@id":"https:\/\/lynkcm.com\/#organization"},"potentialAction":[{"@type":"SearchAction","target":{"@type":"EntryPoint","urlTemplate":"https:\/\/lynkcm.com\/?s={search_term_string}"},"query-input":{"@type":"PropertyValueSpecification","valueRequired":true,"valueName":"search_term_string"}}],"inLanguage":"es"},{"@type":"Organization","@id":"https:\/\/lynkcm.com\/#organization","name":"Lynk Capital Markets","url":"https:\/\/lynkcm.com\/","logo":{"@type":"ImageObject","inLanguage":"es","@id":"https:\/\/lynkcm.com\/#\/schema\/logo\/image\/","url":"https:\/\/lynkcm.com\/wp-content\/uploads\/2024\/02\/lynk-logo.svg","contentUrl":"https:\/\/lynkcm.com\/wp-content\/uploads\/2024\/02\/lynk-logo.svg","width":1907,"height":1010,"caption":"Lynk Capital Markets"},"image":{"@id":"https:\/\/lynkcm.com\/#\/schema\/logo\/image\/"},"sameAs":["https:\/\/www.facebook.com\/profile.php?id=100089224225885","https:\/\/x.com\/CapitalLynk","https:\/\/www.linkedin.com\/company\/lynk-capital-markets\/"]}]}},"_links":{"self":[{"href":"https:\/\/lynkcm.com\/es\/wp-json\/wp\/v2\/pages\/1589","targetHints":{"allow":["GET"]}}],"collection":[{"href":"https:\/\/lynkcm.com\/es\/wp-json\/wp\/v2\/pages"}],"about":[{"href":"https:\/\/lynkcm.com\/es\/wp-json\/wp\/v2\/types\/page"}],"author":[{"embeddable":true,"href":"https:\/\/lynkcm.com\/es\/wp-json\/wp\/v2\/users\/2"}],"replies":[{"embeddable":true,"href":"https:\/\/lynkcm.com\/es\/wp-json\/wp\/v2\/comments?post=1589"}],"version-history":[{"count":10,"href":"https:\/\/lynkcm.com\/es\/wp-json\/wp\/v2\/pages\/1589\/revisions"}],"predecessor-version":[{"id":1601,"href":"https:\/\/lynkcm.com\/es\/wp-json\/wp\/v2\/pages\/1589\/revisions\/1601"}],"wp:attachment":[{"href":"https:\/\/lynkcm.com\/es\/wp-json\/wp\/v2\/media?parent=1589"}],"curies":[{"name":"wp","href":"https:\/\/api.w.org\/{rel}","templated":true}]}}